{"id":12092,"date":"2024-10-28T20:01:05","date_gmt":"2024-10-28T20:01:05","guid":{"rendered":"https:\/\/puregrowshop.com\/tres-algas-solido-5-kg-trabe\/"},"modified":"2025-12-27T20:28:45","modified_gmt":"2025-12-27T20:28:45","slug":"tres-algas-solido-5-kg-trabe","status":"publish","type":"product","link":"https:\/\/puregrowshop.com\/fr\/tres-algas-solido-5-kg-trabe\/","title":{"rendered":"Tres Algas Solido 5 Kg. Trabe"},"content":{"rendered":"<p>Macrocystis pyrifera es una macroalga t\u00edpica de fondos rocosos, donde forma mantos densos sobre grandes extensiones, conocida como \u201cSargazo gigante\u201d, se desarrolla en aguas limpias del Pac\u00edfico, al igual que Laminaria bongardiana otro tipo de alga marr\u00f3n donde es muy com\u00fan.<\/p>\n<p>Ascophylum nodosum es t\u00edpica de los mares del norte de Europa, donde las aguas cristalinas y bien oxigenadas permiten obtener un producto de m\u00e1xima calidad.<\/p>\n<p>La mezcla de estos tres tipos de algas presentes en TRESALGAS floraci\u00f3n permite garantizar una excepcional riqueza en nutrientes, minerales traza, carbohidratos y promotores del desarrollo vegetal en forma de fitohormonas vegetales. TRESALGAS floraci\u00f3n presenta 14 vitaminas, incluida la vitamina B12 no encontrada en plantas terrestres.<\/p>\n<p>APLICACI\u00d3N:<\/p>\n<p>En aplicaciones foliares. Se puede mezclar con otros productos. No precisa plazo de seguridad. No t\u00f3xico.<\/p>\n<p>COMPOSICI\u00d3N:<\/p>\n<p>Algas marinas 30%<br \/>Prop\u00f3leo (Conservante) 3%<br \/>Citoquininas y Giberelinas: m\u00ednimo 200 ppm garantizado.<\/p>\n<p>DOSIFICACI\u00d3N:<\/p>\n<p>0,2 %.<\/p>\n","protected":false},"excerpt":{"rendered":"<p>Hace tiempo que se conocen las propiedades de las algas en cultivos intensivos, buscando alto rendimiento y calidad; TRABE ha realizado una selecci\u00f3n de algas que tras su procesado permiten reunir gran cantidad de macro, microelementos y amino\u00e1cidos<\/p>\n","protected":false},"featured_media":10857,"comment_status":"open","ping_status":"closed","template":"","meta":{"_bst_post_transparent":"","_bst_post_title":"","_bst_post_layout":"","_bst_post_sidebar_id":"","_bst_post_content_style":"","_bst_post_vertical_padding":"","_bst_post_feature":"","_bst_post_feature_position":"","_bst_post_header":false,"_bst_post_footer":false},"pwb-brand":[159],"product_brand":[],"product_cat":[39],"product_tag":[],"class_list":{"0":"post-12092","1":"product","2":"type-product","3":"status-publish","4":"has-post-thumbnail","6":"pwb-brand-trabe","7":"product_cat-fertilizantes","9":"first","10":"instock","11":"sale","12":"taxable","13":"shipping-taxable","14":"purchasable","15":"product-type-simple","16":"entry","17":"content-bg","18":"loop-entry"},"brands":[{"id":159,"name":"Trabe","slug":"trabe"}],"_links":{"self":[{"href":"https:\/\/puregrowshop.com\/fr\/wp-json\/wp\/v2\/product\/12092","targetHints":{"allow":["GET"]}}],"collection":[{"href":"https:\/\/puregrowshop.com\/fr\/wp-json\/wp\/v2\/product"}],"about":[{"href":"https:\/\/puregrowshop.com\/fr\/wp-json\/wp\/v2\/types\/product"}],"replies":[{"embeddable":true,"href":"https:\/\/puregrowshop.com\/fr\/wp-json\/wp\/v2\/comments?post=12092"}],"wp:featuredmedia":[{"embeddable":true,"href":"https:\/\/puregrowshop.com\/fr\/wp-json\/wp\/v2\/media\/10857"}],"wp:attachment":[{"href":"https:\/\/puregrowshop.com\/fr\/wp-json\/wp\/v2\/media?parent=12092"}],"wp:term":[{"taxonomy":"pwb-brand","embeddable":true,"href":"https:\/\/puregrowshop.com\/fr\/wp-json\/wp\/v2\/pwb-brand?post=12092"},{"taxonomy":"product_brand","embeddable":true,"href":"https:\/\/puregrowshop.com\/fr\/wp-json\/wp\/v2\/product_brand?post=12092"},{"taxonomy":"product_cat","embeddable":true,"href":"https:\/\/puregrowshop.com\/fr\/wp-json\/wp\/v2\/product_cat?post=12092"},{"taxonomy":"product_tag","embeddable":true,"href":"https:\/\/puregrowshop.com\/fr\/wp-json\/wp\/v2\/product_tag?post=12092"}],"curies":[{"name":"wp","href":"https:\/\/api.w.org\/{rel}","templated":true}]}}