{"id":12091,"date":"2024-10-28T20:01:05","date_gmt":"2024-10-28T20:01:05","guid":{"rendered":"https:\/\/puregrowshop.com\/cck-amino-250-ml-trabe\/"},"modified":"2025-12-27T20:08:32","modified_gmt":"2025-12-27T20:08:32","slug":"cck-amino-250-ml-trabe","status":"publish","type":"product","link":"https:\/\/puregrowshop.com\/fr\/cck-amino-250-ml-trabe\/","title":{"rendered":"CCK (amino)  250 ml. Trabe"},"content":{"rendered":"<p>Presentamos el &quot;CCK (amino) 250 ml. Trabe&quot;, un fertilizante de alta calidad dise\u00f1ado para potenciar el crecimiento y la salud de sus plantas. Este producto es imprescindible para cualquier jardinero o agricultor que busque optimizar su cosecha con un aporte balanceado de nutrientes esenciales.<\/p>\n<ul>\n<li>Peso: 1.4 kg<\/li>\n<li>Categor\u00eda: Fertilizantes<\/li>\n<li>Volumen: 250 ml<\/li>\n<li>F\u00f3rmula rica en amino\u00e1cidos<\/li>\n<\/ul>\n<p>El &quot;CCK (amino) 250 ml. Trabe&quot; ofrece m\u00faltiples beneficios, promoviendo un crecimiento vigoroso y saludable de las plantas. Gracias a su f\u00f3rmula enriquecida, mejora la absorci\u00f3n de nutrientes y fortalece el sistema inmunol\u00f3gico vegetal, aumentando la resistencia contra enfermedades y condiciones adversas. Es ideal tanto para cultivos de interior como exterior.<\/p>\n<p>Su composici\u00f3n incluye una alta concentraci\u00f3n de amino\u00e1cidos, vitales para la s\u00edntesis de prote\u00ednas y el desarrollo celular. Estos componentes act\u00faan como catalizadores en los procesos metab\u00f3licos, optimizando la eficiencia de otros nutrientes.<\/p>\n<p>Para su uso, diluir 5 ml de producto en 1 litro de agua y aplicar cada 15 d\u00edas. Aseg\u00farese de agitar bien antes de usar y evitar el contacto directo con las hojas en horas de alta radiaci\u00f3n solar. Con &quot;CCK (amino) 250 ml. Trabe&quot;, sus plantas recibir\u00e1n el cuidado y nutrici\u00f3n que merecen, garantizando resultados visibles y satisfactorios.<\/p>\n","protected":false},"excerpt":{"rendered":"<p>Eficacia 100% contra: Mosca blanca, Ara\u00f1a roja, Trips, Cochinillas y Pulgones.<\/p>\n<p>Aplicaci\u00f3n en: Cultivo de hortalizas, frutales y plantas ornamentales bajo pl\u00e1stico y aire libre.<\/p>\n<p>No t\u00f3xico: El tratamiento con Amino CCK es totalmente biol\u00f3gico y no t\u00f3xico.<\/p>\n<p>Tiempo de seguridad: \u00a1NULO! (0)<\/p>\n<p>Medio Ambiente: Los productos Amino CCK no influyen negativamente en el suelo, aire o aguas subterr\u00e1neas, plantas o animales.Cient\u00edficos daneses y americanos avalan que los productos, por su naturaleza, no da\u00f1an al medio ambiente y se descomponen r\u00e1pidamente convirti\u00e9ndose en carbonatos.<\/p>\n<p>Almacenamiento: Al no afectar al medio ambiente ni a seres vivos y no ser inflamable, presentan grandes ventajas en su almacenamiento y manipulaci\u00f3n.<\/p>\n<p>No crea resistencias: Al tener un efecto de funcionamiento mec\u00e1nico destruyendo la capa protectora del insecto y no por medio de flancos gen\u00e9ticos como los insecticidas qu\u00edmicos actuales, Amino CCK impide que los insectos desarrollen sus resistencias.<\/p>\n<p>DOSIS<\/p>\n<p>10 ml \/ litro de agua.<\/p>\n<p>PRECAUCI\u00d3N<\/p>\n<p>Al mezclar otros productos fitosanitarios con Amino CCK puede ser necesario disminuir la dosis recomendada de estos.<\/p>\n<p>COMPATIBILIDAD<\/p>\n<p>No se recomienda combinar con productos que potencien su acci\u00f3n, ni con azufre.<\/p>\n<p>MODO DE EMPLEO<\/p>\n<p>El modo de tratamiento es el tradicional: equipos de presi\u00f3n alta y bajo volumen. Este producto es eficaz en estado l\u00edquido, con la necesidad de alcanzar f\u00edsicamente al insecto. Por tanto es importante realizar el tratamiento a trav\u00e9s de fumigaci\u00f3n, con visos de alcanzar la totalidad de la planta tratada (mojando las hojas por las dos caras), para que el resultado sea un 100%.<\/p>\n<p>COMPOSICI\u00d3N<\/p>\n<p>Sales pot\u00e1sicas de origen vegetal 42%.<\/p>\n","protected":false},"featured_media":10855,"comment_status":"open","ping_status":"closed","template":"","meta":{"_bst_post_transparent":"","_bst_post_title":"","_bst_post_layout":"","_bst_post_sidebar_id":"","_bst_post_content_style":"","_bst_post_vertical_padding":"","_bst_post_feature":"","_bst_post_feature_position":"","_bst_post_header":false,"_bst_post_footer":false},"pwb-brand":[159],"product_brand":[],"product_cat":[39],"product_tag":[],"class_list":{"0":"post-12091","1":"product","2":"type-product","3":"status-publish","4":"has-post-thumbnail","6":"pwb-brand-trabe","7":"product_cat-fertilizantes","9":"first","10":"instock","11":"sale","12":"taxable","13":"shipping-taxable","14":"purchasable","15":"product-type-simple","16":"entry","17":"content-bg","18":"loop-entry"},"brands":[{"id":159,"name":"Trabe","slug":"trabe"}],"_links":{"self":[{"href":"https:\/\/puregrowshop.com\/fr\/wp-json\/wp\/v2\/product\/12091","targetHints":{"allow":["GET"]}}],"collection":[{"href":"https:\/\/puregrowshop.com\/fr\/wp-json\/wp\/v2\/product"}],"about":[{"href":"https:\/\/puregrowshop.com\/fr\/wp-json\/wp\/v2\/types\/product"}],"replies":[{"embeddable":true,"href":"https:\/\/puregrowshop.com\/fr\/wp-json\/wp\/v2\/comments?post=12091"}],"wp:featuredmedia":[{"embeddable":true,"href":"https:\/\/puregrowshop.com\/fr\/wp-json\/wp\/v2\/media\/10855"}],"wp:attachment":[{"href":"https:\/\/puregrowshop.com\/fr\/wp-json\/wp\/v2\/media?parent=12091"}],"wp:term":[{"taxonomy":"pwb-brand","embeddable":true,"href":"https:\/\/puregrowshop.com\/fr\/wp-json\/wp\/v2\/pwb-brand?post=12091"},{"taxonomy":"product_brand","embeddable":true,"href":"https:\/\/puregrowshop.com\/fr\/wp-json\/wp\/v2\/product_brand?post=12091"},{"taxonomy":"product_cat","embeddable":true,"href":"https:\/\/puregrowshop.com\/fr\/wp-json\/wp\/v2\/product_cat?post=12091"},{"taxonomy":"product_tag","embeddable":true,"href":"https:\/\/puregrowshop.com\/fr\/wp-json\/wp\/v2\/product_tag?post=12091"}],"curies":[{"name":"wp","href":"https:\/\/api.w.org\/{rel}","templated":true}]}}