{"id":12088,"date":"2024-10-28T20:01:04","date_gmt":"2024-10-28T20:01:04","guid":{"rendered":"https:\/\/puregrowshop.com\/propolix-250-ml-trabe\/"},"modified":"2025-12-27T20:08:32","modified_gmt":"2025-12-27T20:08:32","slug":"propolix-250-ml-trabe","status":"publish","type":"product","link":"https:\/\/puregrowshop.com\/fr\/propolix-250-ml-trabe\/","title":{"rendered":"Propolix  250 ml. Trabe"},"content":{"rendered":"<p>COMPOSICI\u00d3N<br \/>   Prop\u00f3leo de origen natural de la m\u00e1xima calidad y totalmente certificado 100 %.<\/p>\n<p>INDICACIONES<br \/>   Aumento de las defensas naturales de la planta, induce mayor resistencia frente a agresiones externas por<br \/>organismos fitopat\u00f3genos. PROPOLIX\u00ae es un regenerador natural de tejidos, por lo que se recomienda su aplicaci\u00f3n despu\u00e9s de los cortes aplicados en la planta para la obtenci\u00f3n de material vegetal propagado. Recomendado como preventivo tanto para plantas de exterior como en cultivos de interior.<\/p>\n<p>DOSIFICACI\u00d3N<br \/>   A) Aplicaci\u00f3n foliar: 2-3ml PROPOLIX\u00ae \/ litro de agua.<br \/>   B) Incorporado en el riego: 1-2 ml PROPOLIX\u00ae \/ litro de agua.<br \/>   C) De forma curativa para O\u00eddio: 10 ml \/ litro de agua. Repetir tratamiento seg\u00fan necesidad.<\/p>\n<p>PRESENTACIONES <br \/>   30 ml en expositor y 250 ml.<\/p>\n","protected":false},"excerpt":{"rendered":"<p>El Prop\u00f3leo es un producto elaborado por las abejas, lo colocan a la entrada de la colmena, con el fin de sellar todas las fisuras y evitar la entrada o presencia de cualquier par\u00e1sito o enfermedad.<br \/>   &#8211; Posee ropiedades bacteriost\u00e1ticas, bactericidas y fungicidas.<br \/>   &#8211; Estimula los procesos bioqu\u00edmicos gracias a su complejo vitam\u00ednico, grupos B, C y E, que permanecen intactos tras su minucioso proceso de elaboraci\u00f3n.<br \/>   &#8211; Mejora el rendimiento de los cultivos y estimula las defensas naturales de la planta contra enfermedades de origen f\u00fangico y\/o bacteriano.<br \/>   &#8211; Es eficaz contra Oidio, Fusarium, Botrytis, Altermar\u00eda, etc.<\/p>\n","protected":false},"featured_media":10849,"comment_status":"open","ping_status":"closed","template":"","meta":{"_bst_post_transparent":"","_bst_post_title":"","_bst_post_layout":"","_bst_post_sidebar_id":"","_bst_post_content_style":"","_bst_post_vertical_padding":"","_bst_post_feature":"","_bst_post_feature_position":"","_bst_post_header":false,"_bst_post_footer":false},"pwb-brand":[159],"product_brand":[],"product_cat":[39],"product_tag":[],"class_list":{"0":"post-12088","1":"product","2":"type-product","3":"status-publish","4":"has-post-thumbnail","6":"pwb-brand-trabe","7":"product_cat-fertilizantes","9":"first","10":"instock","11":"sale","12":"taxable","13":"shipping-taxable","14":"purchasable","15":"product-type-simple","16":"entry","17":"content-bg","18":"loop-entry"},"brands":[{"id":159,"name":"Trabe","slug":"trabe"}],"_links":{"self":[{"href":"https:\/\/puregrowshop.com\/fr\/wp-json\/wp\/v2\/product\/12088","targetHints":{"allow":["GET"]}}],"collection":[{"href":"https:\/\/puregrowshop.com\/fr\/wp-json\/wp\/v2\/product"}],"about":[{"href":"https:\/\/puregrowshop.com\/fr\/wp-json\/wp\/v2\/types\/product"}],"replies":[{"embeddable":true,"href":"https:\/\/puregrowshop.com\/fr\/wp-json\/wp\/v2\/comments?post=12088"}],"wp:featuredmedia":[{"embeddable":true,"href":"https:\/\/puregrowshop.com\/fr\/wp-json\/wp\/v2\/media\/10849"}],"wp:attachment":[{"href":"https:\/\/puregrowshop.com\/fr\/wp-json\/wp\/v2\/media?parent=12088"}],"wp:term":[{"taxonomy":"pwb-brand","embeddable":true,"href":"https:\/\/puregrowshop.com\/fr\/wp-json\/wp\/v2\/pwb-brand?post=12088"},{"taxonomy":"product_brand","embeddable":true,"href":"https:\/\/puregrowshop.com\/fr\/wp-json\/wp\/v2\/product_brand?post=12088"},{"taxonomy":"product_cat","embeddable":true,"href":"https:\/\/puregrowshop.com\/fr\/wp-json\/wp\/v2\/product_cat?post=12088"},{"taxonomy":"product_tag","embeddable":true,"href":"https:\/\/puregrowshop.com\/fr\/wp-json\/wp\/v2\/product_tag?post=12088"}],"curies":[{"name":"wp","href":"https:\/\/api.w.org\/{rel}","templated":true}]}}