{"id":12085,"date":"2024-10-28T20:01:04","date_gmt":"2024-10-28T20:01:04","guid":{"rendered":"https:\/\/puregrowshop.com\/neemapro-1-lt-andermatt-neemazal\/"},"modified":"2025-12-27T20:28:45","modified_gmt":"2025-12-27T20:28:45","slug":"neemapro-1-lt-andermatt-neemazal","status":"publish","type":"product","link":"https:\/\/puregrowshop.com\/fr\/neemapro-1-lt-andermatt-neemazal\/","title":{"rendered":"NeemaPro 1 lt. Andermatt (Neemazal)"},"content":{"rendered":"<p>MODO DE EMPLEO<\/p>\n<p>Aplicar en pulverizaci\u00f3n normal a 1,5 ml\/litro de agua. No utilizar en caldos con pH mayor a 7.<\/p>\n<p>PLAZO DE SEGURIDAD<\/p>\n<p>Entre la \u00faltima aplicaci\u00f3n y la recolecci\u00f3n han de transcurrir 3 d\u00edas.<\/p>\n","protected":false},"excerpt":{"rendered":"<p>Es un insecticida de origen vegetal de amplio espectro a base de Azadiractin, sustancia con propiedades insecticidas, mayoritaria y la m\u00e1s activa de entre las encontradas en las semillas de los frutos del \u00e1rbol del neem. Extracto puro de neem.<\/p>\n<p>Act\u00faa por ingesti\u00f3n y por contacto. Despu\u00e9s del tratamiento, NeemAzal T\/S\u00ae inhibe los procesos de muda y la alimentaci\u00f3n de las larvas lo que lleva a su muerte en pocos d\u00edas; los adultos, por su parte, tambi\u00e9n detienen su alimentaci\u00f3n, al tiempo que baja su fecundidad.<\/p>\n<p>Este particular modo de acci\u00f3n implica que el \u00e9xito de las aplicaciones de NeemAzal T\/S\u00ae dependa de la progresi\u00f3n y del ciclo de la plaga tratada. De este modo, en aquellas plagas que aparecen en momentos concretos, y de un modo sincronizado, una \u00fanica aplicaci\u00f3n por generaci\u00f3n puede ser suficiente, procurando que coincida con un m\u00e1ximo de formas larvarias incipientes, o de hembras fundatrices, como en el caso de los pulgones. En plagas con infestaci\u00f3n permanente, en la que se unen diferentes generaciones al mismo tiempo, ser\u00e1n necesarias aplicaciones repetidas con una cadencia de 5-7 d\u00edas.<\/p>\n","protected":false},"featured_media":10843,"comment_status":"open","ping_status":"closed","template":"","meta":{"_bst_post_transparent":"","_bst_post_title":"","_bst_post_layout":"","_bst_post_sidebar_id":"","_bst_post_content_style":"","_bst_post_vertical_padding":"","_bst_post_feature":"","_bst_post_feature_position":"","_bst_post_header":false,"_bst_post_footer":false},"pwb-brand":[159],"product_brand":[],"product_cat":[39],"product_tag":[],"class_list":{"0":"post-12085","1":"product","2":"type-product","3":"status-publish","4":"has-post-thumbnail","6":"pwb-brand-trabe","7":"product_cat-fertilizantes","9":"first","10":"instock","11":"sale","12":"taxable","13":"shipping-taxable","14":"purchasable","15":"product-type-simple","16":"entry","17":"content-bg","18":"loop-entry"},"brands":[{"id":159,"name":"Trabe","slug":"trabe"}],"_links":{"self":[{"href":"https:\/\/puregrowshop.com\/fr\/wp-json\/wp\/v2\/product\/12085","targetHints":{"allow":["GET"]}}],"collection":[{"href":"https:\/\/puregrowshop.com\/fr\/wp-json\/wp\/v2\/product"}],"about":[{"href":"https:\/\/puregrowshop.com\/fr\/wp-json\/wp\/v2\/types\/product"}],"replies":[{"embeddable":true,"href":"https:\/\/puregrowshop.com\/fr\/wp-json\/wp\/v2\/comments?post=12085"}],"wp:featuredmedia":[{"embeddable":true,"href":"https:\/\/puregrowshop.com\/fr\/wp-json\/wp\/v2\/media\/10843"}],"wp:attachment":[{"href":"https:\/\/puregrowshop.com\/fr\/wp-json\/wp\/v2\/media?parent=12085"}],"wp:term":[{"taxonomy":"pwb-brand","embeddable":true,"href":"https:\/\/puregrowshop.com\/fr\/wp-json\/wp\/v2\/pwb-brand?post=12085"},{"taxonomy":"product_brand","embeddable":true,"href":"https:\/\/puregrowshop.com\/fr\/wp-json\/wp\/v2\/product_brand?post=12085"},{"taxonomy":"product_cat","embeddable":true,"href":"https:\/\/puregrowshop.com\/fr\/wp-json\/wp\/v2\/product_cat?post=12085"},{"taxonomy":"product_tag","embeddable":true,"href":"https:\/\/puregrowshop.com\/fr\/wp-json\/wp\/v2\/product_tag?post=12085"}],"curies":[{"name":"wp","href":"https:\/\/api.w.org\/{rel}","templated":true}]}}