{"id":12084,"date":"2024-10-28T20:01:04","date_gmt":"2024-10-28T20:01:04","guid":{"rendered":"https:\/\/puregrowshop.com\/neempro-30-ml-andermatt-neemazal\/"},"modified":"2025-12-27T20:28:45","modified_gmt":"2025-12-27T20:28:45","slug":"neempro-30-ml-andermatt-neemazal","status":"publish","type":"product","link":"https:\/\/puregrowshop.com\/fr\/neempro-30-ml-andermatt-neemazal\/","title":{"rendered":"NeemPro     30 ml. Andermatt (Neemazal)"},"content":{"rendered":"<p>MODO DE EMPLEO<br \/>Aplicar en pulverizaci\u00f3n normal a 1,5 ml\/litro de agua. No utilizar en caldos con pH mayor a 7.<\/p>\n<p>PLAZO DE SEGURIDAD<br \/>Entre la \u00faltima aplicaci\u00f3n y la recolecci\u00f3n han de transcurrir 3 d\u00edas.<\/p>\n<p>PRESENTACIONES<br \/>Envase de 30 ml en expositor y de 250 ml.<br \/>Inscrito en el Registro de Productos Fitosanitarios con n\u00ba: 24.200<\/p>\n","protected":false},"excerpt":{"rendered":"<p>NeemAzal T\/S\u00ae\u00a0es un insecticida de origen vegetal de amplio espectro a base de Azadiractin, sustancia con propiedades insecticidas, mayoritaria y la m\u00e1s activa de entre las encontradas en las semillas de los frutos del \u00e1rbol del neem. Extracto puro de neem.\u00a0<\/p>\n","protected":false},"featured_media":10841,"comment_status":"open","ping_status":"closed","template":"","meta":{"_bst_post_transparent":"","_bst_post_title":"","_bst_post_layout":"","_bst_post_sidebar_id":"","_bst_post_content_style":"","_bst_post_vertical_padding":"","_bst_post_feature":"","_bst_post_feature_position":"","_bst_post_header":false,"_bst_post_footer":false},"pwb-brand":[159],"product_brand":[],"product_cat":[39],"product_tag":[],"class_list":{"0":"post-12084","1":"product","2":"type-product","3":"status-publish","4":"has-post-thumbnail","6":"pwb-brand-trabe","7":"product_cat-fertilizantes","9":"first","10":"instock","11":"sale","12":"taxable","13":"shipping-taxable","14":"purchasable","15":"product-type-simple","16":"entry","17":"content-bg","18":"loop-entry"},"brands":[{"id":159,"name":"Trabe","slug":"trabe"}],"_links":{"self":[{"href":"https:\/\/puregrowshop.com\/fr\/wp-json\/wp\/v2\/product\/12084","targetHints":{"allow":["GET"]}}],"collection":[{"href":"https:\/\/puregrowshop.com\/fr\/wp-json\/wp\/v2\/product"}],"about":[{"href":"https:\/\/puregrowshop.com\/fr\/wp-json\/wp\/v2\/types\/product"}],"replies":[{"embeddable":true,"href":"https:\/\/puregrowshop.com\/fr\/wp-json\/wp\/v2\/comments?post=12084"}],"wp:featuredmedia":[{"embeddable":true,"href":"https:\/\/puregrowshop.com\/fr\/wp-json\/wp\/v2\/media\/10841"}],"wp:attachment":[{"href":"https:\/\/puregrowshop.com\/fr\/wp-json\/wp\/v2\/media?parent=12084"}],"wp:term":[{"taxonomy":"pwb-brand","embeddable":true,"href":"https:\/\/puregrowshop.com\/fr\/wp-json\/wp\/v2\/pwb-brand?post=12084"},{"taxonomy":"product_brand","embeddable":true,"href":"https:\/\/puregrowshop.com\/fr\/wp-json\/wp\/v2\/product_brand?post=12084"},{"taxonomy":"product_cat","embeddable":true,"href":"https:\/\/puregrowshop.com\/fr\/wp-json\/wp\/v2\/product_cat?post=12084"},{"taxonomy":"product_tag","embeddable":true,"href":"https:\/\/puregrowshop.com\/fr\/wp-json\/wp\/v2\/product_tag?post=12084"}],"curies":[{"name":"wp","href":"https:\/\/api.w.org\/{rel}","templated":true}]}}