{"id":12082,"date":"2024-10-28T20:01:04","date_gmt":"2024-10-28T20:01:04","guid":{"rendered":"https:\/\/puregrowshop.com\/radical-flower-1-lt-trabe\/"},"modified":"2025-12-27T20:08:23","modified_gmt":"2025-12-27T20:08:23","slug":"radical-flower-1-lt-trabe","status":"publish","type":"product","link":"https:\/\/puregrowshop.com\/fr\/radical-flower-1-lt-trabe\/","title":{"rendered":"Radical Flower 1 lt. Trabe"},"content":{"rendered":"<p>MODO DE EMPLEO:<br \/>UN TRATAMIENTO A LA SEMANA<br \/>Dosis v\u00eda foliar (3 semanas): de 2 a 4 ml \/ litro de agua.<br \/>Empezando una semana antes de la floraci\u00f3n:<br \/>1\u00ba tratamiento: 2 ml \/ litro de agua.<br \/>2\u00ba tratamiento: 3 ml \/ litro de agua.<br \/>3\u00ba tratamiento: 4 ml \/ litro de agua.<br \/>Restantes tratamientos v\u00eda riego:<br \/>Dosis v\u00eda riego (Resto semanas): 4 ml\/litro de agua.<br \/>Hasta una semana antes de cortar, en la que se regar\u00e1 s\u00f3lo con agua, para limpiar las ra\u00edces.<\/p>\n<p>Empezando los tratamientos una semana antes de la floraci\u00f3n, con 2 ml\/l. Aumentando +1 ml\/l cada semana, hasta alcanzar 4 ml\/l m\u00e1ximo, siguiendo con tratamientos v\u00eda riego hasta la semana antes de cortar, \u00e9sta \u00faltima se riega s\u00f3lo con agua para limpiar las ra\u00edces.<\/p>\n<p>COMPOSICI\u00d3N:<br \/>Amino\u00e1cidos libres &#8230;&#8230;&#8230;&#8230;&#8230;&#8230;&#8230;&#8230;&#8230;&#8230;&#8230;.. 13% p\/p<br \/>Extracto Ascophylum Nodosum&#8230;&#8230;&#8230;&#8230;&#8230;&#8230;. 8% p\/p<br \/>Citoquininas&#8230;&#8230;&#8230;&#8230;&#8230;&#8230;&#8230;&#8230;&#8230;&#8230;&#8230;&#8230;&#8230;&#8230;.0,15% p\/p<br \/>NPK&#8230;&#8230;&#8230;&#8230;&#8230;&#8230;&#8230;&#8230;&#8230;&#8230;&#8230;&#8230;&#8230;&#8230;&#8230;&#8230;&#8230;&#8230;&#8230;&#8230;. 8% p\/p<\/p>\n","protected":false},"excerpt":{"rendered":"<p>RadicalFlower es un bioestimulante del metabolismo del Cannabis, de origen 100% vegetal, que act\u00faa en sinergia con los procesos naturales de la planta, incrementando su actividad prot\u00e9ica y enzim\u00e1tica de forma natural, lo que produce un aumento de la floraci\u00f3n y el incremento de resina en el cultivo.<\/p>\n<p>RadicalFlower por su gran acci\u00f3n estimulante de los procesos metab\u00f3licos, promueve adem\u00e1s la producci\u00f3n de precursores de la s\u00edntesis de THCA de forma potente, natural y ecol\u00f3gica.<\/p>\n<p>RadicalFlower produce plantas m\u00e1s sanas, con una floraci\u00f3n s\u00f3lida, llena de vitalidad y con una producci\u00f3n mayor de resina.<\/p>\n<p>Los extractos naturales de RadicalFlower contienen una gran cantidad de fitonutrientes.<\/p>\n","protected":false},"featured_media":10837,"comment_status":"open","ping_status":"closed","template":"","meta":{"_bst_post_transparent":"","_bst_post_title":"","_bst_post_layout":"","_bst_post_sidebar_id":"","_bst_post_content_style":"","_bst_post_vertical_padding":"","_bst_post_feature":"","_bst_post_feature_position":"","_bst_post_header":false,"_bst_post_footer":false},"pwb-brand":[159],"product_brand":[],"product_cat":[39],"product_tag":[],"class_list":{"0":"post-12082","1":"product","2":"type-product","3":"status-publish","4":"has-post-thumbnail","6":"pwb-brand-trabe","7":"product_cat-fertilizantes","9":"first","10":"instock","11":"sale","12":"taxable","13":"shipping-taxable","14":"purchasable","15":"product-type-simple","16":"entry","17":"content-bg","18":"loop-entry"},"brands":[{"id":159,"name":"Trabe","slug":"trabe"}],"_links":{"self":[{"href":"https:\/\/puregrowshop.com\/fr\/wp-json\/wp\/v2\/product\/12082","targetHints":{"allow":["GET"]}}],"collection":[{"href":"https:\/\/puregrowshop.com\/fr\/wp-json\/wp\/v2\/product"}],"about":[{"href":"https:\/\/puregrowshop.com\/fr\/wp-json\/wp\/v2\/types\/product"}],"replies":[{"embeddable":true,"href":"https:\/\/puregrowshop.com\/fr\/wp-json\/wp\/v2\/comments?post=12082"}],"wp:featuredmedia":[{"embeddable":true,"href":"https:\/\/puregrowshop.com\/fr\/wp-json\/wp\/v2\/media\/10837"}],"wp:attachment":[{"href":"https:\/\/puregrowshop.com\/fr\/wp-json\/wp\/v2\/media?parent=12082"}],"wp:term":[{"taxonomy":"pwb-brand","embeddable":true,"href":"https:\/\/puregrowshop.com\/fr\/wp-json\/wp\/v2\/pwb-brand?post=12082"},{"taxonomy":"product_brand","embeddable":true,"href":"https:\/\/puregrowshop.com\/fr\/wp-json\/wp\/v2\/product_brand?post=12082"},{"taxonomy":"product_cat","embeddable":true,"href":"https:\/\/puregrowshop.com\/fr\/wp-json\/wp\/v2\/product_cat?post=12082"},{"taxonomy":"product_tag","embeddable":true,"href":"https:\/\/puregrowshop.com\/fr\/wp-json\/wp\/v2\/product_tag?post=12082"}],"curies":[{"name":"wp","href":"https:\/\/api.w.org\/{rel}","templated":true}]}}