{"id":12080,"date":"2024-10-28T20:01:03","date_gmt":"2024-10-28T20:01:03","guid":{"rendered":"https:\/\/puregrowshop.com\/radical-root-1-lt-trabe\/"},"modified":"2025-12-27T20:08:23","modified_gmt":"2025-12-27T20:08:23","slug":"radical-root-1-lt-trabe","status":"publish","type":"product","link":"https:\/\/puregrowshop.com\/fr\/radical-root-1-lt-trabe\/","title":{"rendered":"Radical Root 1 lt. Trabe"},"content":{"rendered":"<p>MODO DE EMPLEO:<br \/>Aparici\u00f3n segundas hojas: Primer tratamiento: 2 ml \/ litro de agua.<\/p>\n<p>Siguientes tratamientos: 3 ml, 4 ml y 5 ml \/ litro de agua.<\/p>\n<p>Hasta el comienzo de floraci\u00f3n 5 ml \/litro. Empezando cuando aparecen las segundas hojas en crecimiento, aprox. a los 10 d\u00edas de aparecer las primeras con 2 ml\/l. Aumentando +1 ml\/l cada semana, hasta alcanzar 5 ml\/l m\u00e1ximo, hasta el comienzo de la floraci\u00f3n.<\/p>\n<p>COMPOSICI\u00d3N:<br \/>Amino\u00e1cidos libres &#8230;&#8230;&#8230;&#8230;&#8230;&#8230;&#8230;&#8230;&#8230;&#8230;&#8230;.. 14% p\/p<br \/>NPK&#8230;&#8230;&#8230;&#8230;&#8230;&#8230;&#8230;&#8230;&#8230;&#8230;&#8230;&#8230;&#8230;&#8230;&#8230;&#8230;&#8230;&#8230;&#8230;.. 10% p\/p<br \/>Factores BioEstimulantes&#8230;&#8230;&#8230;&#8230;&#8230;&#8230;&#8230;&#8230;. 0,5% p\/p<\/p>\n","protected":false},"excerpt":{"rendered":"<p>RadicalRoot. Es un bioestimulante del crecimiento radicular del Cannabis, de origen 100% vegetal, que act\u00faa en sinergia con los procesos naturales de la planta, incrementando su actividad proteica y enzim\u00e1tica de forma natural, lo que produce un aumento de la floraci\u00f3n y el incremento de resina en el cultivo.<\/p>\n<p>RadicalRoot por su gran acci\u00f3n estimulante de los procesos metab\u00f3licos, promueve la divisi\u00f3n celular y mejora el estado vegetativo de forma natural y ecol\u00f3gica.<\/p>\n<p>RadicalRoot produce plantas m\u00e1s sanas, con unas raices de mayor tama\u00f1o y longitud de s\u00f3lida estructura, mejorando la vitalidad de las plantas y aumentando su producci\u00f3n.<\/p>\n<p>Los extractos naturales de RadicalRoot contienen una gran cantidad de fitonutrientes como Oligoelementos, Nitr\u00f3geno org\u00e1nico, Factores de Crecimiento, etc.<\/p>\n","protected":false},"featured_media":10833,"comment_status":"open","ping_status":"closed","template":"","meta":{"_bst_post_transparent":"","_bst_post_title":"","_bst_post_layout":"","_bst_post_sidebar_id":"","_bst_post_content_style":"","_bst_post_vertical_padding":"","_bst_post_feature":"","_bst_post_feature_position":"","_bst_post_header":false,"_bst_post_footer":false},"pwb-brand":[159],"product_brand":[],"product_cat":[77],"product_tag":[],"class_list":{"0":"post-12080","1":"product","2":"type-product","3":"status-publish","4":"has-post-thumbnail","6":"pwb-brand-trabe","7":"product_cat-estimulantes-raices","9":"first","10":"instock","11":"sale","12":"taxable","13":"shipping-taxable","14":"purchasable","15":"product-type-simple","16":"entry","17":"content-bg","18":"loop-entry"},"brands":[{"id":159,"name":"Trabe","slug":"trabe"}],"_links":{"self":[{"href":"https:\/\/puregrowshop.com\/fr\/wp-json\/wp\/v2\/product\/12080","targetHints":{"allow":["GET"]}}],"collection":[{"href":"https:\/\/puregrowshop.com\/fr\/wp-json\/wp\/v2\/product"}],"about":[{"href":"https:\/\/puregrowshop.com\/fr\/wp-json\/wp\/v2\/types\/product"}],"replies":[{"embeddable":true,"href":"https:\/\/puregrowshop.com\/fr\/wp-json\/wp\/v2\/comments?post=12080"}],"wp:featuredmedia":[{"embeddable":true,"href":"https:\/\/puregrowshop.com\/fr\/wp-json\/wp\/v2\/media\/10833"}],"wp:attachment":[{"href":"https:\/\/puregrowshop.com\/fr\/wp-json\/wp\/v2\/media?parent=12080"}],"wp:term":[{"taxonomy":"pwb-brand","embeddable":true,"href":"https:\/\/puregrowshop.com\/fr\/wp-json\/wp\/v2\/pwb-brand?post=12080"},{"taxonomy":"product_brand","embeddable":true,"href":"https:\/\/puregrowshop.com\/fr\/wp-json\/wp\/v2\/product_brand?post=12080"},{"taxonomy":"product_cat","embeddable":true,"href":"https:\/\/puregrowshop.com\/fr\/wp-json\/wp\/v2\/product_cat?post=12080"},{"taxonomy":"product_tag","embeddable":true,"href":"https:\/\/puregrowshop.com\/fr\/wp-json\/wp\/v2\/product_tag?post=12080"}],"curies":[{"name":"wp","href":"https:\/\/api.w.org\/{rel}","templated":true}]}}