{"id":12079,"date":"2024-10-28T20:01:03","date_gmt":"2024-10-28T20:01:03","guid":{"rendered":"https:\/\/puregrowshop.com\/oleatbio-grow-250-ml-trabe\/"},"modified":"2025-12-27T20:08:23","modified_gmt":"2025-12-27T20:08:23","slug":"oleatbio-grow-250-ml-trabe","status":"publish","type":"product","link":"https:\/\/puregrowshop.com\/fr\/oleatbio-grow-250-ml-trabe\/","title":{"rendered":"OLEATBIO Grow 250 ml. Trabe"},"content":{"rendered":"<p>DOSIS<br \/>10 c.c. \/ litro de agua<\/p>\n<p>PRECAUCI\u00d3N<br \/>Al mezclar otros productos fitosanitarios con OLEATBIO\u00ae puede ser necesario disminuir la dosis recomendada de estos.<\/p>\n<p>COMPATIBILIDAD<br \/>No se recomienda combinar con productos que potencien su acci\u00f3n, ni con azufre.<\/p>\n<p>MODO DE EMPLEO<br \/>El modo de tratamiento es el tradicional: equipos de presi\u00f3n alta y bajo volumen. Este producto es eficaz en estado l\u00edquido, con la necesidad de alcanzar f\u00edsicamente al insecto. Por tanto es importante realizar el tratamiento a trav\u00e9s de fumigaci\u00f3n, con visos de alcanzar la totalidad de la planta tratada (mojando las hojas por las dos caras), para que el resultado sea un 100%.<\/p>\n<p>COMPOSICI\u00d3N<br \/>Sales pot\u00e1sicas de origen vegetal 42%<\/p>\n","protected":false},"excerpt":{"rendered":"<p>Eficacia 100% contra: Mosca blanca, Ara\u00f1a roja, Trips, Cochinillas y Pulgones.<br \/>Aplicaci\u00f3n en: Cultivo de hortalizas, frutales y plantas ornamentales bajo pl\u00e1stico y aire libre. <br \/>No t\u00f3xico: El tratamiento con OLEATBIO\u00ae es totalmente biol\u00f3gico y no t\u00f3xico.<br \/>Tiempo de seguridad: \u00a1NULO! (0) <br \/>Medio Ambiente: Los productos OLEATBIO\u00ae no influyen negativamente en el suelo, aire o aguas subterr\u00e1neas, plantas o animales.Cient\u00edficos daneses y americanos avalan que los productos, por su naturaleza, no da\u00f1an al medio ambiente y se descomponen r\u00e1pidamente convirti\u00e9ndose en carbonatos. <br \/>Almacenamiento: Al no afectar al medio ambiente ni a seres vivos y no ser inflamable, presentan grandes ventajas en su almacenamiento y ma\u00adni\u00adpu\u00adlaci\u00f3n. <br \/>No crea resistencias: Al tener un efecto de funcionamiento mec\u00e1nico destruyendo la capa protectora del insecto y no por medio de flancos gen\u00e9ticos como los insecticidas qu\u00edmicos actuales, OLEATBIO\u00ae impide que los insectos desarrollen sus resistencias.<\/p>\n<p><\/p>\n","protected":false},"featured_media":10831,"comment_status":"open","ping_status":"closed","template":"","meta":{"_bst_post_transparent":"","_bst_post_title":"","_bst_post_layout":"","_bst_post_sidebar_id":"","_bst_post_content_style":"","_bst_post_vertical_padding":"","_bst_post_feature":"","_bst_post_feature_position":"","_bst_post_header":false,"_bst_post_footer":false},"pwb-brand":[159],"product_brand":[],"product_cat":[39],"product_tag":[],"class_list":{"0":"post-12079","1":"product","2":"type-product","3":"status-publish","4":"has-post-thumbnail","6":"pwb-brand-trabe","7":"product_cat-fertilizantes","9":"first","10":"instock","11":"sale","12":"taxable","13":"shipping-taxable","14":"purchasable","15":"product-type-simple","16":"entry","17":"content-bg","18":"loop-entry"},"brands":[{"id":159,"name":"Trabe","slug":"trabe"}],"_links":{"self":[{"href":"https:\/\/puregrowshop.com\/fr\/wp-json\/wp\/v2\/product\/12079","targetHints":{"allow":["GET"]}}],"collection":[{"href":"https:\/\/puregrowshop.com\/fr\/wp-json\/wp\/v2\/product"}],"about":[{"href":"https:\/\/puregrowshop.com\/fr\/wp-json\/wp\/v2\/types\/product"}],"replies":[{"embeddable":true,"href":"https:\/\/puregrowshop.com\/fr\/wp-json\/wp\/v2\/comments?post=12079"}],"wp:featuredmedia":[{"embeddable":true,"href":"https:\/\/puregrowshop.com\/fr\/wp-json\/wp\/v2\/media\/10831"}],"wp:attachment":[{"href":"https:\/\/puregrowshop.com\/fr\/wp-json\/wp\/v2\/media?parent=12079"}],"wp:term":[{"taxonomy":"pwb-brand","embeddable":true,"href":"https:\/\/puregrowshop.com\/fr\/wp-json\/wp\/v2\/pwb-brand?post=12079"},{"taxonomy":"product_brand","embeddable":true,"href":"https:\/\/puregrowshop.com\/fr\/wp-json\/wp\/v2\/product_brand?post=12079"},{"taxonomy":"product_cat","embeddable":true,"href":"https:\/\/puregrowshop.com\/fr\/wp-json\/wp\/v2\/product_cat?post=12079"},{"taxonomy":"product_tag","embeddable":true,"href":"https:\/\/puregrowshop.com\/fr\/wp-json\/wp\/v2\/product_tag?post=12079"}],"curies":[{"name":"wp","href":"https:\/\/api.w.org\/{rel}","templated":true}]}}