{"id":12078,"date":"2024-10-28T20:01:03","date_gmt":"2024-10-28T20:01:03","guid":{"rendered":"https:\/\/puregrowshop.com\/natural-clone-250-ml-trabe\/"},"modified":"2025-12-27T20:08:23","modified_gmt":"2025-12-27T20:08:23","slug":"natural-clone-250-ml-trabe","status":"publish","type":"product","link":"https:\/\/puregrowshop.com\/fr\/natural-clone-250-ml-trabe\/","title":{"rendered":"Natural Clone 250 ml. Trabe"},"content":{"rendered":"<p>Natural Clone 250 ml de Trabe es un potente estimulador de ra\u00edces dise\u00f1ado para maximizar el crecimiento y desarrollo de las plantas desde sus primeras etapas. Ideal para horticultores profesionales y entusiastas, este fertilizante asegura resultados \u00f3ptimos en la propagaci\u00f3n de clones y esquejes.<\/p>\n<ul>\n<li>Peso: 325 g<\/li>\n<li>Categor\u00eda: Fertilizantes<\/li>\n<li>Capacidad: 250 ml<\/li>\n<li>Estimulador de ra\u00edces espec\u00edfico para clones y esquejes<\/li>\n<li>Compatible con todo tipo de sustratos<\/li>\n<\/ul>\n<p>Natural Clone destaca por su capacidad para promover un enraizamiento r\u00e1pido y saludable, asegurando un crecimiento vigoroso. Al utilizar este producto, los agricultores pueden esperar una mejora significativa en la calidad y cantidad de las ra\u00edces, lo que se traduce en plantas m\u00e1s fuertes y resistentes. Ideal para uso en invernaderos, jardines y cultivos hidrop\u00f3nicos.<\/p>\n<p>La f\u00f3rmula de Natural Clone est\u00e1 basada en ingredientes naturales que estimulan el desarrollo radicular sin da\u00f1ar el medio ambiente.<\/p>\n<p>Instrucciones de uso y dosificaci\u00f3n: Diluya 2-3 ml de Natural Clone en 1 litro de agua. Aplique la soluci\u00f3n directamente en la base del esqueje o clon. Repita el proceso cada 7-10 d\u00edas para obtener los mejores resultados. Mantenga el producto en un lugar fresco y seco.<\/p>\n","protected":false},"excerpt":{"rendered":"<p> NATURALCLONE es un preparado enraizante en forma de GEL capaz de recubrir todo el tallo, sellando el tejido cortado y aproximando las nutrientes a la zona de acci\u00f3n. Este enraizante Gel esta formulado a base de extracto de algas ricas en Citoquinias, betainas, vitaminas y amino\u00e1cidos espec\u00edficos inductores de Hormonas (L-triptofano) para que la planta genere los precursores necesarios para el m\u00e1s completo desarrollo de sus ra\u00edces.<\/p>\n<p>La presencia en NATURALCLONE de los amino\u00e1cidos biol\u00f3gicamente activos favorece la s\u00edntesis de las auxinas, permitiendo que en la \u00e9poca de mayor esfuerzo de desarrollo de ra\u00edces se asegure la mejor absorci\u00f3n de elementos nutritivos ayudando as\u00ed a superar las situaciones de stress y condiciones clim\u00e1ticas adversas.<\/p>\n<p>MODO DE EMPLEO<\/p>\n<p>1. Seleccione brotes j\u00f3venes de las plantas m\u00e1s sanas. Corte las puntas de los brotes, cada uno de ellos con unos cuatro o cinco pares de hojas, y elimine los dos pares de hojas inferiores. Utilice siempre un cuchillo o una cuchilla afilado y limpio.<\/p>\n<p>2. Aplicar por inmersi\u00f3n de los 2 cm inferiores del esqueje. La inmersi\u00f3n se puede efectuar de dos maneras:<\/p>\n<p>Ba\u00f1o r\u00e1pido: se utilizar\u00e1 el producto, sin diluir, durante 10 segundos o diluido en agua al 50% durante 20 segundos.<\/p>\n<p>\u00b7Ba\u00f1o prolongado: se utilizar\u00e1 el producto diluido en agua durante 24 horas a las siguientes dosis de enraizante gel por litro de agua:<\/p>\n<p>\u2022 Esquejes herb\u00e1ceos: 1 a 2,5 ml de producto.<br \/>\u2022 Esquejes semiduros: 5 a 10 ml de producto.<br \/>\u2022 Esquejes duros: 10 a 20 ml de producto.<\/p>\n<p>3. A continuaci\u00f3n, lavar con agua y efectuar la plantaci\u00f3n.<\/p>\n","protected":false},"featured_media":10829,"comment_status":"open","ping_status":"closed","template":"","meta":{"_bst_post_transparent":"","_bst_post_title":"","_bst_post_layout":"","_bst_post_sidebar_id":"","_bst_post_content_style":"","_bst_post_vertical_padding":"","_bst_post_feature":"","_bst_post_feature_position":"","_bst_post_header":false,"_bst_post_footer":false},"pwb-brand":[159],"product_brand":[],"product_cat":[39],"product_tag":[],"class_list":{"0":"post-12078","1":"product","2":"type-product","3":"status-publish","4":"has-post-thumbnail","6":"pwb-brand-trabe","7":"product_cat-fertilizantes","9":"first","10":"instock","11":"sale","12":"taxable","13":"shipping-taxable","14":"purchasable","15":"product-type-simple","16":"entry","17":"content-bg","18":"loop-entry"},"brands":[{"id":159,"name":"Trabe","slug":"trabe"}],"_links":{"self":[{"href":"https:\/\/puregrowshop.com\/fr\/wp-json\/wp\/v2\/product\/12078","targetHints":{"allow":["GET"]}}],"collection":[{"href":"https:\/\/puregrowshop.com\/fr\/wp-json\/wp\/v2\/product"}],"about":[{"href":"https:\/\/puregrowshop.com\/fr\/wp-json\/wp\/v2\/types\/product"}],"replies":[{"embeddable":true,"href":"https:\/\/puregrowshop.com\/fr\/wp-json\/wp\/v2\/comments?post=12078"}],"wp:featuredmedia":[{"embeddable":true,"href":"https:\/\/puregrowshop.com\/fr\/wp-json\/wp\/v2\/media\/10829"}],"wp:attachment":[{"href":"https:\/\/puregrowshop.com\/fr\/wp-json\/wp\/v2\/media?parent=12078"}],"wp:term":[{"taxonomy":"pwb-brand","embeddable":true,"href":"https:\/\/puregrowshop.com\/fr\/wp-json\/wp\/v2\/pwb-brand?post=12078"},{"taxonomy":"product_brand","embeddable":true,"href":"https:\/\/puregrowshop.com\/fr\/wp-json\/wp\/v2\/product_brand?post=12078"},{"taxonomy":"product_cat","embeddable":true,"href":"https:\/\/puregrowshop.com\/fr\/wp-json\/wp\/v2\/product_cat?post=12078"},{"taxonomy":"product_tag","embeddable":true,"href":"https:\/\/puregrowshop.com\/fr\/wp-json\/wp\/v2\/product_tag?post=12078"}],"curies":[{"name":"wp","href":"https:\/\/api.w.org\/{rel}","templated":true}]}}