{"id":12075,"date":"2024-10-28T20:01:03","date_gmt":"2024-10-28T20:01:03","guid":{"rendered":"https:\/\/puregrowshop.com\/mycoplant-polvo-5-gr-sobre-trabe\/"},"modified":"2025-12-27T20:08:14","modified_gmt":"2025-12-27T20:08:14","slug":"mycoplant-polvo-5-gr-sobre-trabe","status":"publish","type":"product","link":"https:\/\/puregrowshop.com\/fr\/mycoplant-polvo-5-gr-sobre-trabe\/","title":{"rendered":"MYCOPLANT polvo  5 gr. Sobre Trabe"},"content":{"rendered":"<p>MYCOPLANT polvo 5 gr. Sobre Trabe es un fertilizante innovador dise\u00f1ado para mejorar la salud y el rendimiento de tus plantas. Con su avanzada f\u00f3rmula, este producto es ideal para agricultores y jardineros que buscan potenciar el crecimiento de sus cultivos de manera natural y eficiente.<\/p>\n<ul>\n<li>Peso: 4 gramos<\/li>\n<li>Categor\u00eda: Fertilizantes<\/li>\n<li>Formato: Polvo para disolver<\/li>\n<\/ul>\n<p>MYCOPLANT act\u00faa como un potente estimulador del crecimiento, favoreciendo el desarrollo radicular y la absorci\u00f3n de nutrientes. Gracias a su composici\u00f3n especial, promueve un ecosistema saludable en la rizosfera, permitiendo a las plantas aprovechar al m\u00e1ximo los recursos disponibles. Ideal para todo tipo de cultivos, desde hortalizas hasta plantas ornamentales.<\/p>\n<p>Este fertilizante est\u00e1 compuesto por una mezcla de hongos micorr\u00edcicos, que son fundamentales para establecer una simbiosis beneficiosa con las ra\u00edces de las plantas.<\/p>\n<p>Instrucciones de uso: Disolver el contenido del sobre en agua y aplicar directamente en el sustrato o en las ra\u00edces de la planta. Se recomienda una dosis de 5 gramos por cada 10 litros de agua, asegurando una distribuci\u00f3n uniforme. Utilizar cada 2 a 4 semanas para obtener resultados \u00f3ptimos.<\/p>\n","protected":false},"excerpt":{"rendered":"<p> Recomendado en cultivo ecol\u00f3gico de ornamentales, tanto en interior como en exterior. Una avanzada tecnolog\u00eda que permite reproducir el proceso natural de micorriza aumentando la producci\u00f3n y la calidad de la cosecha.<\/p>\n<p>CULTIVOS: Vi\u00f1as, arboles frutales, horticolas, flores, c\u00e9spedes, reforestaci\u00f3n.<\/p>\n<p>MycoPlant\u00ae es un producto a base de hongos, las endomicorrizas, que van a crear una simbiosis en las ra\u00edces y contribuir a un mejor desarrollo de la planta.<\/p>\n<p>MycoPlant\u00ae ofrece a sus plantas el mejor comienzo posible ayudando al vegetal durante este periodo cr\u00edtico.<\/p>\n<p>PRINCIPIO DE FUNCIONAMIENTO<\/p>\n<p>El hongo micorriza se instala en las ra\u00edces y desarrolla sus filamentos en el suelo. La planta utiliza el hongo para regular su alimentaci\u00f3n en minerales, en oligoelementos y en agua. Hemos seleccionado una cepa de micorriza para su eficacia en distintos contextos p\u00e9do-clim\u00e1ticos. Los efectos ben\u00e9ficios de la simbiosis:<\/p>\n<p>\u00b7 Las micorrizas mejoran y equilibran LA NUTRICI\u00d3N MINERAL.<\/p>\n<p>\u00b7 Las ra\u00edces micorrizadas explotan \u00f3ptimamente los RECURSOS EN AGUA DEL SUELO, permitiendo luchar contra el estr\u00e9s h\u00eddrico y LA SEQU\u00cdA.<\/p>\n<p>\u00b7 LA ACTIVIDAD BIOL\u00d3GICA Y MICROBIOL\u00d3GICA del suelo se ve favorecida por las micorrizas.<\/p>\n<p>\u00b7 La red mic\u00e9lica de las micorrizas mejora tanto la constituci\u00f3n de los agregados como la estructura del suelo.<\/p>\n<p>CARACTER\u00cdSTICAS F\u00cdSICO-QU\u00cdMICAS<\/p>\n<p>No contienen ning\u00fan agente fertilizante para la planta.<\/p>\n<p>An\u00e1lisis garantizado:<\/p>\n<p>Materia activa: Cepa de micorriza, Glomus intraradices, 400 esporas activas\/g.<\/p>\n<p>Otros ingredientes inertes: Arcilla,Turba, S\u00edlice. Densidad: 690 g por litro.<\/p>\n<p>Humedad: 5 %<\/p>\n<p>DOSIS Y APLICACI\u00d3N<\/p>\n<p>1 g por planta (el equivalente a una cucharilla de te rasa) en un vaso de agua. O mezclar junto a sustrato a raz\u00f3n de 1 g por planta.<\/p>\n<p>Aplicar junto al tronco. No usar filtros, no aplicar con fungicidas.<\/p>\n","protected":false},"featured_media":10823,"comment_status":"open","ping_status":"closed","template":"","meta":{"_bst_post_transparent":"","_bst_post_title":"","_bst_post_layout":"","_bst_post_sidebar_id":"","_bst_post_content_style":"","_bst_post_vertical_padding":"","_bst_post_feature":"","_bst_post_feature_position":"","_bst_post_header":false,"_bst_post_footer":false},"pwb-brand":[159],"product_brand":[],"product_cat":[39],"product_tag":[],"class_list":{"0":"post-12075","1":"product","2":"type-product","3":"status-publish","4":"has-post-thumbnail","6":"pwb-brand-trabe","7":"product_cat-fertilizantes","8":"product_shipping_class-entre-1-kg-y-5-kg","10":"first","11":"instock","12":"sale","13":"taxable","14":"shipping-taxable","15":"purchasable","16":"product-type-simple","17":"entry","18":"content-bg","19":"loop-entry"},"brands":[{"id":159,"name":"Trabe","slug":"trabe"}],"_links":{"self":[{"href":"https:\/\/puregrowshop.com\/fr\/wp-json\/wp\/v2\/product\/12075","targetHints":{"allow":["GET"]}}],"collection":[{"href":"https:\/\/puregrowshop.com\/fr\/wp-json\/wp\/v2\/product"}],"about":[{"href":"https:\/\/puregrowshop.com\/fr\/wp-json\/wp\/v2\/types\/product"}],"replies":[{"embeddable":true,"href":"https:\/\/puregrowshop.com\/fr\/wp-json\/wp\/v2\/comments?post=12075"}],"wp:featuredmedia":[{"embeddable":true,"href":"https:\/\/puregrowshop.com\/fr\/wp-json\/wp\/v2\/media\/10823"}],"wp:attachment":[{"href":"https:\/\/puregrowshop.com\/fr\/wp-json\/wp\/v2\/media?parent=12075"}],"wp:term":[{"taxonomy":"pwb-brand","embeddable":true,"href":"https:\/\/puregrowshop.com\/fr\/wp-json\/wp\/v2\/pwb-brand?post=12075"},{"taxonomy":"product_brand","embeddable":true,"href":"https:\/\/puregrowshop.com\/fr\/wp-json\/wp\/v2\/product_brand?post=12075"},{"taxonomy":"product_cat","embeddable":true,"href":"https:\/\/puregrowshop.com\/fr\/wp-json\/wp\/v2\/product_cat?post=12075"},{"taxonomy":"product_tag","embeddable":true,"href":"https:\/\/puregrowshop.com\/fr\/wp-json\/wp\/v2\/product_tag?post=12075"}],"curies":[{"name":"wp","href":"https:\/\/api.w.org\/{rel}","templated":true}]}}