{"id":12072,"date":"2024-10-28T20:01:02","date_gmt":"2024-10-28T20:01:02","guid":{"rendered":"https:\/\/puregrowshop.com\/ekisan-cola-de-caballo-1-lt-trabe\/"},"modified":"2025-12-27T20:08:14","modified_gmt":"2025-12-27T20:08:14","slug":"ekisan-cola-de-caballo-1-lt-trabe","status":"publish","type":"product","link":"https:\/\/puregrowshop.com\/fr\/ekisan-cola-de-caballo-1-lt-trabe\/","title":{"rendered":"Ekisan Cola de Caballo 1 lt. Trabe"},"content":{"rendered":"<p>Presentamos &quot;Ekisan Cola de Caballo 1 lt. Trabe&quot;, un fertilizante natural dise\u00f1ado para potenciar el crecimiento y la salud de sus plantas. Este producto es una excelente opci\u00f3n para aquellos que buscan soluciones ecol\u00f3gicas y efectivas para el cuidado de sus cultivos.<\/p>\n<ul>\n<li>Peso: 1.2 kg<\/li>\n<li>Categor\u00eda: Fertilizantes<\/li>\n<li>Volumen: 1 litro<\/li>\n<\/ul>\n<h4>Beneficios y Usos<\/h4>\n<p>Ekisan Cola de Caballo es conocido por sus propiedades fortalecedoras y preventivas, que ayudan a mejorar la resistencia de las plantas contra plagas y enfermedades. Este fertilizante contribuye al desarrollo robusto de las ra\u00edces y al vigor general de la planta, permitiendo un crecimiento m\u00e1s sano y productivo.<\/p>\n<p>Composici\u00f3n:<\/p>\n<p>El producto est\u00e1 formulado a base de extractos naturales de cola de caballo, una planta rica en silicio y otros minerales esenciales que promueven la salud vegetal.<\/p>\n<h4>Instrucciones de uso y dosis<\/h4>\n<p>Diluir 50 ml de Ekisan Cola de Caballo en 5 litros de agua. Aplicar directamente sobre el suelo o las hojas cada 10-15 d\u00edas, dependiendo de las necesidades espec\u00edficas de sus plantas. Para obtener los mejores resultados, utilizar de manera regular en combinaci\u00f3n con un plan de cuidado integral de cultivos.<\/p>\n","protected":false},"excerpt":{"rendered":"<p>La COLA DE CABALLO\u00ae contiene una Saponina t\u00f3xica para los hongos llamada \u201cEquisetonina\u201d y \u00c1cido sil\u00edsico, que favorece la estructura de la planta. Adem\u00e1s de estos componentes posee tambi\u00e9n Flavonoides como \u201cIsoquercit\u00f3sido\u201d, \u201cGaluteolina\u201d o \u201cEquisetrina\u201d. Por \u00faltimo cabe destacar su riqueza en determinados \u00e1cidos org\u00e1nicos como Nicotina, Palustrina o Dimetilsulfona. Todos estos componentes hacen que la Cola de Caballo sea uno de los fungicidias m\u00e1s eficaces en agricultura ecol\u00f3gica, incluso se le reconoce cierta acci\u00f3n insecticida contra pulgones y ara\u00f1a roja.<\/p>\n<p>DOSIFICACI\u00d3N<\/p>\n<p>15 ml para 1 litro de agua. Una vez por semana y seg\u00fan necesidad.<\/p>\n<p>MODO DE APLICACI\u00d3N<\/p>\n<p>En fumigaci\u00f3n por v\u00eda foliar con gota muy fina. Mojar muy bien toda la planta. No aplicar en horas de mucho calor ni alta incidencia solar.<\/p>\n<p>MODO EMPLEO EN POLVO<\/p>\n<p>Foliar: Se prepara una disoluci\u00f3n a proporci\u00f3n de 125 g de COLA DE CABALLO\u00ae por 0,5 litros de agua y se deja macerar durante 24 horas; debe removerse de forma en\u00e9rgica durante 15 minutos al comienzo y al final de dicho periodo. La disoluci\u00f3n resultante se disolver\u00e1 a raz\u00f3n de 0,5 litros del macerado por cada 20 litros de agua.<\/p>\n<p>INCOMPATIBILIDADES<\/p>\n<p>No debe mezclarse en el mismo caldo de aplicaci\u00f3n con cobre, azufre, purin de ortiga ni con productos que potencien su acci\u00f3n como jab\u00f3n pot\u00e1sico, amino\u00e1cidos o mojantes.<\/p>\n<p>INDICACIONES <\/p>\n","protected":false},"featured_media":10817,"comment_status":"open","ping_status":"closed","template":"","meta":{"_bst_post_transparent":"","_bst_post_title":"","_bst_post_layout":"","_bst_post_sidebar_id":"","_bst_post_content_style":"","_bst_post_vertical_padding":"","_bst_post_feature":"","_bst_post_feature_position":"","_bst_post_header":false,"_bst_post_footer":false},"pwb-brand":[159],"product_brand":[],"product_cat":[39],"product_tag":[],"class_list":{"0":"post-12072","1":"product","2":"type-product","3":"status-publish","4":"has-post-thumbnail","6":"pwb-brand-trabe","7":"product_cat-fertilizantes","9":"first","10":"instock","11":"sale","12":"taxable","13":"shipping-taxable","14":"purchasable","15":"product-type-simple","16":"entry","17":"content-bg","18":"loop-entry"},"brands":[{"id":159,"name":"Trabe","slug":"trabe"}],"_links":{"self":[{"href":"https:\/\/puregrowshop.com\/fr\/wp-json\/wp\/v2\/product\/12072","targetHints":{"allow":["GET"]}}],"collection":[{"href":"https:\/\/puregrowshop.com\/fr\/wp-json\/wp\/v2\/product"}],"about":[{"href":"https:\/\/puregrowshop.com\/fr\/wp-json\/wp\/v2\/types\/product"}],"replies":[{"embeddable":true,"href":"https:\/\/puregrowshop.com\/fr\/wp-json\/wp\/v2\/comments?post=12072"}],"wp:featuredmedia":[{"embeddable":true,"href":"https:\/\/puregrowshop.com\/fr\/wp-json\/wp\/v2\/media\/10817"}],"wp:attachment":[{"href":"https:\/\/puregrowshop.com\/fr\/wp-json\/wp\/v2\/media?parent=12072"}],"wp:term":[{"taxonomy":"pwb-brand","embeddable":true,"href":"https:\/\/puregrowshop.com\/fr\/wp-json\/wp\/v2\/pwb-brand?post=12072"},{"taxonomy":"product_brand","embeddable":true,"href":"https:\/\/puregrowshop.com\/fr\/wp-json\/wp\/v2\/product_brand?post=12072"},{"taxonomy":"product_cat","embeddable":true,"href":"https:\/\/puregrowshop.com\/fr\/wp-json\/wp\/v2\/product_cat?post=12072"},{"taxonomy":"product_tag","embeddable":true,"href":"https:\/\/puregrowshop.com\/fr\/wp-json\/wp\/v2\/product_tag?post=12072"}],"curies":[{"name":"wp","href":"https:\/\/api.w.org\/{rel}","templated":true}]}}