{"id":12071,"date":"2024-10-28T20:01:02","date_gmt":"2024-10-28T20:01:02","guid":{"rendered":"https:\/\/puregrowshop.com\/bachumus-evolution-crecimiento-1-lt-trabe\/"},"modified":"2025-12-27T20:08:14","modified_gmt":"2025-12-27T20:08:14","slug":"bachumus-evolution-crecimiento-1-lt-trabe","status":"publish","type":"product","link":"https:\/\/puregrowshop.com\/fr\/bachumus-evolution-crecimiento-1-lt-trabe\/","title":{"rendered":"Bachumus Evolution Crecimiento  1 lt. Trabe"},"content":{"rendered":"<p>Presentamos el &quot;Bachumus Evolution Crecimiento 1 lt. Trabe&quot;, un fertilizante l\u00edquido de alta concentraci\u00f3n dise\u00f1ado para potenciar el crecimiento saludable y vigoroso de tus plantas. Ideal para jardineros y agricultores que buscan resultados \u00f3ptimos y sostenibles en sus cultivos.<\/p>\n<ul>\n<li>Peso: 1.4 kg<\/li>\n<li>Categor\u00eda: Fertilizantes<\/li>\n<li>Formato: L\u00edquido<\/li>\n<li>Volumen: 1 litro<\/li>\n<\/ul>\n<p>Este fertilizante destaca por su capacidad para mejorar la estructura del suelo, promover un desarrollo radicular \u00f3ptimo y maximizar la absorci\u00f3n de nutrientes. Su f\u00f3rmula avanzada asegura un crecimiento robusto, hojas m\u00e1s verdes y una floraci\u00f3n m\u00e1s abundante.<\/p>\n<p>Composici\u00f3n: Bachumus Evolution Crecimiento est\u00e1 compuesto por una mezcla equilibrada de extractos vegetales, microorganismos beneficiosos y nutrientes esenciales, que trabajan en sinergia para proporcionar un soporte completo a tus plantas.<\/p>\n<p>Instrucciones de uso y dosificaci\u00f3n: Agitar bien antes de usar. Diluir 10 ml de producto en 1 litro de agua. Aplicar cada 10-15 d\u00edas durante la fase de crecimiento. Adecuado tanto para cultivos en tierra como en sistemas hidrop\u00f3nicos.<\/p>\n<p>Con Bachumus Evolution Crecimiento, aseg\u00farate de ofrecer a tus plantas el cuidado que merecen, promoviendo un entorno f\u00e9rtil y saludable para su desarrollo.<\/p>\n","protected":false},"excerpt":{"rendered":"<p> BACHUMUS evolution\u00ae crecimiento y floraci\u00f3n son fertilizantes org\u00e1nicos a base de materia 100% vegetal fermentada con bacterias y enzimas bajo estricto control de laboratorio, al que se han a\u00f1adido algas marinas que potencian su capacidad de estimulaci\u00f3n en la fase de crecimiento y en el momento de la floraci\u00f3n, adem\u00e1s de Proneem, que ayuda en el fortalecimiento y defensa de la planta contra pat\u00f3genos externos. BACHUMUS evolution\u00ae crecimiento y floraci\u00f3n proporcionan a la planta todos los nutrientes necesarios para su \u00f3ptimo desarrollo, incrementando los niveles de fitohormonas naturales en la misma y no siendo necesario ning\u00fan aporte adicional para alcanzar una cosecha de m\u00e1xima calidad.<\/p>\n<p>BACHUMUS evolution\u00ae crecimiento y floraci\u00f3n, por su alto contenido en f\u00f3sforo y materia org\u00e1nica, resultan id\u00f3neos tanto para su etapa de crecimiento, como para su etapa de floraci\u00f3n, ya que su composici\u00f3n, rica en compuestos h\u00famicos y f\u00falvicos, mejora la absorci\u00f3n de nutrientes y estructura el suelo o medio de cultivo, favoreciendo el desarrollo radicular de la planta.<\/p>\n<p>BACHUMUS evolution\u00ae crecimiento y floraci\u00f3n incrementan la calidad de las cosechas y de la floraci\u00f3n. Compatible con Mycoplant polvo, que ayuda a ganar eficiencia en el proceso de captaci\u00f3n de f\u00f3sforo.<\/p>\n<p>DOSIFICACI\u00d3N BACHUMUS EVOLUTION FLORACI\u00d3N<\/p>\n<p>A) Aplicar en riego: a\u00f1adir 4 ml de Bachumus por litro de agua de riego una vez por semana, durante todo el periodo de floraci\u00f3n.<\/p>\n<p>B) Aplicaci\u00f3n foliar: 4 ml en 1 l de agua. 1\u00aa Aplicaci\u00f3n cuando aparezcan las primeras flores. Repetir cada 15-20 d\u00edas.<\/p>\n<p>DOSIFICACI\u00d3N BACHUMUS EVOLUTION CRECIMIENTO<\/p>\n<p>C) Aplicar en riego: a\u00f1adir 4 ml de Bachumus por litro de agua de riego una vez por semana, durante todo el periodo de crecimiento.<\/p>\n<p>D) Aplicaci\u00f3n foliar: 4 ml en 1 l de agua. 1\u00aa Aplicaci\u00f3n cuando aparezcan las primeras 4-5 hojas. Repetir cada 15-20 d\u00edas.<\/p>\n","protected":false},"featured_media":10815,"comment_status":"open","ping_status":"closed","template":"","meta":{"_bst_post_transparent":"","_bst_post_title":"","_bst_post_layout":"","_bst_post_sidebar_id":"","_bst_post_content_style":"","_bst_post_vertical_padding":"","_bst_post_feature":"","_bst_post_feature_position":"","_bst_post_header":false,"_bst_post_footer":false},"pwb-brand":[159],"product_brand":[],"product_cat":[39],"product_tag":[],"class_list":{"0":"post-12071","1":"product","2":"type-product","3":"status-publish","4":"has-post-thumbnail","6":"pwb-brand-trabe","7":"product_cat-fertilizantes","9":"first","10":"instock","11":"sale","12":"taxable","13":"shipping-taxable","14":"purchasable","15":"product-type-simple","16":"entry","17":"content-bg","18":"loop-entry"},"brands":[{"id":159,"name":"Trabe","slug":"trabe"}],"_links":{"self":[{"href":"https:\/\/puregrowshop.com\/fr\/wp-json\/wp\/v2\/product\/12071","targetHints":{"allow":["GET"]}}],"collection":[{"href":"https:\/\/puregrowshop.com\/fr\/wp-json\/wp\/v2\/product"}],"about":[{"href":"https:\/\/puregrowshop.com\/fr\/wp-json\/wp\/v2\/types\/product"}],"replies":[{"embeddable":true,"href":"https:\/\/puregrowshop.com\/fr\/wp-json\/wp\/v2\/comments?post=12071"}],"wp:featuredmedia":[{"embeddable":true,"href":"https:\/\/puregrowshop.com\/fr\/wp-json\/wp\/v2\/media\/10815"}],"wp:attachment":[{"href":"https:\/\/puregrowshop.com\/fr\/wp-json\/wp\/v2\/media?parent=12071"}],"wp:term":[{"taxonomy":"pwb-brand","embeddable":true,"href":"https:\/\/puregrowshop.com\/fr\/wp-json\/wp\/v2\/pwb-brand?post=12071"},{"taxonomy":"product_brand","embeddable":true,"href":"https:\/\/puregrowshop.com\/fr\/wp-json\/wp\/v2\/product_brand?post=12071"},{"taxonomy":"product_cat","embeddable":true,"href":"https:\/\/puregrowshop.com\/fr\/wp-json\/wp\/v2\/product_cat?post=12071"},{"taxonomy":"product_tag","embeddable":true,"href":"https:\/\/puregrowshop.com\/fr\/wp-json\/wp\/v2\/product_tag?post=12071"}],"curies":[{"name":"wp","href":"https:\/\/api.w.org\/{rel}","templated":true}]}}