{"id":12066,"date":"2024-10-28T20:01:01","date_gmt":"2024-10-28T20:01:01","guid":{"rendered":"https:\/\/puregrowshop.com\/propolix-30-ml-trabe\/"},"modified":"2026-04-07T18:20:16","modified_gmt":"2026-04-07T18:20:16","slug":"propolix-30-ml-trabe","status":"publish","type":"product","link":"https:\/\/puregrowshop.com\/fr\/propolix-30-ml-trabe\/","title":{"rendered":"Propolix   30 ml. Trabe"},"content":{"rendered":"<div class=\"product-description\">\n<p><strong>Descripci\u00f3n del producto:<\/strong> Este producto destaca por ser una soluci\u00f3n natural de origen ecol\u00f3gico para el cuidado integral de tus plantas. Est\u00e1 desarrollado a partir de extractos puros de prop\u00f3leo y dise\u00f1ado para mejorar la salud general de las plantas, optimizando al mismo tiempo su capacidad de resistencia frente a amenazas externas.<\/p>\n<p><strong>Tipo y uso del fertilizante:<\/strong> Se trata de un protector ecol\u00f3gico que act\u00faa como bioestimulante, ayudando a reforzar los tejidos vegetales, estimulando los mecanismos de defensa naturales y promoviendo un desarrollo robusto. Especialmente \u00fatil para cultivos de marihuana, huertos y plantas ornamentales, Propolix preserva y potencia la vitalidad de las plantas, manteni\u00e9ndolas en excelente estado de salud.<\/p>\n<p><strong>Beneficios:<\/strong> Gracias a su composici\u00f3n biol\u00f3gicamente activa, este fertilizante mejora las defensas de la planta ante hongos y bacterias, adem\u00e1s de actuar como revitalizador ante condiciones adversas. Ayuda a prevenir infecciones, fortalece el crecimiento de tejidos y fomenta una mayor resistencia f\u00edsica y biol\u00f3gica del cultivo. Como resultado, obtendr\u00e1s plantas m\u00e1s fuertes y un rendimiento mejorado.<\/p>\n<p><strong>Modo de empleo y dosificaci\u00f3n:<\/strong> Se aplica mediante pulverizaci\u00f3n foliar. Diluye de 1 a 2 ml por litro de agua y mezcla hasta homogeneidad. Pulveriza de manera uniforme sobre las hojas, tallos y bases de la planta cada 10 a 15 d\u00edas. Se recomienda utilizar Propolix preferentemente en las horas de menor exposici\u00f3n solar para maximizar su efectividad.<\/p>\n<p><strong>Composici\u00f3n:<\/strong> Este fertilizante contiene prop\u00f3leo en alta concentraci\u00f3n, acompa\u00f1ado por una mezcla equilibrada de compuestos naturales que aseguran una biocompatibilidad total con tus cultivos. No contiene qu\u00edmicos agresivos ni aditivos perjudiciales, haciendo de Propolix una soluci\u00f3n segura y sostenible.<\/p>\n<\/div>\n<p>&#8220;`<\/p>\n","protected":false},"excerpt":{"rendered":"<p>&#8220;`html<\/p>\n<p>Descubre el poder natural de <strong>Propolix 30 ml de Trabe<\/strong>, un biofungicida org\u00e1nico formulado a base de prop\u00f3leos. Protege tus cultivos de hongos y bacterias, promoviendo una defensa eficaz y respetuosa con el medio ambiente. Ideal para agricultura ecol\u00f3gica y f\u00e1cil de aplicar en todo tipo de plantas.<\/p>\n<p>&#8220;`<\/p>\n","protected":false},"featured_media":10805,"comment_status":"open","ping_status":"closed","template":"","meta":{"_bst_post_transparent":"","_bst_post_title":"","_bst_post_layout":"","_bst_post_sidebar_id":"","_bst_post_content_style":"","_bst_post_vertical_padding":"","_bst_post_feature":"","_bst_post_feature_position":"","_bst_post_header":false,"_bst_post_footer":false},"pwb-brand":[159],"product_brand":[],"product_cat":[39],"product_tag":[],"class_list":{"0":"post-12066","1":"product","2":"type-product","3":"status-publish","4":"has-post-thumbnail","6":"pwb-brand-trabe","7":"product_cat-fertilizantes","9":"first","10":"instock","11":"sale","12":"taxable","13":"shipping-taxable","14":"purchasable","15":"product-type-simple","16":"entry","17":"content-bg","18":"loop-entry"},"brands":[{"id":159,"name":"Trabe","slug":"trabe"}],"_links":{"self":[{"href":"https:\/\/puregrowshop.com\/fr\/wp-json\/wp\/v2\/product\/12066","targetHints":{"allow":["GET"]}}],"collection":[{"href":"https:\/\/puregrowshop.com\/fr\/wp-json\/wp\/v2\/product"}],"about":[{"href":"https:\/\/puregrowshop.com\/fr\/wp-json\/wp\/v2\/types\/product"}],"replies":[{"embeddable":true,"href":"https:\/\/puregrowshop.com\/fr\/wp-json\/wp\/v2\/comments?post=12066"}],"wp:featuredmedia":[{"embeddable":true,"href":"https:\/\/puregrowshop.com\/fr\/wp-json\/wp\/v2\/media\/10805"}],"wp:attachment":[{"href":"https:\/\/puregrowshop.com\/fr\/wp-json\/wp\/v2\/media?parent=12066"}],"wp:term":[{"taxonomy":"pwb-brand","embeddable":true,"href":"https:\/\/puregrowshop.com\/fr\/wp-json\/wp\/v2\/pwb-brand?post=12066"},{"taxonomy":"product_brand","embeddable":true,"href":"https:\/\/puregrowshop.com\/fr\/wp-json\/wp\/v2\/product_brand?post=12066"},{"taxonomy":"product_cat","embeddable":true,"href":"https:\/\/puregrowshop.com\/fr\/wp-json\/wp\/v2\/product_cat?post=12066"},{"taxonomy":"product_tag","embeddable":true,"href":"https:\/\/puregrowshop.com\/fr\/wp-json\/wp\/v2\/product_tag?post=12066"}],"curies":[{"name":"wp","href":"https:\/\/api.w.org\/{rel}","templated":true}]}}