{"id":12065,"date":"2024-10-28T20:01:01","date_gmt":"2024-10-28T20:01:01","guid":{"rendered":"https:\/\/puregrowshop.com\/proneem-450-gr-torta-de-semilla-de-neem-trabe\/"},"modified":"2025-12-27T20:08:05","modified_gmt":"2025-12-27T20:08:05","slug":"proneem-450-gr-torta-de-semilla-de-neem-trabe","status":"publish","type":"product","link":"https:\/\/puregrowshop.com\/fr\/proneem-450-gr-torta-de-semilla-de-neem-trabe\/","title":{"rendered":"Proneem 450 gr. Torta de semilla de Neem Trabe"},"content":{"rendered":"<div class=\"product-description\">\n<p>\n        La **torta de semilla de Neem de Trabe** en su presentaci\u00f3n de <strong>450 gramos<\/strong> es un fertilizante natural s\u00f3lido de lenta liberaci\u00f3n que maximiza la salud y desarrollo de tus plantas, mientras crea una barrera protectora contra plagas y enfermedades comunes en el cultivo. Este abono org\u00e1nico est\u00e1 elaborado a partir del prensado en fr\u00edo de semillas del \u00e1rbol del Neem (<em>Azadirachta indica<\/em>), conservando todas sus propiedades biol\u00f3gicas y nutrientes esenciales. Es ideal tanto para el cultivo en interior como al aire libre, y resulta perfecto para agricultura ecol\u00f3gica.\n    <\/p>\n<p>\n        Entre sus m\u00faltiples beneficios se encuentra su capacidad para enriquecer el sustrato con **compuestos org\u00e1nicos esenciales** y mejorar la estructura del suelo. La torta de Neem favorece el desarrollo de un sistema radicular fuerte, induce un crecimiento robusto y vigoroso, y act\u00faa como un repelente natural hacia insectos da\u00f1inos como nematodos, mosca blanca o pulgones. Adem\u00e1s, fomenta la actividad microbiana beneficiosa del suelo, potenciando el equilibrio ecol\u00f3gico del entorno de las plantas.\n    <\/p>\n<h3>Modo de empleo y dosificaci\u00f3n:<\/h3>\n<ul>\n<li>Para un uso efectivo, mezcla la cantidad adecuada directamente en el sustrato antes de plantar. La dosis adecuada es de **50 a 100 gramos** por cada 10 litros de tierra, dependiendo del tipo de cultivo y sus necesidades.<\/li>\n<li>Tambi\u00e9n es posible aplicarla como aditivo en el periodo de crecimiento de las plantas, incorpor\u00e1ndola superficialmente al sustrato alrededor del tallo.<\/li>\n<li>Para cultivos m\u00e1s grandes, distribuye homog\u00e9neamente de 300 a 500 kg por hect\u00e1rea.<\/li>\n<\/ul>\n<p>\n        Se recomienda regar posteriormente para facilitar la activaci\u00f3n de sus compuestos. Aporta una fertilizaci\u00f3n equilibrada y un control preventivo a largo plazo contra plagas, sustituyendo el uso de qu\u00edmicos agresivos.\n    <\/p>\n<h3>Composici\u00f3n principal:<\/h3>\n<p>\n        Este producto cuenta con un alto contenido de **Azadiractina**, un compuesto activo propio del Neem que act\u00faa como insecticida natural. Tambi\u00e9n contiene \u00e1cidos grasos, microelementos y un importante aporte de **materia org\u00e1nica**, elementos clave para garantizar un crecimiento saludable y sostenible de tus plantas.\n    <\/p>\n<p>\n        Este fertilizante es completamente biodegradable y seguro para el medioambiente, asegurando que tus cultivos y el ecosistema se mantengan libres de residuos qu\u00edmicos da\u00f1inos. Es una apuesta excelente para quienes buscan mejorar sus resultados con una soluci\u00f3n **100% natural y sostenible**.\n    <\/p>\n<\/div>\n<p>&#8220;`<\/p>\n","protected":false},"excerpt":{"rendered":"<p>&#8220;`html<\/p>\n<p><strong>Proneem 450 gr. Torta de semilla de Neem Trabe<\/strong> es una soluci\u00f3n natural ideal para el cuidado de tus plantas. Rica en nutrientes esenciales, mejora la salud del suelo y potencia el crecimiento vegetal mientras protege contra plagas de forma sostenible. Disfruta de un fertilizante *ecol\u00f3gico* y eficiente, perfecto para cultivos org\u00e1nicos.<\/p>\n<p>&#8220;`<\/p>\n","protected":false},"featured_media":10803,"comment_status":"open","ping_status":"closed","template":"","meta":{"_bst_post_transparent":"","_bst_post_title":"","_bst_post_layout":"","_bst_post_sidebar_id":"","_bst_post_content_style":"","_bst_post_vertical_padding":"","_bst_post_feature":"","_bst_post_feature_position":"","_bst_post_header":false,"_bst_post_footer":false},"pwb-brand":[159],"product_brand":[],"product_cat":[39],"product_tag":[],"class_list":{"0":"post-12065","1":"product","2":"type-product","3":"status-publish","4":"has-post-thumbnail","6":"pwb-brand-trabe","7":"product_cat-fertilizantes","9":"first","10":"instock","11":"sale","12":"taxable","13":"shipping-taxable","14":"purchasable","15":"product-type-simple","16":"entry","17":"content-bg","18":"loop-entry"},"brands":[{"id":159,"name":"Trabe","slug":"trabe"}],"_links":{"self":[{"href":"https:\/\/puregrowshop.com\/fr\/wp-json\/wp\/v2\/product\/12065","targetHints":{"allow":["GET"]}}],"collection":[{"href":"https:\/\/puregrowshop.com\/fr\/wp-json\/wp\/v2\/product"}],"about":[{"href":"https:\/\/puregrowshop.com\/fr\/wp-json\/wp\/v2\/types\/product"}],"replies":[{"embeddable":true,"href":"https:\/\/puregrowshop.com\/fr\/wp-json\/wp\/v2\/comments?post=12065"}],"wp:featuredmedia":[{"embeddable":true,"href":"https:\/\/puregrowshop.com\/fr\/wp-json\/wp\/v2\/media\/10803"}],"wp:attachment":[{"href":"https:\/\/puregrowshop.com\/fr\/wp-json\/wp\/v2\/media?parent=12065"}],"wp:term":[{"taxonomy":"pwb-brand","embeddable":true,"href":"https:\/\/puregrowshop.com\/fr\/wp-json\/wp\/v2\/pwb-brand?post=12065"},{"taxonomy":"product_brand","embeddable":true,"href":"https:\/\/puregrowshop.com\/fr\/wp-json\/wp\/v2\/product_brand?post=12065"},{"taxonomy":"product_cat","embeddable":true,"href":"https:\/\/puregrowshop.com\/fr\/wp-json\/wp\/v2\/product_cat?post=12065"},{"taxonomy":"product_tag","embeddable":true,"href":"https:\/\/puregrowshop.com\/fr\/wp-json\/wp\/v2\/product_tag?post=12065"}],"curies":[{"name":"wp","href":"https:\/\/api.w.org\/{rel}","templated":true}]}}