{"id":12063,"date":"2024-10-28T20:00:54","date_gmt":"2024-10-28T20:00:54","guid":{"rendered":"https:\/\/puregrowshop.com\/guanaforte-1-250-gr-trabe\/"},"modified":"2025-12-27T20:28:45","modified_gmt":"2025-12-27T20:28:45","slug":"guanaforte-1-250-gr-trabe","status":"publish","type":"product","link":"https:\/\/puregrowshop.com\/fr\/guanaforte-1-250-gr-trabe\/","title":{"rendered":"Guanaforte  1.250 gr. Trabe"},"content":{"rendered":"<div class=\"product-description\">\n<p><strong>Tipo y uso:<\/strong> Este fertilizante org\u00e1nico en polvo est\u00e1 formulado a base de guano 100% natural, compuesto principalmente por excrementos de murci\u00e9lago procesados de forma sostenible. Es ideal para cualquier tipo de cultivo, ya sea en suelo, sustrato o mezclado con el agua de riego. Su uso est\u00e1 orientado tanto a cultivos en crecimiento como en floraci\u00f3n, aportando los nutrientes clave que las plantas necesitan para desarrollar todo su potencial.<\/p>\n<p><strong>Beneficios:<\/strong> Este producto destaca por su capacidad para mejorar significativamente la calidad del suelo, aumentando su capacidad de retenci\u00f3n de nutrientes y promoviendo una excelente aireaci\u00f3n. Adem\u00e1s, se trata de un fertilizante de liberaci\u00f3n lenta, lo que significa que las plantas reciben los nutrientes de manera gradual, optimizando su asimilaci\u00f3n y minimizando el riesgo de sobrefertilizaci\u00f3n. Conseguir\u00e1s tallos m\u00e1s robustos, flores m\u00e1s grandes y frutos de aroma y sabor intensificado gracias a su aporte de f\u00f3sforo y otros micronutrientes esenciales.<\/p>\n<p><strong>Modo de empleo y dosificaci\u00f3n:<\/strong> Para su uso directo en el suelo, mezcla 50 gramos por cada 10 litros de sustrato. Si prefieres disolverlo en agua, utiliza una proporci\u00f3n de 10 gramos por litro y deja reposar durante 24 horas removiendo ocasionalmente. Este preparado puede ser utilizado semanalmente durante el riego en las fases de crecimiento y floraci\u00f3n. Recuerda agitar bien antes de aplicar en tu cultivo y ajustar la dosificaci\u00f3n seg\u00fan la respuesta de tus plantas.<\/p>\n<p><strong>Composici\u00f3n:<\/strong> Este fertilizante est\u00e1 compuesto por un alto porcentaje de f\u00f3sforo, junto con nitr\u00f3geno, potasio y calcio, as\u00ed como una rica variedad de microelementos como magnesio, zinc y hierro. Estos nutrientes no solo aportan fuerza y vigor a tus plantas, sino que tambi\u00e9n mejoran la estructura del suelo y promueven una microbiota saludable que trabaja en sinergia con las ra\u00edces para maximizar la absorci\u00f3n de nutrientes.<\/p>\n<p>Su composici\u00f3n balanceada lo convierte en una opci\u00f3n ecol\u00f3gica y completa para cultivadores que buscan promover un crecimiento saludable y obtener cosechas de calidad premium.<\/p>\n<\/div>\n<p>&#8220;`<\/p>\n","protected":false},"excerpt":{"rendered":"<p>&#8220;`html<\/p>\n<p><strong>Fertilizante org\u00e1nico de alta calidad<\/strong>, elaborado con guano 100% natural. Guanaforte 1.250 gr. de Trabe es ideal para potenciar el crecimiento y la floraci\u00f3n de tus plantas, aportando nutrientes esenciales como f\u00f3sforo y potasio. Mejora notablemente los resultados en cultivos ecol\u00f3gicos y favorece un desarrollo vigoroso.<\/p>\n<p>&#8220;`<\/p>\n","protected":false},"featured_media":10799,"comment_status":"open","ping_status":"closed","template":"","meta":{"_bst_post_transparent":"","_bst_post_title":"","_bst_post_layout":"","_bst_post_sidebar_id":"","_bst_post_content_style":"","_bst_post_vertical_padding":"","_bst_post_feature":"","_bst_post_feature_position":"","_bst_post_header":false,"_bst_post_footer":false},"pwb-brand":[159],"product_brand":[],"product_cat":[39],"product_tag":[],"class_list":{"0":"post-12063","1":"product","2":"type-product","3":"status-publish","4":"has-post-thumbnail","6":"pwb-brand-trabe","7":"product_cat-fertilizantes","9":"first","10":"instock","11":"sale","12":"taxable","13":"shipping-taxable","14":"purchasable","15":"product-type-simple","16":"entry","17":"content-bg","18":"loop-entry"},"brands":[{"id":159,"name":"Trabe","slug":"trabe"}],"_links":{"self":[{"href":"https:\/\/puregrowshop.com\/fr\/wp-json\/wp\/v2\/product\/12063","targetHints":{"allow":["GET"]}}],"collection":[{"href":"https:\/\/puregrowshop.com\/fr\/wp-json\/wp\/v2\/product"}],"about":[{"href":"https:\/\/puregrowshop.com\/fr\/wp-json\/wp\/v2\/types\/product"}],"replies":[{"embeddable":true,"href":"https:\/\/puregrowshop.com\/fr\/wp-json\/wp\/v2\/comments?post=12063"}],"wp:featuredmedia":[{"embeddable":true,"href":"https:\/\/puregrowshop.com\/fr\/wp-json\/wp\/v2\/media\/10799"}],"wp:attachment":[{"href":"https:\/\/puregrowshop.com\/fr\/wp-json\/wp\/v2\/media?parent=12063"}],"wp:term":[{"taxonomy":"pwb-brand","embeddable":true,"href":"https:\/\/puregrowshop.com\/fr\/wp-json\/wp\/v2\/pwb-brand?post=12063"},{"taxonomy":"product_brand","embeddable":true,"href":"https:\/\/puregrowshop.com\/fr\/wp-json\/wp\/v2\/product_brand?post=12063"},{"taxonomy":"product_cat","embeddable":true,"href":"https:\/\/puregrowshop.com\/fr\/wp-json\/wp\/v2\/product_cat?post=12063"},{"taxonomy":"product_tag","embeddable":true,"href":"https:\/\/puregrowshop.com\/fr\/wp-json\/wp\/v2\/product_tag?post=12063"}],"curies":[{"name":"wp","href":"https:\/\/api.w.org\/{rel}","templated":true}]}}