{"id":12052,"date":"2024-10-28T20:00:53","date_gmt":"2024-10-28T20:00:53","guid":{"rendered":"https:\/\/puregrowshop.com\/rokzbastic-50-ml-atami-bcuzz\/"},"modified":"2025-12-27T20:07:56","modified_gmt":"2025-12-27T20:07:56","slug":"rokzbastic-50-ml-atami-bcuzz","status":"publish","type":"product","link":"https:\/\/puregrowshop.com\/fr\/rokzbastic-50-ml-atami-bcuzz\/","title":{"rendered":"Rokzbastic    50 ml. Atami B&#8217;cuzz"},"content":{"rendered":"<div class=\"product-description\">\n<p>\n        El <strong>Rokzbastic<\/strong> de 50 ml de Atami B&#8217;cuzz es un poderoso aditivo que ha sido formulado espec\u00edficamente para potenciar al m\u00e1ximo el rendimiento de tus cultivos en la fase final de floraci\u00f3n. Este producto es ideal para cultivadores que buscan obtener resultados m\u00e1s densos, compactos y con un aroma excepcional en sus flores.\n    <\/p>\n<p>\n        Gracias a su dise\u00f1o avanzado, este fertilizante ayuda a mejorar la formaci\u00f3n de resina, lo que maximiza la calidad, el tama\u00f1o y el peso de las cosechas. Adem\u00e1s, los nutrientes cuidadosamente equilibrados facilitan una \u00f3ptima asimilaci\u00f3n sin causar estr\u00e9s en la planta, permitiendo un desarrollo explosivo en las \u00faltimas etapas del ciclo de cultivo.\n    <\/p>\n<p>\n        <strong>Modo de empleo y dosificaci\u00f3n:<\/strong> El Rokzbastic debe a\u00f1adirse al agua de riego una vez que las plantas hayan alcanzado la fase de floraci\u00f3n tard\u00eda. La dosis recomendada es de 0,5 a 1 ml por litro de agua, dependiendo de las necesidades del cultivo y del sistema de riego utilizado. Se puede aplicar tanto en cultivos de tierra, coco o hidrop\u00f3nicos. Es importante seguir las instrucciones del fabricante y ajustar seg\u00fan las circunstancias de cada planta.\n    <\/p>\n<p>\n        <strong>Composici\u00f3n:<\/strong> Este aditivo contiene una mezcla equilibrada de f\u00f3sforo, potasio y oligoelementos esenciales que contribuyen directamente a una floraci\u00f3n vigorosa. Su f\u00f3rmula concentrada incluye una alta proporci\u00f3n de PK (f\u00f3sforo y potasio) dise\u00f1ada espec\u00edficamente para cubrir las demandas de las plantas durante esta etapa cr\u00edtica.\n    <\/p>\n<p>\n        El uso continuo de Rokzbastic garantiza resultados sorprendentes en calidad y cantidad, maximizando el rendimiento final de tus cultivos, ideal tanto para cultivos de interior como exterior. \u00a1Eleva tus cosechas a otro nivel con este potente aditivo de Atami B&#8217;cuzz!\n    <\/p>\n<\/div>\n<p>&#8220;`<\/p>\n","protected":false},"excerpt":{"rendered":"<p>&#8220;`html<\/p>\n<p>Impulsa al m\u00e1ximo el desarrollo de tus flores y frutos con este exclusivo **estimulador** de alto rendimiento. Su f\u00f3rmula premium garantiza **resultados excepcionales** en peso, aroma y calidad, perfecto para cualquier entorno de cultivo. Aumenta la densidad y el tama\u00f1o mientras optimizas el rendimiento de tu cosecha.<\/p>\n<p>&#8220;`<\/p>\n","protected":false},"featured_media":10777,"comment_status":"open","ping_status":"closed","template":"","meta":{"_bst_post_transparent":"","_bst_post_title":"","_bst_post_layout":"","_bst_post_sidebar_id":"","_bst_post_content_style":"","_bst_post_vertical_padding":"","_bst_post_feature":"","_bst_post_feature_position":"","_bst_post_header":false,"_bst_post_footer":false},"pwb-brand":[158],"product_brand":[],"product_cat":[39],"product_tag":[],"class_list":{"0":"post-12052","1":"product","2":"type-product","3":"status-publish","4":"has-post-thumbnail","6":"pwb-brand-atami-bcuzz","7":"product_cat-fertilizantes","9":"first","10":"instock","11":"sale","12":"taxable","13":"shipping-taxable","14":"purchasable","15":"product-type-simple","16":"entry","17":"content-bg","18":"loop-entry"},"brands":[{"id":158,"name":"Atami B\u00b4Cuzz","slug":"atami-bcuzz"}],"_links":{"self":[{"href":"https:\/\/puregrowshop.com\/fr\/wp-json\/wp\/v2\/product\/12052","targetHints":{"allow":["GET"]}}],"collection":[{"href":"https:\/\/puregrowshop.com\/fr\/wp-json\/wp\/v2\/product"}],"about":[{"href":"https:\/\/puregrowshop.com\/fr\/wp-json\/wp\/v2\/types\/product"}],"replies":[{"embeddable":true,"href":"https:\/\/puregrowshop.com\/fr\/wp-json\/wp\/v2\/comments?post=12052"}],"wp:featuredmedia":[{"embeddable":true,"href":"https:\/\/puregrowshop.com\/fr\/wp-json\/wp\/v2\/media\/10777"}],"wp:attachment":[{"href":"https:\/\/puregrowshop.com\/fr\/wp-json\/wp\/v2\/media?parent=12052"}],"wp:term":[{"taxonomy":"pwb-brand","embeddable":true,"href":"https:\/\/puregrowshop.com\/fr\/wp-json\/wp\/v2\/pwb-brand?post=12052"},{"taxonomy":"product_brand","embeddable":true,"href":"https:\/\/puregrowshop.com\/fr\/wp-json\/wp\/v2\/product_brand?post=12052"},{"taxonomy":"product_cat","embeddable":true,"href":"https:\/\/puregrowshop.com\/fr\/wp-json\/wp\/v2\/product_cat?post=12052"},{"taxonomy":"product_tag","embeddable":true,"href":"https:\/\/puregrowshop.com\/fr\/wp-json\/wp\/v2\/product_tag?post=12052"}],"curies":[{"name":"wp","href":"https:\/\/api.w.org\/{rel}","templated":true}]}}