{"id":12051,"date":"2024-10-28T20:00:53","date_gmt":"2024-10-28T20:00:53","guid":{"rendered":"https:\/\/puregrowshop.com\/bi-bloombastic-50-ml-atami-bcuzz\/"},"modified":"2025-12-27T20:07:56","modified_gmt":"2025-12-27T20:07:56","slug":"bi-bloombastic-50-ml-atami-bcuzz","status":"publish","type":"product","link":"https:\/\/puregrowshop.com\/fr\/bi-bloombastic-50-ml-atami-bcuzz\/","title":{"rendered":"Bi Bloombastic   50 ml. Atami B&#8217;cuzz"},"content":{"rendered":"<div class=\"product-description\">\n<p><strong>Tipo y uso del fertilizante:<\/strong> Este potente estimulador de floraci\u00f3n ha sido espec\u00edficamente dise\u00f1ado para la fase final del desarrollo de las flores en todo tipo de cultivos, incluidos tierra, coco e hidropon\u00eda. Est\u00e1 inspirado en la gama B&#8217;cuzz de Atami, ofreciendo un complemento perfecto para maximizar la producci\u00f3n de flores densas y cargadas de resina.<\/p>\n<p><strong>Beneficios que consigue en la planta:<\/strong> Bi Bloombastic combina una serie de bio-minerales y bioestimuladores que optimizan la asimilaci\u00f3n de nutrientes. Como resultado, tus plantas experimentar\u00e1n un incremento notable en el peso, volumen y calidad de las flores. Este producto fomenta una abundante producci\u00f3n de aceites esenciales y az\u00facares, lo cual mejora significativamente el aroma, sabor y densidad de los cogollos.<\/p>\n<p><strong>Modo de empleo y dosificaci\u00f3n:<\/strong> Se recomienda empezar su uso en la \u00faltima etapa de la floraci\u00f3n, generalmente en las \u00faltimas 4 a 6 semanas del ciclo de cultivo. Mezcla 0,5 a 1 ml de Bi Bloombastic en 1 litro de agua de riego. Agitar bien antes de su aplicaci\u00f3n. Compatible con sistemas de riego por goteo, ya que no genera residuos que puedan obstruir los conductos.<\/p>\n<p><strong>Composici\u00f3n:<\/strong> Formulado con una combinaci\u00f3n \u00fanica de fosfatos, potasio y hierro, complementada con bioestimulantes de origen natural. Esta mezcla equilibrada mejora la estructura general de las plantas mientras aporta todos los micro y macronutrientes esenciales para maximizar la producci\u00f3n y calidad del cultivo.<\/p>\n<\/div>\n<p>&#8220;`<\/p>\n","protected":false},"excerpt":{"rendered":"<p>&#8220;`html<\/p>\n<p>Fertilizante premium altamente concentrado para la etapa de floraci\u00f3n. **Bi Bloombastic 50 ml** combina minerales esenciales y bioestimulantes que potencian al m\u00e1ximo la producci\u00f3n, aumentando la densidad, aroma y sabor de los cogollos. Ideal para cultivadores que buscan resultados profesionales.<\/p>\n<p>&#8220;`<\/p>\n","protected":false},"featured_media":10775,"comment_status":"open","ping_status":"closed","template":"","meta":{"_bst_post_transparent":"","_bst_post_title":"","_bst_post_layout":"","_bst_post_sidebar_id":"","_bst_post_content_style":"","_bst_post_vertical_padding":"","_bst_post_feature":"","_bst_post_feature_position":"","_bst_post_header":false,"_bst_post_footer":false},"pwb-brand":[158],"product_brand":[],"product_cat":[39],"product_tag":[],"class_list":{"0":"post-12051","1":"product","2":"type-product","3":"status-publish","4":"has-post-thumbnail","6":"pwb-brand-atami-bcuzz","7":"product_cat-fertilizantes","9":"first","10":"instock","11":"sale","12":"taxable","13":"shipping-taxable","14":"purchasable","15":"product-type-simple","16":"entry","17":"content-bg","18":"loop-entry"},"brands":[{"id":158,"name":"Atami B\u00b4Cuzz","slug":"atami-bcuzz"}],"_links":{"self":[{"href":"https:\/\/puregrowshop.com\/fr\/wp-json\/wp\/v2\/product\/12051","targetHints":{"allow":["GET"]}}],"collection":[{"href":"https:\/\/puregrowshop.com\/fr\/wp-json\/wp\/v2\/product"}],"about":[{"href":"https:\/\/puregrowshop.com\/fr\/wp-json\/wp\/v2\/types\/product"}],"replies":[{"embeddable":true,"href":"https:\/\/puregrowshop.com\/fr\/wp-json\/wp\/v2\/comments?post=12051"}],"wp:featuredmedia":[{"embeddable":true,"href":"https:\/\/puregrowshop.com\/fr\/wp-json\/wp\/v2\/media\/10775"}],"wp:attachment":[{"href":"https:\/\/puregrowshop.com\/fr\/wp-json\/wp\/v2\/media?parent=12051"}],"wp:term":[{"taxonomy":"pwb-brand","embeddable":true,"href":"https:\/\/puregrowshop.com\/fr\/wp-json\/wp\/v2\/pwb-brand?post=12051"},{"taxonomy":"product_brand","embeddable":true,"href":"https:\/\/puregrowshop.com\/fr\/wp-json\/wp\/v2\/product_brand?post=12051"},{"taxonomy":"product_cat","embeddable":true,"href":"https:\/\/puregrowshop.com\/fr\/wp-json\/wp\/v2\/product_cat?post=12051"},{"taxonomy":"product_tag","embeddable":true,"href":"https:\/\/puregrowshop.com\/fr\/wp-json\/wp\/v2\/product_tag?post=12051"}],"curies":[{"name":"wp","href":"https:\/\/api.w.org\/{rel}","templated":true}]}}