{"id":11938,"date":"2024-10-28T20:00:35","date_gmt":"2024-10-28T20:00:35","guid":{"rendered":"https:\/\/puregrowshop.com\/organic-pk-booster-20-lt-bac\/"},"modified":"2026-02-14T09:25:36","modified_gmt":"2026-02-14T09:25:36","slug":"organic-pk-booster-20-lt-bac","status":"publish","type":"product","link":"https:\/\/puregrowshop.com\/fr\/organic-pk-booster-20-lt-bac\/","title":{"rendered":"Organic Pk Booster  20 lt. BAC"},"content":{"rendered":"<p><strong>Tipo y Uso:<\/strong> Este fertilizante altamente concentrado est\u00e1 dise\u00f1ado para la fase de floraci\u00f3n de tus plantas, aportando un impulso org\u00e1nico de f\u00f3sforo (P) y potasio (K) que maximiza el rendimiento. Ideal para cultivos que requieren un soporte extra para desarrollar flores grandes, densas y con mayor contenido de resina. Perfecto tanto para cultivadores aficionados como profesionales que buscan una cosecha de alta calidad.<\/p>\n<p><strong>Beneficios:<\/strong> Organic PK Booster 20 lt. BAC proporciona a tus plantas todos los nutrientes esenciales para fortalecer la formaci\u00f3n de flores y mejorar su densidad. Su f\u00f3rmula exclusiva ayuda a aumentar la producci\u00f3n de az\u00facares y aceites esenciales, lo que se traduce en un aroma, sabor y potencia incomparable en tus cosechas. Adem\u00e1s, al estar elaborado con ingredientes org\u00e1nicos, es ideal para quienes buscan una producci\u00f3n libre de qu\u00edmicos perjudiciales.<\/p>\n<p><strong>Modo de empleo:<\/strong> Este fertilizante se utiliza principalmente durante la fase de floraci\u00f3n, por lo general a partir de la cuarta semana, cuando las plantas empiezan a desarrollar brotes m\u00e1s visibles. Diluir en agua de riego y aplicar directamente al sustrato o al sistema de riego autom\u00e1tico. Es compatible tanto con cultivos en tierra como en coco o hidropon\u00eda.<\/p>\n<p><strong>Dosificaci\u00f3n:<\/strong> La dosificaci\u00f3n recomendada es de 1 a 2 ml por litro de agua. Comenzar con una proporci\u00f3n m\u00e1s baja e ir aumentando gradualmente seg\u00fan las necesidades de las plantas y la respuesta observada. Se recomienda controlar los niveles de pH y EC para obtener resultados \u00f3ptimos. Consultar la tabla de cultivo BAC para una gu\u00eda m\u00e1s precisa.<\/p>\n<p><strong>Composici\u00f3n:<\/strong> Este producto contiene altos niveles de f\u00f3sforo (P) y potasio (K), acompa\u00f1ados de microelementos esenciales que favorecen la absorci\u00f3n eficiente de los nutrientes. Compuesto exclusivamente por ingredientes 100% org\u00e1nicos, lo que lo hace seguro para el medioambiente y para el cultivo del agricultor que busca una producci\u00f3n sostenible.<\/p>\n<p>&#8220;`<\/p>\n","protected":false},"excerpt":{"rendered":"<p>&#8220;`html<\/p>\n<p>Potencia la floraci\u00f3n de tus plantas con este estimulador **100% org\u00e1nico** dise\u00f1ado para maximizar el rendimiento. Su f\u00f3rmula exclusiva enriquecida con f\u00f3sforo y potasio impulsa un desarrollo explosivo de cogollos, mejorando la densidad y aroma sin comprometer la calidad natural. Ideal para cultivadores exigentes que buscan resultados sobresalientes.<\/p>\n<p>&#8220;`<\/p>\n","protected":false},"featured_media":10552,"comment_status":"open","ping_status":"closed","template":"","meta":{"_bst_post_transparent":"default","_bst_post_title":"","_bst_post_layout":"default","_bst_post_sidebar_id":"","_bst_post_content_style":"default","_bst_post_vertical_padding":"default","_bst_post_feature":"","_bst_post_feature_position":"","_bst_post_header":false,"_bst_post_footer":false},"pwb-brand":[157],"product_brand":[],"product_cat":[39],"product_tag":[],"class_list":{"0":"post-11938","1":"product","2":"type-product","3":"status-publish","4":"has-post-thumbnail","6":"pwb-brand-bac","7":"product_cat-fertilizantes","8":"product_shipping_class-entre-20-kg-y-30-kg","10":"first","11":"instock","12":"sale","13":"taxable","14":"shipping-taxable","15":"purchasable","16":"product-type-simple","17":"entry","18":"content-bg","19":"loop-entry"},"brands":[{"id":157,"name":"Bac","slug":"bac"}],"_links":{"self":[{"href":"https:\/\/puregrowshop.com\/fr\/wp-json\/wp\/v2\/product\/11938","targetHints":{"allow":["GET"]}}],"collection":[{"href":"https:\/\/puregrowshop.com\/fr\/wp-json\/wp\/v2\/product"}],"about":[{"href":"https:\/\/puregrowshop.com\/fr\/wp-json\/wp\/v2\/types\/product"}],"replies":[{"embeddable":true,"href":"https:\/\/puregrowshop.com\/fr\/wp-json\/wp\/v2\/comments?post=11938"}],"wp:featuredmedia":[{"embeddable":true,"href":"https:\/\/puregrowshop.com\/fr\/wp-json\/wp\/v2\/media\/10552"}],"wp:attachment":[{"href":"https:\/\/puregrowshop.com\/fr\/wp-json\/wp\/v2\/media?parent=11938"}],"wp:term":[{"taxonomy":"pwb-brand","embeddable":true,"href":"https:\/\/puregrowshop.com\/fr\/wp-json\/wp\/v2\/pwb-brand?post=11938"},{"taxonomy":"product_brand","embeddable":true,"href":"https:\/\/puregrowshop.com\/fr\/wp-json\/wp\/v2\/product_brand?post=11938"},{"taxonomy":"product_cat","embeddable":true,"href":"https:\/\/puregrowshop.com\/fr\/wp-json\/wp\/v2\/product_cat?post=11938"},{"taxonomy":"product_tag","embeddable":true,"href":"https:\/\/puregrowshop.com\/fr\/wp-json\/wp\/v2\/product_tag?post=11938"}],"curies":[{"name":"wp","href":"https:\/\/api.w.org\/{rel}","templated":true}]}}