{"id":11934,"date":"2024-10-28T20:00:34","date_gmt":"2024-10-28T20:00:34","guid":{"rendered":"https:\/\/puregrowshop.com\/sugar-candy-sirup-500-ml-bac\/"},"modified":"2025-12-27T20:07:41","modified_gmt":"2025-12-27T20:07:41","slug":"sugar-candy-sirup-500-ml-bac","status":"publish","type":"product","link":"https:\/\/puregrowshop.com\/fr\/sugar-candy-sirup-500-ml-bac\/","title":{"rendered":"Sugar Candy Sirup   500 ml. BAC"},"content":{"rendered":"<div class=\"product-description\">\n<h2>Descripci\u00f3n<\/h2>\n<p><strong>Sugar Candy Sirup<\/strong> de BAC en formato de 500 ml es un potente potenciador de sabor para tus plantas, formulado especialmente para maximizar la calidad de tus cosechas. Este fertilizante org\u00e1nico revolucionario est\u00e1 dise\u00f1ado para mejorar el desarrollo floral y aumentar significativamente la densidad de los cogollos. Gracias a su exclusiva formulaci\u00f3n, contribuye a elevar el contenido de az\u00facares, lo que se traduce en flores con sabores m\u00e1s intensos y aromas m\u00e1s exquisitos.<\/p>\n<h3>Beneficios<\/h3>\n<ul>\n<li>Incrementa el contenido de <strong>az\u00facares<\/strong> en las flores, intensificando el sabor y aroma de tu planta.<\/li>\n<li>Favorece una mayor formaci\u00f3n de resina, mejorando tanto la calidad como la cantidad del producto final.<\/li>\n<li>Aumenta la densidad y el peso de los cogollos, optimizando la producci\u00f3n.<\/li>\n<li>Es altamente efectivo para cultivos en <strong>sustratos org\u00e1nicos, coco, e hidropon\u00eda<\/strong>.<\/li>\n<\/ul>\n<h3>Modo de empleo<\/h3>\n<p>Sugar Candy Sirup es muy sencillo de usar. Se aplica durante las fases avanzadas de floraci\u00f3n, cuando la planta necesita un aporte energ\u00e9tico extra para desarrollar al m\u00e1ximo sus flores y aroma. Para aplicar este producto:<\/p>\n<ol>\n<li>Mezcla la dosis recomendada de 1 a 2 ml por litro de agua de riego.<\/li>\n<li>Usa la mezcla en el riego habitual de tus plantas una o dos veces a la semana, dependiendo de las necesidades espec\u00edficas de tu cultivo.<\/li>\n<li>Compatible con otros fertilizantes BAC y puede integrarse en programas de fertilizaci\u00f3n ya establecidos.<\/li>\n<\/ol>\n<h3>Composici\u00f3n<\/h3>\n<p>Sugar Candy Sirup contiene una combinaci\u00f3n exclusiva de <strong>extractos vegetales naturales<\/strong> y carbohidratos espec\u00edficos, dise\u00f1ados para ser asimilados r\u00e1pidamente por la planta. Adem\u00e1s, aporta oligoelementos que act\u00faan como catalizadores en el metabolismo, optimizando la absorci\u00f3n de nutrientes y fortaleciendo el sistema inmunol\u00f3gico de la planta.<\/p>\n<p>El uso de este producto asegura cosechas de alta calidad, con sabores \u00fanicos y aromas bien definidos. Un complemento esencial para cualquier cultivador que quiera llevar su jard\u00edn al siguiente nivel.<\/p>\n<\/div>\n<p>&#8220;`<\/p>\n","protected":false},"excerpt":{"rendered":"<p>&#8220;`html<\/p>\n<p>Descubre el espectacular **Sugar Candy Sirup 500 ml. BAC**, un potenciador natural que optimiza la producci\u00f3n de az\u00facares en tus plantas, mejorando el aroma y sabor final de tus cultivos. Ideal para garantizar flores resinosas de gran calidad.<\/p>\n<p>&#8220;`<\/p>\n","protected":false},"featured_media":10544,"comment_status":"open","ping_status":"closed","template":"","meta":{"_bst_post_transparent":"","_bst_post_title":"","_bst_post_layout":"","_bst_post_sidebar_id":"","_bst_post_content_style":"","_bst_post_vertical_padding":"","_bst_post_feature":"","_bst_post_feature_position":"","_bst_post_header":false,"_bst_post_footer":false},"pwb-brand":[157],"product_brand":[],"product_cat":[39],"product_tag":[],"class_list":{"0":"post-11934","1":"product","2":"type-product","3":"status-publish","4":"has-post-thumbnail","6":"pwb-brand-bac","7":"product_cat-fertilizantes","9":"first","10":"instock","11":"sale","12":"taxable","13":"shipping-taxable","14":"purchasable","15":"product-type-simple","16":"entry","17":"content-bg","18":"loop-entry"},"brands":[{"id":157,"name":"Bac","slug":"bac"}],"_links":{"self":[{"href":"https:\/\/puregrowshop.com\/fr\/wp-json\/wp\/v2\/product\/11934","targetHints":{"allow":["GET"]}}],"collection":[{"href":"https:\/\/puregrowshop.com\/fr\/wp-json\/wp\/v2\/product"}],"about":[{"href":"https:\/\/puregrowshop.com\/fr\/wp-json\/wp\/v2\/types\/product"}],"replies":[{"embeddable":true,"href":"https:\/\/puregrowshop.com\/fr\/wp-json\/wp\/v2\/comments?post=11934"}],"wp:featuredmedia":[{"embeddable":true,"href":"https:\/\/puregrowshop.com\/fr\/wp-json\/wp\/v2\/media\/10544"}],"wp:attachment":[{"href":"https:\/\/puregrowshop.com\/fr\/wp-json\/wp\/v2\/media?parent=11934"}],"wp:term":[{"taxonomy":"pwb-brand","embeddable":true,"href":"https:\/\/puregrowshop.com\/fr\/wp-json\/wp\/v2\/pwb-brand?post=11934"},{"taxonomy":"product_brand","embeddable":true,"href":"https:\/\/puregrowshop.com\/fr\/wp-json\/wp\/v2\/product_brand?post=11934"},{"taxonomy":"product_cat","embeddable":true,"href":"https:\/\/puregrowshop.com\/fr\/wp-json\/wp\/v2\/product_cat?post=11934"},{"taxonomy":"product_tag","embeddable":true,"href":"https:\/\/puregrowshop.com\/fr\/wp-json\/wp\/v2\/product_tag?post=11934"}],"curies":[{"name":"wp","href":"https:\/\/api.w.org\/{rel}","templated":true}]}}