{"id":11932,"date":"2024-10-28T20:00:34","date_gmt":"2024-10-28T20:00:34","guid":{"rendered":"https:\/\/puregrowshop.com\/sugar-candy-sirup-1-l-bac\/"},"modified":"2025-12-27T20:07:33","modified_gmt":"2025-12-27T20:07:33","slug":"sugar-candy-sirup-1-l-bac","status":"publish","type":"product","link":"https:\/\/puregrowshop.com\/fr\/sugar-candy-sirup-1-l-bac\/","title":{"rendered":"Sugar Candy Sirup  1 l. BAC"},"content":{"rendered":"<div class=\"product-description\">\n<h2>Descripci\u00f3n<\/h2>\n<p><strong>Sugar Candy Sirup 1 L. BAC<\/strong> es un fertilizante 100% org\u00e1nico dise\u00f1ado espec\u00edficamente para potenciar el desarrollo de los az\u00facares naturales en tus plantas. Este sirope es ideal para la etapa de floraci\u00f3n, ya que act\u00faa directamente sobre la producci\u00f3n de resinas y la formaci\u00f3n de cogollos m\u00e1s densos y saborosos, asegurando una cosecha rica en aromas y con perfiles terp\u00e9nicos intensificados.<\/p>\n<h2>Tipo y Uso<\/h2>\n<p>Sugar Candy Sirup es un potenciador espec\u00edfico para las fases avanzadas de floraci\u00f3n. Este producto est\u00e1 formulado para cultivos en tierra, coco e hidropon\u00eda, siendo compatible tanto en cultivos interiores como exteriores. Tambi\u00e9n puede utilizarse en combinaci\u00f3n con otros fertilizantes base para optimizar los resultados finales.<\/p>\n<h2>Beneficios<\/h2>\n<ul>\n<li>Promueve el aumento de la densidad y el peso de los cogollos.<\/li>\n<li>Intensifica el aroma y el sabor gracias al incremento de los terpenos naturales.<\/li>\n<li>Fomenta la creaci\u00f3n de resinas altamente concentradas, perfectas para extracciones o productos finales de calidad premium.<\/li>\n<li>Mejora la capacidad de la planta para absorber los nutrientes esenciales al optimizar el metabolismo natural.<\/li>\n<\/ul>\n<h2>Modo de empleo y dosificaci\u00f3n<\/h2>\n<p>Se recomienda comenzar a aplicar Sugar Candy Sirup a partir de la tercera semana de floraci\u00f3n y mantener su uso hasta 10 d\u00edas antes de la cosecha. Puede incorporarse al agua de riego con una dosificaci\u00f3n de <strong>1-2 ml por litro de agua<\/strong>, dependiendo del nivel de experiencia y necesidades espec\u00edficas del cultivo.<\/p>\n<p>Si utilizas sistemas autom\u00e1ticos de riego, aseg\u00farate de mezclar bien el producto para evitar obstrucciones en las tuber\u00edas. No excedas la dosificaci\u00f3n recomendada para evitar posibles bloqueos en el desarrollo de las plantas.<\/p>\n<h2>Composici\u00f3n<\/h2>\n<p>El Sugar Candy Sirup est\u00e1 elaborado con extractos naturales de alta calidad y concentrados en carbohidratos dise\u00f1ados para ser f\u00e1cilmente asimilados por las plantas. Su f\u00f3rmula org\u00e1nica garantiza que se mejore la calidad del medio de cultivo mientras se respeta la microbiolog\u00eda del suelo, maximizando la salud del sistema radicular.<\/p>\n<p>Adicionalmente, es un producto libre de qu\u00edmicos agresivos, lo que asegura que las flores producidas ser\u00e1n completamente seguras para el consumo y de una calidad excepcional.<\/p>\n<\/div>\n<p>&#8220;`<\/p>\n","protected":false},"excerpt":{"rendered":"<p>&#8220;`html<\/p>\n<p>Descubre el potenciador definitivo para tus cultivos con **Sugar Candy Sirup 1L de BAC**. Este exclusivo fertilizante org\u00e1nico estimula la producci\u00f3n de az\u00facares naturales, promoviendo un sabor y aroma intensos en tus cosechas. Ideal para maximizar el rendimiento durante la fase de floraci\u00f3n, garantizando resultados profesionales en cada uso. Compatible con todos los sistemas de cultivo.<\/p>\n<p>&#8220;`<\/p>\n","protected":false},"featured_media":10540,"comment_status":"open","ping_status":"closed","template":"","meta":{"_bst_post_transparent":"","_bst_post_title":"","_bst_post_layout":"","_bst_post_sidebar_id":"","_bst_post_content_style":"","_bst_post_vertical_padding":"","_bst_post_feature":"","_bst_post_feature_position":"","_bst_post_header":false,"_bst_post_footer":false},"pwb-brand":[157],"product_brand":[],"product_cat":[39],"product_tag":[],"class_list":{"0":"post-11932","1":"product","2":"type-product","3":"status-publish","4":"has-post-thumbnail","6":"pwb-brand-bac","7":"product_cat-fertilizantes","9":"first","10":"instock","11":"sale","12":"taxable","13":"shipping-taxable","14":"purchasable","15":"product-type-simple","16":"entry","17":"content-bg","18":"loop-entry"},"brands":[{"id":157,"name":"Bac","slug":"bac"}],"_links":{"self":[{"href":"https:\/\/puregrowshop.com\/fr\/wp-json\/wp\/v2\/product\/11932","targetHints":{"allow":["GET"]}}],"collection":[{"href":"https:\/\/puregrowshop.com\/fr\/wp-json\/wp\/v2\/product"}],"about":[{"href":"https:\/\/puregrowshop.com\/fr\/wp-json\/wp\/v2\/types\/product"}],"replies":[{"embeddable":true,"href":"https:\/\/puregrowshop.com\/fr\/wp-json\/wp\/v2\/comments?post=11932"}],"wp:featuredmedia":[{"embeddable":true,"href":"https:\/\/puregrowshop.com\/fr\/wp-json\/wp\/v2\/media\/10540"}],"wp:attachment":[{"href":"https:\/\/puregrowshop.com\/fr\/wp-json\/wp\/v2\/media?parent=11932"}],"wp:term":[{"taxonomy":"pwb-brand","embeddable":true,"href":"https:\/\/puregrowshop.com\/fr\/wp-json\/wp\/v2\/pwb-brand?post=11932"},{"taxonomy":"product_brand","embeddable":true,"href":"https:\/\/puregrowshop.com\/fr\/wp-json\/wp\/v2\/product_brand?post=11932"},{"taxonomy":"product_cat","embeddable":true,"href":"https:\/\/puregrowshop.com\/fr\/wp-json\/wp\/v2\/product_cat?post=11932"},{"taxonomy":"product_tag","embeddable":true,"href":"https:\/\/puregrowshop.com\/fr\/wp-json\/wp\/v2\/product_tag?post=11932"}],"curies":[{"name":"wp","href":"https:\/\/api.w.org\/{rel}","templated":true}]}}