{"id":11921,"date":"2024-10-28T20:00:33","date_gmt":"2024-10-28T20:00:33","guid":{"rendered":"https:\/\/puregrowshop.com\/organic-bloom-500-ml-bac\/"},"modified":"2026-04-07T18:19:46","modified_gmt":"2026-04-07T18:19:46","slug":"organic-bloom-500-ml-bac","status":"publish","type":"product","link":"https:\/\/puregrowshop.com\/fr\/organic-bloom-500-ml-bac\/","title":{"rendered":"Organic Bloom   500 ml. BAC"},"content":{"rendered":"<div class=\"product-description\">\n<p><strong>Organic Bloom 500 ml. BAC<\/strong> es un fertilizante org\u00e1nico especialmente formulado para la fase de floraci\u00f3n de las plantas. Dise\u00f1ado para los cultivadores m\u00e1s exigentes, este nutriente garantiza una floraci\u00f3n exuberante y cogollos de gran calibre gracias a sus ingredientes 100 % naturales y de alta calidad.<\/p>\n<h3>Usos y beneficios:<\/h3>\n<p>Este fertilizante est\u00e1 desarrollado para potenciar el desarrollo floral en todo tipo de cultivos. Al ser un producto org\u00e1nico, promueve una alimentaci\u00f3n completa y natural, mientras respeta el equilibrio ecol\u00f3gico del suelo y del medio ambiente. Con <strong>Organic Bloom<\/strong>, tus plantas recibir\u00e1n los nutrientes esenciales para un crecimiento vigoroso durante la etapa de floraci\u00f3n, lo que se traduce en cogollos m\u00e1s densos, sabrosos y ricos en resina. Adem\u00e1s, mejora la estructura del suelo, favoreciendo la absorci\u00f3n de nutrientes a lo largo de todo el ciclo de vida de las plantas.<\/p>\n<h3>Modo de empleo:<\/h3>\n<p>Recomendamos agitar bien el producto antes de su uso para asegurar la mezcla uniforme de sus componentes. Durante la fase de floraci\u00f3n, agrega el fertilizante al agua de riego seg\u00fan la dosificaci\u00f3n recomendada. Se puede aplicar tanto en cultivos de interior como exterior.<\/p>\n<ul>\n<li><strong>Dosificaci\u00f3n:<\/strong> Mezclar de 2 a 5 ml por litro de agua, dependiendo del tama\u00f1o y las necesidades de tus plantas.<\/li>\n<li>Utilizar una vez por semana durante toda la fase de floraci\u00f3n.<\/li>\n<\/ul>\n<h3>Composici\u00f3n:<\/h3>\n<p>Organic Bloom contiene una f\u00f3rmula rica en nutrientes esenciales para la floraci\u00f3n: nitr\u00f3geno (N) en proporciones bajas, f\u00f3sforo (P) y potasio (K) en cantidades optimizadas para maximizar el desarrollo floral. Tambi\u00e9n incluye micronutrientes derivados de extractos vegetales, vitaminas y minerales que estimulan procesos biol\u00f3gicos naturales, favoreciendo un entorno saludable y productivo.<\/p>\n<p>Gracias a su composici\u00f3n org\u00e1nica, este producto ayuda a mejorar la calidad del sustrato y garantiza cultivos ricos en aromas y sabores naturales. Adem\u00e1s, es apto para sistemas de riego manual y autom\u00e1tico, siendo compatible con otras l\u00edneas de fertilizantes org\u00e1nicos de BAC.<\/p>\n<\/div>\n<p>&#8220;`<\/p>\n","protected":false},"excerpt":{"rendered":"<p>&#8220;`html<\/p>\n<p><strong>Organic Bloom 500 ml BAC<\/strong> es un fertilizante org\u00e1nico de alta calidad dise\u00f1ado espec\u00edficamente para potenciar la floraci\u00f3n en tus cultivos. Su f\u00f3rmula \u00fanica mejora el desarrollo de los cogollos, aumentando su tama\u00f1o y densidad, mientras refuerza el perfil arom\u00e1tico y sabor natural. Asegura una nutrici\u00f3n completa y sostenible, respetando el equilibrio del suelo y otorgando resultados excepcionales.<\/p>\n<p>&#8220;`<\/p>\n","protected":false},"featured_media":10518,"comment_status":"open","ping_status":"closed","template":"","meta":{"_bst_post_transparent":"","_bst_post_title":"","_bst_post_layout":"","_bst_post_sidebar_id":"","_bst_post_content_style":"","_bst_post_vertical_padding":"","_bst_post_feature":"","_bst_post_feature_position":"","_bst_post_header":false,"_bst_post_footer":false},"pwb-brand":[157],"product_brand":[],"product_cat":[39],"product_tag":[],"class_list":{"0":"post-11921","1":"product","2":"type-product","3":"status-publish","4":"has-post-thumbnail","6":"pwb-brand-bac","7":"product_cat-fertilizantes","9":"first","10":"instock","11":"sale","12":"taxable","13":"shipping-taxable","14":"purchasable","15":"product-type-simple","16":"entry","17":"content-bg","18":"loop-entry"},"brands":[{"id":157,"name":"Bac","slug":"bac"}],"_links":{"self":[{"href":"https:\/\/puregrowshop.com\/fr\/wp-json\/wp\/v2\/product\/11921","targetHints":{"allow":["GET"]}}],"collection":[{"href":"https:\/\/puregrowshop.com\/fr\/wp-json\/wp\/v2\/product"}],"about":[{"href":"https:\/\/puregrowshop.com\/fr\/wp-json\/wp\/v2\/types\/product"}],"replies":[{"embeddable":true,"href":"https:\/\/puregrowshop.com\/fr\/wp-json\/wp\/v2\/comments?post=11921"}],"wp:featuredmedia":[{"embeddable":true,"href":"https:\/\/puregrowshop.com\/fr\/wp-json\/wp\/v2\/media\/10518"}],"wp:attachment":[{"href":"https:\/\/puregrowshop.com\/fr\/wp-json\/wp\/v2\/media?parent=11921"}],"wp:term":[{"taxonomy":"pwb-brand","embeddable":true,"href":"https:\/\/puregrowshop.com\/fr\/wp-json\/wp\/v2\/pwb-brand?post=11921"},{"taxonomy":"product_brand","embeddable":true,"href":"https:\/\/puregrowshop.com\/fr\/wp-json\/wp\/v2\/product_brand?post=11921"},{"taxonomy":"product_cat","embeddable":true,"href":"https:\/\/puregrowshop.com\/fr\/wp-json\/wp\/v2\/product_cat?post=11921"},{"taxonomy":"product_tag","embeddable":true,"href":"https:\/\/puregrowshop.com\/fr\/wp-json\/wp\/v2\/product_tag?post=11921"}],"curies":[{"name":"wp","href":"https:\/\/api.w.org\/{rel}","templated":true}]}}