{"id":11916,"date":"2024-10-28T20:00:32","date_gmt":"2024-10-28T20:00:32","guid":{"rendered":"https:\/\/puregrowshop.com\/calmag-v2-0-5-lt-bac\/"},"modified":"2025-12-27T20:07:24","modified_gmt":"2025-12-27T20:07:24","slug":"calmag-v2-0-5-lt-bac","status":"publish","type":"product","link":"https:\/\/puregrowshop.com\/fr\/calmag-v2-0-5-lt-bac\/","title":{"rendered":"CalMag V2.0 &#8211;  5 lt. BAC"},"content":{"rendered":"<div class=\"product-description\">\n<p><strong>Tipo de fertilizante:<\/strong> CalMag es un suplemento l\u00edquido de alta calidad, dise\u00f1ado espec\u00edficamente para aportar calcio (Ca) y magnesio (Mg) esenciales, nutrientes imprescindibles para el \u00f3ptimo desarrollo de las plantas en cultivos hidrop\u00f3nicos, en coco o en tierra.<\/p>\n<p><strong>Beneficios:<\/strong> Este fertilizante contribuye significativamente al fortalecimiento de las paredes celulares y a la producci\u00f3n de clorofila, evitando carencias que pueden manifestarse en forma de hojas amarillentas, puntas quemadas o un crecimiento lento. Su f\u00f3rmula mejorada V2.0 asegura una r\u00e1pida absorci\u00f3n y un equilibrio nutricional que optimiza el desempe\u00f1o de cualquier cultivo. Adem\u00e1s, ayuda a estabilizar el pH del agua de riego, mejorando la absorci\u00f3n de otros micronutrientes.<\/p>\n<p><strong>Modo de empleo:<\/strong> El producto es ideal para complementar rutinas de fertilizaci\u00f3n cuando se utilizan aguas blandas, sin minerales a\u00f1adidos, o sistemas de \u00f3smosis inversa. Se debe a\u00f1adir primero al agua antes de otros nutrientes o fertilizantes para prevenir incompatibilidades qu\u00edmicas. Es adecuado tanto en fase de crecimiento como de floraci\u00f3n.<\/p>\n<p><strong>Dosificaci\u00f3n:<\/strong> Mezcla de 0.1 ml a 1 ml por litro de agua, dependiendo del grado de deficiencia de Calcio y Magnesio en el cultivo. Es recomendable ajustar la dosificaci\u00f3n mediante an\u00e1lisis del agua o con base en las necesidades espec\u00edficas de las plantas.<\/p>\n<p><strong>Composici\u00f3n:<\/strong> El CalMag V2.0 est\u00e1 compuesto por una combinaci\u00f3n equilibrada de calcio y magnesio de alta pureza, con un aporte adicional de hierro (Fe) quelatado que mejora la capacidad de las plantas para realizar fotos\u00edntesis. Su formulaci\u00f3n incluye microelementos quelatados 100% solubles en agua.<\/p>\n<\/div>\n<p>&#8220;`<\/p>\n","protected":false},"excerpt":{"rendered":"<p>&#8220;`html<\/p>\n<p><strong>Fortalece tus cultivos<\/strong> con este suplemento avanzado dise\u00f1ado para cubrir las necesidades esenciales de calcio y magnesio en plantas. Su f\u00f3rmula equilibrada reduce deficiencias, optimiza el crecimiento y potencia la absorci\u00f3n de nutrientes. Compatible con todo tipo de sustratos.<\/p>\n<p>&#8220;`<\/p>\n","protected":false},"featured_media":10508,"comment_status":"open","ping_status":"closed","template":"","meta":{"_bst_post_transparent":"","_bst_post_title":"","_bst_post_layout":"","_bst_post_sidebar_id":"","_bst_post_content_style":"","_bst_post_vertical_padding":"","_bst_post_feature":"","_bst_post_feature_position":"","_bst_post_header":false,"_bst_post_footer":false},"pwb-brand":[157],"product_brand":[],"product_cat":[39],"product_tag":[],"class_list":{"0":"post-11916","1":"product","2":"type-product","3":"status-publish","4":"has-post-thumbnail","6":"pwb-brand-bac","7":"product_cat-fertilizantes","9":"first","10":"instock","11":"sale","12":"taxable","13":"shipping-taxable","14":"purchasable","15":"product-type-simple","16":"entry","17":"content-bg","18":"loop-entry"},"brands":[{"id":157,"name":"Bac","slug":"bac"}],"_links":{"self":[{"href":"https:\/\/puregrowshop.com\/fr\/wp-json\/wp\/v2\/product\/11916","targetHints":{"allow":["GET"]}}],"collection":[{"href":"https:\/\/puregrowshop.com\/fr\/wp-json\/wp\/v2\/product"}],"about":[{"href":"https:\/\/puregrowshop.com\/fr\/wp-json\/wp\/v2\/types\/product"}],"replies":[{"embeddable":true,"href":"https:\/\/puregrowshop.com\/fr\/wp-json\/wp\/v2\/comments?post=11916"}],"wp:featuredmedia":[{"embeddable":true,"href":"https:\/\/puregrowshop.com\/fr\/wp-json\/wp\/v2\/media\/10508"}],"wp:attachment":[{"href":"https:\/\/puregrowshop.com\/fr\/wp-json\/wp\/v2\/media?parent=11916"}],"wp:term":[{"taxonomy":"pwb-brand","embeddable":true,"href":"https:\/\/puregrowshop.com\/fr\/wp-json\/wp\/v2\/pwb-brand?post=11916"},{"taxonomy":"product_brand","embeddable":true,"href":"https:\/\/puregrowshop.com\/fr\/wp-json\/wp\/v2\/product_brand?post=11916"},{"taxonomy":"product_cat","embeddable":true,"href":"https:\/\/puregrowshop.com\/fr\/wp-json\/wp\/v2\/product_cat?post=11916"},{"taxonomy":"product_tag","embeddable":true,"href":"https:\/\/puregrowshop.com\/fr\/wp-json\/wp\/v2\/product_tag?post=11916"}],"curies":[{"name":"wp","href":"https:\/\/api.w.org\/{rel}","templated":true}]}}