{"id":11914,"date":"2024-10-28T20:00:32","date_gmt":"2024-10-28T20:00:32","guid":{"rendered":"https:\/\/puregrowshop.com\/kit-coco-bloom-ab-20-lt-bac\/"},"modified":"2025-12-27T20:07:24","modified_gmt":"2025-12-27T20:07:24","slug":"kit-coco-bloom-ab-20-lt-bac","status":"publish","type":"product","link":"https:\/\/puregrowshop.com\/fr\/kit-coco-bloom-ab-20-lt-bac\/","title":{"rendered":"Kit Coco Bloom A&#038;B 20 lt. BAC"},"content":{"rendered":"<div class=\"product-description\">\n<p><strong>Tipo y Uso:<\/strong> Este abono est\u00e1 dise\u00f1ado espec\u00edficamente para cultivos en fibra de coco durante la fase de floraci\u00f3n. Ofrece un equilibrio perfecto de nutrientes que garantiza un desarrollo \u00f3ptimo de las flores, maximizando su calidad y cantidad. Se presenta en dos partes, A y B, que deben ser mezcladas para proporcionar a las plantas el espectro completo de nutrientes esenciales que requieren en esta etapa cr\u00edtica de su desarrollo.<\/p>\n<p><strong>Beneficios:<\/strong> Este fertilizante fomenta un crecimiento vigoroso de las flores, intensificando el aroma, el tama\u00f1o, la densidad y los aceites esenciales de la cosecha. Gracias a su f\u00f3rmula espec\u00edfica para coco, mejora la capacidad de la planta para absorber nutrientes ofreci\u00e9ndole todos los elementos necesarios. Adem\u00e1s, su uso constante favorece ra\u00edces saludables y equilibradas, y previene deficiencias nutricionales.<\/p>\n<p><strong>Modo de empleo y dosificaci\u00f3n:<\/strong> Mezclar partes iguales de Coco Bloom A y Coco Bloom B en agua previamente desmineralizada o con bajo contenido de sales (EC baja). La dosis recomendada es de 2-4 ml por litro de agua, dependiendo de la etapa del ciclo de floraci\u00f3n y las necesidades espec\u00edficas de las plantas. Es crucial a\u00f1adir primero la parte A, mezclar bien y luego agregar la parte B; nunca combinar sin agua intermedia. Ajustar el pH de la soluci\u00f3n entre 5.8 y 6.2 para asegurar una \u00f3ptima absorci\u00f3n. Se puede aplicar en cada riego o con intervalos seg\u00fan el plan de cultivo.<\/p>\n<p><strong>Composici\u00f3n:<\/strong> La f\u00f3rmula de Coco Bloom A incluye nitr\u00f3geno, calcio y otros macroelementos esenciales que fomentan un desarrollo vigoroso durante la floraci\u00f3n. La parte B es rica en potasio, magnesio y microelementos quelatados, destacando su papel en la formaci\u00f3n de flores de alta densidad y enorme contenido en resinas. Este producto est\u00e1 libre de contaminantes y se ajusta perfectamente al sistema tamponado del sustrato de coco.<\/p>\n<\/div>\n<p>&#8220;`<\/p>\n","protected":false},"excerpt":{"rendered":"<p>&#8220;`html<\/p>\n<p>Descubre el potencial completo de tus cultivos con este kit de fertilizaci\u00f3n profesional. El exclusivo sistema BAC para coco garantiza **nutrici\u00f3n balanceada** durante la fase de floraci\u00f3n, ofreciendo una combinaci\u00f3n exacta de A&amp;B que potencia el desarrollo y la producci\u00f3n de flores voluminosas y resinosas. Ideal para cultivadores exigentes, su f\u00f3rmula avanzada mejora la absorci\u00f3n de nutrientes, maximizando los resultados en cada cosecha.<\/p>\n<p>&#8220;`<\/p>\n","protected":false},"featured_media":10504,"comment_status":"open","ping_status":"closed","template":"","meta":{"_bst_post_transparent":"","_bst_post_title":"","_bst_post_layout":"","_bst_post_sidebar_id":"","_bst_post_content_style":"","_bst_post_vertical_padding":"","_bst_post_feature":"","_bst_post_feature_position":"","_bst_post_header":false,"_bst_post_footer":false},"pwb-brand":[157],"product_brand":[],"product_cat":[59],"product_tag":[],"class_list":{"0":"post-11914","1":"product","2":"type-product","3":"status-publish","4":"has-post-thumbnail","6":"pwb-brand-bac","7":"product_cat-kit-fertilizantes","9":"first","10":"instock","11":"sale","12":"taxable","13":"shipping-taxable","14":"purchasable","15":"product-type-simple","16":"entry","17":"content-bg","18":"loop-entry"},"brands":[{"id":157,"name":"Bac","slug":"bac"}],"_links":{"self":[{"href":"https:\/\/puregrowshop.com\/fr\/wp-json\/wp\/v2\/product\/11914","targetHints":{"allow":["GET"]}}],"collection":[{"href":"https:\/\/puregrowshop.com\/fr\/wp-json\/wp\/v2\/product"}],"about":[{"href":"https:\/\/puregrowshop.com\/fr\/wp-json\/wp\/v2\/types\/product"}],"replies":[{"embeddable":true,"href":"https:\/\/puregrowshop.com\/fr\/wp-json\/wp\/v2\/comments?post=11914"}],"wp:featuredmedia":[{"embeddable":true,"href":"https:\/\/puregrowshop.com\/fr\/wp-json\/wp\/v2\/media\/10504"}],"wp:attachment":[{"href":"https:\/\/puregrowshop.com\/fr\/wp-json\/wp\/v2\/media?parent=11914"}],"wp:term":[{"taxonomy":"pwb-brand","embeddable":true,"href":"https:\/\/puregrowshop.com\/fr\/wp-json\/wp\/v2\/pwb-brand?post=11914"},{"taxonomy":"product_brand","embeddable":true,"href":"https:\/\/puregrowshop.com\/fr\/wp-json\/wp\/v2\/product_brand?post=11914"},{"taxonomy":"product_cat","embeddable":true,"href":"https:\/\/puregrowshop.com\/fr\/wp-json\/wp\/v2\/product_cat?post=11914"},{"taxonomy":"product_tag","embeddable":true,"href":"https:\/\/puregrowshop.com\/fr\/wp-json\/wp\/v2\/product_tag?post=11914"}],"curies":[{"name":"wp","href":"https:\/\/api.w.org\/{rel}","templated":true}]}}