{"id":11907,"date":"2024-10-28T20:00:30","date_gmt":"2024-10-28T20:00:30","guid":{"rendered":"https:\/\/puregrowshop.com\/calmag-v2-0-1-lt-bac\/"},"modified":"2026-01-28T09:24:05","modified_gmt":"2026-01-28T09:24:05","slug":"calmag-v2-0-1-lt-bac","status":"publish","type":"product","link":"https:\/\/puregrowshop.com\/fr\/calmag-v2-0-1-lt-bac\/","title":{"rendered":"CalMag V2.0 &#8211;  1 lt. BAC"},"content":{"rendered":"<div class=\"product-description\">\n<p><strong>Tipo de fertilizante:<\/strong> CalMag es un aditivo especializado dise\u00f1ado para complementar el r\u00e9gimen nutricional de tus plantas al aportar calcio y magnesio de manera equilibrada. Gracias a su formulaci\u00f3n avanzada, es perfecto para cultivos con demandas espec\u00edficas de estos micronutrientes esenciales, especialmente en sistemas hidrop\u00f3nicos, cultivos en coco o cuando se utiliza agua blanda o de \u00f3smosis.<\/p>\n<p><strong>Beneficios:<\/strong> Este producto refuerza la integridad estructural y celular de las plantas, optimiza el proceso de fotos\u00edntesis y mejora la absorci\u00f3n de otros nutrientes clave. El calcio garantiza un crecimiento vigoroso en las paredes celulares y tallos fuertes, mientras que el magnesio act\u00faa como componente central de la clorofila, favoreciendo un desarrollo vegetativo intensivo y una floraci\u00f3n sana. Adem\u00e1s, CalMag previene carencias comunes como hojas amarillas, debilidad estructural y retraso en el desarrollo.<\/p>\n<p><strong>Modo de empleo:<\/strong> Diluir CalMag en la soluci\u00f3n de riego o alimentaci\u00f3n. Su compatibilidad con fertilizantes b\u00e1sicos y aditivos lo convierte en un producto vers\u00e1til dentro de cualquier programa de cultivo. Se puede usar para subsanar deficiencias en cualquier etapa de desarrollo de la planta o como preventivo desde el inicio del ciclo.<\/p>\n<p><strong>Dosificaci\u00f3n:<\/strong> A\u00f1adir entre 0,1 y 0,5 ml por litro de agua dependiendo del nivel de deficiencia que presente la planta o de las necesidades espec\u00edficas del medio de cultivo. Ajustar seg\u00fan las condiciones del cultivo y la calidad del agua utilizada.<\/p>\n<p><strong>Composici\u00f3n:<\/strong> Formulaci\u00f3n rica en calcio (Ca) y magnesio (Mg) f\u00e1cilmente asimilables. Contiene un equilibrio \u00f3ptimo para maximizar la salud y el rendimiento de las plantas, garantizando un aporte constante de micronutrientes esenciales sin interferir en el balance natural del cultivo.<\/p>\n<\/div>\n<p>&#8220;`<\/p>\n","protected":false},"excerpt":{"rendered":"<p>&#8220;`html<\/p>\n<p>Optimiza el crecimiento de tus plantas con este suplemento esencial que combina calcio y magnesio de forma equilibrada. Especialmente formulado para prevenir deficiencias nutricionales y fortalecer la estructura celular, garantizando cultivos m\u00e1s saludables y resistentes.<\/p>\n<p>&#8220;`<\/p>\n","protected":false},"featured_media":10490,"comment_status":"open","ping_status":"closed","template":"","meta":{"_bst_post_transparent":"","_bst_post_title":"","_bst_post_layout":"","_bst_post_sidebar_id":"","_bst_post_content_style":"","_bst_post_vertical_padding":"","_bst_post_feature":"","_bst_post_feature_position":"","_bst_post_header":false,"_bst_post_footer":false},"pwb-brand":[157],"product_brand":[],"product_cat":[39],"product_tag":[],"class_list":{"0":"post-11907","1":"product","2":"type-product","3":"status-publish","4":"has-post-thumbnail","6":"pwb-brand-bac","7":"product_cat-fertilizantes","9":"first","10":"instock","11":"sale","12":"taxable","13":"shipping-taxable","14":"purchasable","15":"product-type-simple","16":"entry","17":"content-bg","18":"loop-entry"},"brands":[{"id":157,"name":"Bac","slug":"bac"}],"_links":{"self":[{"href":"https:\/\/puregrowshop.com\/fr\/wp-json\/wp\/v2\/product\/11907","targetHints":{"allow":["GET"]}}],"collection":[{"href":"https:\/\/puregrowshop.com\/fr\/wp-json\/wp\/v2\/product"}],"about":[{"href":"https:\/\/puregrowshop.com\/fr\/wp-json\/wp\/v2\/types\/product"}],"replies":[{"embeddable":true,"href":"https:\/\/puregrowshop.com\/fr\/wp-json\/wp\/v2\/comments?post=11907"}],"wp:featuredmedia":[{"embeddable":true,"href":"https:\/\/puregrowshop.com\/fr\/wp-json\/wp\/v2\/media\/10490"}],"wp:attachment":[{"href":"https:\/\/puregrowshop.com\/fr\/wp-json\/wp\/v2\/media?parent=11907"}],"wp:term":[{"taxonomy":"pwb-brand","embeddable":true,"href":"https:\/\/puregrowshop.com\/fr\/wp-json\/wp\/v2\/pwb-brand?post=11907"},{"taxonomy":"product_brand","embeddable":true,"href":"https:\/\/puregrowshop.com\/fr\/wp-json\/wp\/v2\/product_brand?post=11907"},{"taxonomy":"product_cat","embeddable":true,"href":"https:\/\/puregrowshop.com\/fr\/wp-json\/wp\/v2\/product_cat?post=11907"},{"taxonomy":"product_tag","embeddable":true,"href":"https:\/\/puregrowshop.com\/fr\/wp-json\/wp\/v2\/product_tag?post=11907"}],"curies":[{"name":"wp","href":"https:\/\/api.w.org\/{rel}","templated":true}]}}