{"id":11902,"date":"2024-10-28T20:00:29","date_gmt":"2024-10-28T20:00:29","guid":{"rendered":"https:\/\/puregrowshop.com\/silica-power-5-lt-bac\/"},"modified":"2025-12-27T20:07:07","modified_gmt":"2025-12-27T20:07:07","slug":"silica-power-5-lt-bac","status":"publish","type":"product","link":"https:\/\/puregrowshop.com\/fr\/silica-power-5-lt-bac\/","title":{"rendered":"Silica Power 5 lt. BAC"},"content":{"rendered":"<p>Aumenta la resistencia a condiciones adversas, demasiado frio, calor, sequedad, salinidad y toxicidad mineral, tendremos un crecimiento mejorado y una gran fertilidad del polen producido. El silicio act\u00faa como barrera de contenci\u00f3n en las zonas en las cuales la planta se infecta por hongos, este se acumula impidiendo su entrada, eso si el silicio tiene que estar presente para que act\u00fae de forma inmediata. En las paredes de las c\u00e9lulas de las ra\u00edces act\u00faa como preventivo ante ataques de par\u00e1sitos y pat\u00f3genos.<\/p>\n<p>Tiene una gran interacci\u00f3n con el Calcio y el Magnesio promoviendo su movilizaci\u00f3n y evitando bloqueos de nutrientes. Es imprescindible en suelos con pH inferior a 6.0 y por encima de 7.0 incrementa el intercambio cati\u00f3nico ayudando a regular el pH del substrato, el suelo debe estar h\u00famedo antes de aplicarlo para obtener los mejores resultados. Como curiosidad observamos que los tricomas est\u00e1n compuestos entre un 13 y un 60% de silicio, siendo estos la principal barrera mec\u00e1nica que tiene la planta para protegerse de la radiaci\u00f3n solar.<\/p>\n<p>La aplicaci\u00f3n puede ser de dos formas, como protecci\u00f3n ante hongos en el tallo aplicar directamente para que produzca cristales de silicio y en forma de riego para que sea absorbido por la planta directamente. Es imprescindible en cultivos hidrop\u00f3nicos por la cantidad de problemas que se pueden producir por hongos y por la ausencia total de silicio en este tipo de cultivos, recomendado especialmente tambi\u00e9n en cultivos de fibra de coco y en cualquier sistema de cultivo que queramos proteger y aumentar la capacidad del intercambio cati\u00f3nico en el sistema.<\/p>\n","protected":false},"excerpt":{"rendered":"<p>El silicio forma parte de la corteza terrestre en un 28% y su forma asimilable por las plantas es en forma de \u00c1cido Sil\u00edcico que se forma por la acci\u00f3n de los \u00e1cidos y enzimas producidos por la materia org\u00e1nica, es un producto que se pierde f\u00e1cilmente por lixiviaci\u00f3n por lo que debemos ir con cuidado para no perderlo. El \u00e1cido sil\u00edcico al hidrolizarse forma \u00e1cido monosil\u00edcico que es absorbido por las plantas, aumenta la absorci\u00f3n de f\u00f3sforo en un 40-60% al reaccionar con \u00e9l y hacerlo asimilable, los fosfatos insolubles de aluminio, hierro, magnesio y calcio se precipitan y liberan al ion ortofosfato que es absorbido por las plantas. El silicio es un preventivo muy eficaz contra enfermedades, hongos e insectos al aumentar la resistencia mec\u00e1nica de la pared de las c\u00e9lulas epidermales, el silicio es absorbido por la planta por el xilema, cuando el agua es consumida por la planta el silicio se inmoviliza en cristales formando una barrera.<\/p>\n","protected":false},"featured_media":10480,"comment_status":"open","ping_status":"closed","template":"","meta":{"_bst_post_transparent":"","_bst_post_title":"","_bst_post_layout":"","_bst_post_sidebar_id":"","_bst_post_content_style":"","_bst_post_vertical_padding":"","_bst_post_feature":"","_bst_post_feature_position":"","_bst_post_header":false,"_bst_post_footer":false},"pwb-brand":[157],"product_brand":[],"product_cat":[39],"product_tag":[],"class_list":{"0":"post-11902","1":"product","2":"type-product","3":"status-publish","4":"has-post-thumbnail","6":"pwb-brand-bac","7":"product_cat-fertilizantes","9":"first","10":"instock","11":"sale","12":"taxable","13":"shipping-taxable","14":"purchasable","15":"product-type-simple","16":"entry","17":"content-bg","18":"loop-entry"},"brands":[{"id":157,"name":"Bac","slug":"bac"}],"_links":{"self":[{"href":"https:\/\/puregrowshop.com\/fr\/wp-json\/wp\/v2\/product\/11902","targetHints":{"allow":["GET"]}}],"collection":[{"href":"https:\/\/puregrowshop.com\/fr\/wp-json\/wp\/v2\/product"}],"about":[{"href":"https:\/\/puregrowshop.com\/fr\/wp-json\/wp\/v2\/types\/product"}],"replies":[{"embeddable":true,"href":"https:\/\/puregrowshop.com\/fr\/wp-json\/wp\/v2\/comments?post=11902"}],"wp:featuredmedia":[{"embeddable":true,"href":"https:\/\/puregrowshop.com\/fr\/wp-json\/wp\/v2\/media\/10480"}],"wp:attachment":[{"href":"https:\/\/puregrowshop.com\/fr\/wp-json\/wp\/v2\/media?parent=11902"}],"wp:term":[{"taxonomy":"pwb-brand","embeddable":true,"href":"https:\/\/puregrowshop.com\/fr\/wp-json\/wp\/v2\/pwb-brand?post=11902"},{"taxonomy":"product_brand","embeddable":true,"href":"https:\/\/puregrowshop.com\/fr\/wp-json\/wp\/v2\/product_brand?post=11902"},{"taxonomy":"product_cat","embeddable":true,"href":"https:\/\/puregrowshop.com\/fr\/wp-json\/wp\/v2\/product_cat?post=11902"},{"taxonomy":"product_tag","embeddable":true,"href":"https:\/\/puregrowshop.com\/fr\/wp-json\/wp\/v2\/product_tag?post=11902"}],"curies":[{"name":"wp","href":"https:\/\/api.w.org\/{rel}","templated":true}]}}