{"id":11898,"date":"2024-10-28T20:00:29","date_gmt":"2024-10-28T20:00:29","guid":{"rendered":"https:\/\/puregrowshop.com\/frooting-power-1-kg-bac\/"},"modified":"2025-12-27T20:07:07","modified_gmt":"2025-12-27T20:07:07","slug":"frooting-power-1-kg-bac","status":"publish","type":"product","link":"https:\/\/puregrowshop.com\/fr\/frooting-power-1-kg-bac\/","title":{"rendered":"Frooting Power 1 Kg. BAC"},"content":{"rendered":"<p>BAC Frooting Power es un potenciador \u00fanico de la floraci\u00f3n con alto contenido de fosfato, que estimula la divisi\u00f3n celular y contribuye al robustecimiento y a la proliferaci\u00f3n de las flores.<br \/>Utilice Frooting Power s\u00f3lo en plantas sanas, ya que es un fertilizante muy fuerte que exige un gran esfuerzo de sus plantas.<br \/>Utilice BAC Frooting Power en las \u00faltimas 3 a 4 semanas de la fase de floraci\u00f3n de sus plantas.<br \/>No utilice nunca Frooting Power en combinaci\u00f3n con otro potenciador del crecimiento.<br \/>Utilice Frooting Power en combinaci\u00f3n con sus fertilizantes b\u00e1sicos.<\/p>\n<p>Composici\u00f3n:<br \/>NPK 0-35-23 Nitr\u00f3geno (N) 0% Fosfato disponible (P2O5) 35,0%  Potasio soluble (K2O) 23,0%.<\/p>\n<p>Ingredientes:<br \/>sulfato de potasio, carbonato de potasio, fosfato de potasio y sulfato de sodio.<\/p>\n<p>Uso y dosificaci\u00f3n: <br \/>   &#8211; Llene su dep\u00f3sito de agua. Aseg\u00farese de que su soluci\u00f3n nutritiva b\u00e1sica tenga una CE de 1,2 antes de a\u00f1adir Frooting Power.<br \/>   &#8211; Use 1 dosis (65 gramos) por cada 100 litros de soluci\u00f3n nutritiva en las \u00faltimas 3 a 4 semanas antes de la cosecha.<br \/>   &#8211; Use 2 dosis (130 gramos) por cada 100 litros de soluci\u00f3n nutritiva en las \u00faltimas 2 semanas antes de la cosecha.<br \/>   &#8211; Cierre bien el paquete despu\u00e9s de su uso. Almacene en un lugar seco a temperaturas no inferiores a 0 grados.<br \/>   &#8211; Evite la luz solar directa. Mantenga fuera del alcance de los ni\u00f1os.<\/p>\n<p>Dosis: 1 dosis son 65 gramos.<br \/>Disponible: 325 gramos y 1 Kilo.<\/p>\n","protected":false},"excerpt":{"rendered":"<p>BAC Frooting Power es un potenciador \u00fanico de la floraci\u00f3n con alto contenido de fosfato, que estimula la divisi\u00f3n celular y contribuye al robustecimiento y a la proliferaci\u00f3n de las flores.<\/p>\n","protected":false},"featured_media":10472,"comment_status":"open","ping_status":"closed","template":"","meta":{"_bst_post_transparent":"","_bst_post_title":"","_bst_post_layout":"","_bst_post_sidebar_id":"","_bst_post_content_style":"","_bst_post_vertical_padding":"","_bst_post_feature":"","_bst_post_feature_position":"","_bst_post_header":false,"_bst_post_footer":false},"pwb-brand":[157],"product_brand":[],"product_cat":[39],"product_tag":[],"class_list":{"0":"post-11898","1":"product","2":"type-product","3":"status-publish","4":"has-post-thumbnail","6":"pwb-brand-bac","7":"product_cat-fertilizantes","9":"first","10":"instock","11":"sale","12":"taxable","13":"shipping-taxable","14":"purchasable","15":"product-type-simple","16":"entry","17":"content-bg","18":"loop-entry"},"brands":[{"id":157,"name":"Bac","slug":"bac"}],"_links":{"self":[{"href":"https:\/\/puregrowshop.com\/fr\/wp-json\/wp\/v2\/product\/11898","targetHints":{"allow":["GET"]}}],"collection":[{"href":"https:\/\/puregrowshop.com\/fr\/wp-json\/wp\/v2\/product"}],"about":[{"href":"https:\/\/puregrowshop.com\/fr\/wp-json\/wp\/v2\/types\/product"}],"replies":[{"embeddable":true,"href":"https:\/\/puregrowshop.com\/fr\/wp-json\/wp\/v2\/comments?post=11898"}],"wp:featuredmedia":[{"embeddable":true,"href":"https:\/\/puregrowshop.com\/fr\/wp-json\/wp\/v2\/media\/10472"}],"wp:attachment":[{"href":"https:\/\/puregrowshop.com\/fr\/wp-json\/wp\/v2\/media?parent=11898"}],"wp:term":[{"taxonomy":"pwb-brand","embeddable":true,"href":"https:\/\/puregrowshop.com\/fr\/wp-json\/wp\/v2\/pwb-brand?post=11898"},{"taxonomy":"product_brand","embeddable":true,"href":"https:\/\/puregrowshop.com\/fr\/wp-json\/wp\/v2\/product_brand?post=11898"},{"taxonomy":"product_cat","embeddable":true,"href":"https:\/\/puregrowshop.com\/fr\/wp-json\/wp\/v2\/product_cat?post=11898"},{"taxonomy":"product_tag","embeddable":true,"href":"https:\/\/puregrowshop.com\/fr\/wp-json\/wp\/v2\/product_tag?post=11898"}],"curies":[{"name":"wp","href":"https:\/\/api.w.org\/{rel}","templated":true}]}}