{"id":11896,"date":"2024-10-28T20:00:29","date_gmt":"2024-10-28T20:00:29","guid":{"rendered":"https:\/\/puregrowshop.com\/yuccah-1-lt-bac\/"},"modified":"2025-12-27T20:06:58","modified_gmt":"2025-12-27T20:06:58","slug":"yuccah-1-lt-bac","status":"publish","type":"product","link":"https:\/\/puregrowshop.com\/fr\/yuccah-1-lt-bac\/","title":{"rendered":"Yuccah 1 lt. BAC"},"content":{"rendered":"<p>Yuccah de BAC es un extracto natural de yuca (Schidigera), act\u00faa como humectante natural y mejorador del suelo. Reduce la tensi\u00f3n superficial de los l\u00edquidos haci\u00e9ndolos m\u00e1s absorbibles por las ra\u00edces. Mejora la capacidad de las ra\u00edces para obtener agua durante la sequ\u00eda.<\/p>\n<p>Tambien ayuda a las plantas a sobrevivir al calor extremo, la sequ\u00eda y la salinidad del suelo. Interact\u00faa con la microflora creando una rizosfera m\u00e1s favorable al aumentar los microorganismos beneficiosos, encargados de la descomposici\u00f3n de la materia org\u00e1nica.<\/p>\n<p>Pone a disposici\u00f3n de la planta tensioactivos naturales en forma de saponinas, que act\u00faan sobre las ra\u00edces, incrementando la absorci\u00f3n de agua y nutrientes.<\/p>\n<p>Act\u00faa como humectante en combinaci\u00f3n con otros pesticidas incrementando su eficacia, mejora la vitalidad de la planta, crece m\u00e1s sana y vigorosa, siendo menos atractiva para las diversas plagas. Estimula microorganismos, bacterias beneficiosas del sustrato y mejora el desarrollo de la planta.<\/p>\n<p>Dosificaci\u00f3n:<br \/>Riego: 10-20ml por 10 litros. 1 vez por semana.<br \/>Pulverizaci\u00f3n: (Antiestr\u00e9s) 50ml por 10 litros.<\/p>\n<p>Ingredientes:<br \/>Extracto de Yucca Shidigera 100%.<br \/>Este producto se puede mezclar con otros fertilizantes o pesticidas l\u00edquidos. Es normal algo de espuma, debido a las saponinas del producto, se disuelven solas, adecuado para todos los sustratos.<\/p>\n<p>Disponible en 250ml, 500ml, 1L<\/p>\n","protected":false},"excerpt":{"rendered":"<p>Yuccah de BAC es un extracto natural de yuca (Schidigera), act\u00faa como humectante natural y mejorador del suelo. Reduce la tensi\u00f3n superficial de los l\u00edquidos haci\u00e9ndolos m\u00e1s absorbibles por las ra\u00edces. Mejora la capacidad de las ra\u00edces para obtener agua durante la sequ\u00eda.<\/p>\n","protected":false},"featured_media":10468,"comment_status":"open","ping_status":"closed","template":"","meta":{"_bst_post_transparent":"","_bst_post_title":"","_bst_post_layout":"","_bst_post_sidebar_id":"","_bst_post_content_style":"","_bst_post_vertical_padding":"","_bst_post_feature":"","_bst_post_feature_position":"","_bst_post_header":false,"_bst_post_footer":false},"pwb-brand":[157],"product_brand":[],"product_cat":[39],"product_tag":[],"class_list":{"0":"post-11896","1":"product","2":"type-product","3":"status-publish","4":"has-post-thumbnail","6":"pwb-brand-bac","7":"product_cat-fertilizantes","9":"first","10":"instock","11":"sale","12":"taxable","13":"shipping-taxable","14":"purchasable","15":"product-type-simple","16":"entry","17":"content-bg","18":"loop-entry"},"brands":[{"id":157,"name":"Bac","slug":"bac"}],"_links":{"self":[{"href":"https:\/\/puregrowshop.com\/fr\/wp-json\/wp\/v2\/product\/11896","targetHints":{"allow":["GET"]}}],"collection":[{"href":"https:\/\/puregrowshop.com\/fr\/wp-json\/wp\/v2\/product"}],"about":[{"href":"https:\/\/puregrowshop.com\/fr\/wp-json\/wp\/v2\/types\/product"}],"replies":[{"embeddable":true,"href":"https:\/\/puregrowshop.com\/fr\/wp-json\/wp\/v2\/comments?post=11896"}],"wp:featuredmedia":[{"embeddable":true,"href":"https:\/\/puregrowshop.com\/fr\/wp-json\/wp\/v2\/media\/10468"}],"wp:attachment":[{"href":"https:\/\/puregrowshop.com\/fr\/wp-json\/wp\/v2\/media?parent=11896"}],"wp:term":[{"taxonomy":"pwb-brand","embeddable":true,"href":"https:\/\/puregrowshop.com\/fr\/wp-json\/wp\/v2\/pwb-brand?post=11896"},{"taxonomy":"product_brand","embeddable":true,"href":"https:\/\/puregrowshop.com\/fr\/wp-json\/wp\/v2\/product_brand?post=11896"},{"taxonomy":"product_cat","embeddable":true,"href":"https:\/\/puregrowshop.com\/fr\/wp-json\/wp\/v2\/product_cat?post=11896"},{"taxonomy":"product_tag","embeddable":true,"href":"https:\/\/puregrowshop.com\/fr\/wp-json\/wp\/v2\/product_tag?post=11896"}],"curies":[{"name":"wp","href":"https:\/\/api.w.org\/{rel}","templated":true}]}}