{"id":11893,"date":"2024-10-28T20:00:28","date_gmt":"2024-10-28T20:00:28","guid":{"rendered":"https:\/\/puregrowshop.com\/bloomstimulator-1-lt-bac\/"},"modified":"2025-12-27T20:06:58","modified_gmt":"2025-12-27T20:06:58","slug":"bloomstimulator-1-lt-bac","status":"publish","type":"product","link":"https:\/\/puregrowshop.com\/fr\/bloomstimulator-1-lt-bac\/","title":{"rendered":"Bloomstimulator 1 lt. BAC"},"content":{"rendered":"<p>Estimula el crecimiento de microorganismos en tu medio para asegurar una mayor absorci\u00f3n y transporte de nutrientes a trav\u00e9s de la planta. Tus plantas van a empezar antes a producir flores. Adem\u00e1s, la tierra est\u00e1 protegida contra varias enfermedades del sustrato. <\/p>\n<p>Este estimulador tambi\u00e9n tiene un efecto limpiador de tus goteros y baja el valor del pH del medio de cultivo. \u00a1Mantener en sitio fresco y no usar nunca enzimas cuando uses estos productos org\u00e1nicos! Extremamente concentrado.<\/p>\n","protected":false},"excerpt":{"rendered":"<p>&#8211; Estimula el crecimiento de microorganismos<br \/>&#8211; Asegura una mayor absorci\u00f3n de nutrientes.<br \/>&#8211; Producci\u00f3n de flores m\u00e1s r\u00e1pida.<br \/>&#8211; Efecto limpiador de tus goteros.<\/p>\n","protected":false},"featured_media":10462,"comment_status":"open","ping_status":"closed","template":"","meta":{"_bst_post_transparent":"","_bst_post_title":"","_bst_post_layout":"","_bst_post_sidebar_id":"","_bst_post_content_style":"","_bst_post_vertical_padding":"","_bst_post_feature":"","_bst_post_feature_position":"","_bst_post_header":false,"_bst_post_footer":false},"pwb-brand":[157],"product_brand":[],"product_cat":[39],"product_tag":[],"class_list":{"0":"post-11893","1":"product","2":"type-product","3":"status-publish","4":"has-post-thumbnail","6":"pwb-brand-bac","7":"product_cat-fertilizantes","9":"first","10":"instock","11":"sale","12":"taxable","13":"shipping-taxable","14":"purchasable","15":"product-type-simple","16":"entry","17":"content-bg","18":"loop-entry"},"brands":[{"id":157,"name":"Bac","slug":"bac"}],"_links":{"self":[{"href":"https:\/\/puregrowshop.com\/fr\/wp-json\/wp\/v2\/product\/11893","targetHints":{"allow":["GET"]}}],"collection":[{"href":"https:\/\/puregrowshop.com\/fr\/wp-json\/wp\/v2\/product"}],"about":[{"href":"https:\/\/puregrowshop.com\/fr\/wp-json\/wp\/v2\/types\/product"}],"replies":[{"embeddable":true,"href":"https:\/\/puregrowshop.com\/fr\/wp-json\/wp\/v2\/comments?post=11893"}],"wp:featuredmedia":[{"embeddable":true,"href":"https:\/\/puregrowshop.com\/fr\/wp-json\/wp\/v2\/media\/10462"}],"wp:attachment":[{"href":"https:\/\/puregrowshop.com\/fr\/wp-json\/wp\/v2\/media?parent=11893"}],"wp:term":[{"taxonomy":"pwb-brand","embeddable":true,"href":"https:\/\/puregrowshop.com\/fr\/wp-json\/wp\/v2\/pwb-brand?post=11893"},{"taxonomy":"product_brand","embeddable":true,"href":"https:\/\/puregrowshop.com\/fr\/wp-json\/wp\/v2\/product_brand?post=11893"},{"taxonomy":"product_cat","embeddable":true,"href":"https:\/\/puregrowshop.com\/fr\/wp-json\/wp\/v2\/product_cat?post=11893"},{"taxonomy":"product_tag","embeddable":true,"href":"https:\/\/puregrowshop.com\/fr\/wp-json\/wp\/v2\/product_tag?post=11893"}],"curies":[{"name":"wp","href":"https:\/\/api.w.org\/{rel}","templated":true}]}}