{"id":11891,"date":"2024-10-28T20:00:28","date_gmt":"2024-10-28T20:00:28","guid":{"rendered":"https:\/\/puregrowshop.com\/f1-superbud-extreme-booster-10-lt-bac\/"},"modified":"2025-12-27T20:06:58","modified_gmt":"2025-12-27T20:06:58","slug":"f1-superbud-extreme-booster-10-lt-bac","status":"publish","type":"product","link":"https:\/\/puregrowshop.com\/fr\/f1-superbud-extreme-booster-10-lt-bac\/","title":{"rendered":"F1 Superbud Extreme Booster 10 lt. BAC"},"content":{"rendered":"<p>F1 Extreme Booster de BAC (antes F1 Superbud Booster) es un aditivo que se usa en combinaci\u00f3n con los nutrientes b\u00e1sicos que les aporta a nuestras plantas esa dosis de f\u00f3sforo y potasio extra; para que engorden lo m\u00e1ximo posible tus cogollos, enormes y apretados, con este excelente PK.<\/p>\n<p>Es compatible con cualquier medio de cultivo y es especialmente indicado en hidrop\u00f3nico y aerop\u00f3nico, as\u00ed como cualquier sistema de riego automatizado, gracias a sus ingredientes completamente solubles en agua que no precipitar\u00e1n en tus tuber\u00edas. A\u00f1ade un limpiador como ATA Clean para asegurarte que ning\u00fan otro aditivo deposita sales en los conductos del sistema de riego.<\/p>\n<p>Dar\u00e1s a tus plantas uno de los engordes m\u00e1s potentes del mercado. F1 Superbud Extreme Booster le dar\u00e1 una dosis alta de f\u00f3sforo y potasio justo cuando nuestras plantas m\u00e1s lo necesitan para engrosar sus flores. Al ser minerales f\u00e1cilmente absorbibles y aprovechables por la planta los asimilar\u00e1 perfectamente y engordar\u00e1n como nunca. A\u00f1\u00e1delo junto a tu abono de floraci\u00f3n a partir del primer mes de floraci\u00f3n en interior y tus plantas te lo agradecer\u00e1n con las mejores producciones.<\/p>\n<p>Consulta la c\u00f3moda tabla de cultivo que proporciona el fabricante para abonar con mayor precisi\u00f3n tus plantas.<br \/>Dosis y modo de empleo de F1 Extreme Booster de BAC:<\/p>\n<p>\u2022\tA\u00f1ade a tu abono de floraci\u00f3n cuando falten 4 semanas para el final de la cosecha.<br \/>\u2022\tNormalmente es a partir de la 5\u00ba semana y hay que subirle al agua de riego 0,6 de Ec de F1 Superbud Extreme Booster. Para explicarlo mejor, si con el abono de floraci\u00f3n llegamos a 1,4 habr\u00eda que subir hasta 2,0 la Ec con F1 Superbud Extreme Booster.<\/p>\n<p>Composici\u00f3n de F1 Extreme Booster de BAC:<br \/>\u2022\tNPK 0-13-19<br \/>\u2022\tF\u00f3sforo 13%<br \/>\u2022\tPotasio 19%<\/p>\n","protected":false},"excerpt":{"rendered":"<p>F1 Extreme Booster de BAC les aporta a nuestras plantas esa alta dosis de fosforo y potasio para que engorden al m\u00e1ximo tus plantas. Cogollos enormes y apretados con este excelente PK.<\/p>\n","protected":false},"featured_media":10458,"comment_status":"open","ping_status":"closed","template":"","meta":{"_bst_post_transparent":"","_bst_post_title":"","_bst_post_layout":"","_bst_post_sidebar_id":"","_bst_post_content_style":"","_bst_post_vertical_padding":"","_bst_post_feature":"","_bst_post_feature_position":"","_bst_post_header":false,"_bst_post_footer":false},"pwb-brand":[157],"product_brand":[],"product_cat":[39],"product_tag":[],"class_list":{"0":"post-11891","1":"product","2":"type-product","3":"status-publish","4":"has-post-thumbnail","6":"pwb-brand-bac","7":"product_cat-fertilizantes","8":"product_shipping_class-entre-10-kg-y-20-kg","10":"first","11":"instock","12":"sale","13":"taxable","14":"shipping-taxable","15":"purchasable","16":"product-type-simple","17":"entry","18":"content-bg","19":"loop-entry"},"brands":[{"id":157,"name":"Bac","slug":"bac"}],"_links":{"self":[{"href":"https:\/\/puregrowshop.com\/fr\/wp-json\/wp\/v2\/product\/11891","targetHints":{"allow":["GET"]}}],"collection":[{"href":"https:\/\/puregrowshop.com\/fr\/wp-json\/wp\/v2\/product"}],"about":[{"href":"https:\/\/puregrowshop.com\/fr\/wp-json\/wp\/v2\/types\/product"}],"replies":[{"embeddable":true,"href":"https:\/\/puregrowshop.com\/fr\/wp-json\/wp\/v2\/comments?post=11891"}],"wp:featuredmedia":[{"embeddable":true,"href":"https:\/\/puregrowshop.com\/fr\/wp-json\/wp\/v2\/media\/10458"}],"wp:attachment":[{"href":"https:\/\/puregrowshop.com\/fr\/wp-json\/wp\/v2\/media?parent=11891"}],"wp:term":[{"taxonomy":"pwb-brand","embeddable":true,"href":"https:\/\/puregrowshop.com\/fr\/wp-json\/wp\/v2\/pwb-brand?post=11891"},{"taxonomy":"product_brand","embeddable":true,"href":"https:\/\/puregrowshop.com\/fr\/wp-json\/wp\/v2\/product_brand?post=11891"},{"taxonomy":"product_cat","embeddable":true,"href":"https:\/\/puregrowshop.com\/fr\/wp-json\/wp\/v2\/product_cat?post=11891"},{"taxonomy":"product_tag","embeddable":true,"href":"https:\/\/puregrowshop.com\/fr\/wp-json\/wp\/v2\/product_tag?post=11891"}],"curies":[{"name":"wp","href":"https:\/\/api.w.org\/{rel}","templated":true}]}}