{"id":11888,"date":"2024-10-28T20:00:28","date_gmt":"2024-10-28T20:00:28","guid":{"rendered":"https:\/\/puregrowshop.com\/ph-up-1-lt-bac\/"},"modified":"2025-12-27T20:06:50","modified_gmt":"2025-12-27T20:06:50","slug":"ph-up-1-lt-bac","status":"publish","type":"product","link":"https:\/\/puregrowshop.com\/fr\/ph-up-1-lt-bac\/","title":{"rendered":"PH Up  1 lt. BAC"},"content":{"rendered":"<p>Cuando se utilicen fertilizantes qu\u00edmicos se aconseja corregir el pH despu\u00e9s de a\u00f1adir los fertilizantes, los estimuladores se deben a\u00f1adir con el pH corregido. B.A.C. pH down y pH up se utilizan tambi\u00e9n para eliminar el bicarbonato de las aguas con durezas altas, para preparar la soluci\u00f3n se debe a\u00f1adir pH down hasta llegar a pH 5,2 y dejar que el acido reaccione con el bicarbonato, el agua bajar\u00e1 entonces hasta pH 3, con pH up subimos el pH hasta el nivel adecuado seg\u00fan el substrato que utilicemos y si el fertilizante es org\u00e1nico o mineral, consultar pH en las tablas.<\/p>\n","protected":false},"excerpt":{"rendered":"<p>Con este \u00e1cido n\u00edtrico conseguir\u00e1s adecuar la soluci\u00f3n nutriente al pH m\u00e1s adecuado para tu sustrato, este producto debe manejarse con cuidado porque puede causar graves quemaduras por contacto ya que es \u00e1cido n\u00edtrico que aportar\u00e1 un extra de nitr\u00f3geno a la soluci\u00f3n. Cuando se utilizan estimuladores org\u00e1nicos debemos corregir el pH ya que los \u00e1cidos eliminan caracter\u00edsticas muy importantes de los estimuladores.<\/p>\n","protected":false},"featured_media":10452,"comment_status":"open","ping_status":"closed","template":"","meta":{"_bst_post_transparent":"","_bst_post_title":"","_bst_post_layout":"","_bst_post_sidebar_id":"","_bst_post_content_style":"","_bst_post_vertical_padding":"","_bst_post_feature":"","_bst_post_feature_position":"","_bst_post_header":false,"_bst_post_footer":false},"pwb-brand":[157],"product_brand":[],"product_cat":[39],"product_tag":[],"class_list":{"0":"post-11888","1":"product","2":"type-product","3":"status-publish","4":"has-post-thumbnail","6":"pwb-brand-bac","7":"product_cat-fertilizantes","9":"first","10":"instock","11":"sale","12":"taxable","13":"shipping-taxable","14":"purchasable","15":"product-type-simple","16":"entry","17":"content-bg","18":"loop-entry"},"brands":[{"id":157,"name":"Bac","slug":"bac"}],"_links":{"self":[{"href":"https:\/\/puregrowshop.com\/fr\/wp-json\/wp\/v2\/product\/11888","targetHints":{"allow":["GET"]}}],"collection":[{"href":"https:\/\/puregrowshop.com\/fr\/wp-json\/wp\/v2\/product"}],"about":[{"href":"https:\/\/puregrowshop.com\/fr\/wp-json\/wp\/v2\/types\/product"}],"replies":[{"embeddable":true,"href":"https:\/\/puregrowshop.com\/fr\/wp-json\/wp\/v2\/comments?post=11888"}],"wp:featuredmedia":[{"embeddable":true,"href":"https:\/\/puregrowshop.com\/fr\/wp-json\/wp\/v2\/media\/10452"}],"wp:attachment":[{"href":"https:\/\/puregrowshop.com\/fr\/wp-json\/wp\/v2\/media?parent=11888"}],"wp:term":[{"taxonomy":"pwb-brand","embeddable":true,"href":"https:\/\/puregrowshop.com\/fr\/wp-json\/wp\/v2\/pwb-brand?post=11888"},{"taxonomy":"product_brand","embeddable":true,"href":"https:\/\/puregrowshop.com\/fr\/wp-json\/wp\/v2\/product_brand?post=11888"},{"taxonomy":"product_cat","embeddable":true,"href":"https:\/\/puregrowshop.com\/fr\/wp-json\/wp\/v2\/product_cat?post=11888"},{"taxonomy":"product_tag","embeddable":true,"href":"https:\/\/puregrowshop.com\/fr\/wp-json\/wp\/v2\/product_tag?post=11888"}],"curies":[{"name":"wp","href":"https:\/\/api.w.org\/{rel}","templated":true}]}}