{"id":11860,"date":"2024-10-28T20:00:23","date_gmt":"2024-10-28T20:00:23","guid":{"rendered":"https:\/\/puregrowshop.com\/final-solution-300-ml-bac\/"},"modified":"2025-12-27T20:06:13","modified_gmt":"2025-12-27T20:06:13","slug":"final-solution-300-ml-bac","status":"publish","type":"product","link":"https:\/\/puregrowshop.com\/fr\/final-solution-300-ml-bac\/","title":{"rendered":"Final Solution  300 ml. BAC"},"content":{"rendered":"<p>Final Solution 300 ml de BAC es el aliado perfecto para aquellos que buscan optimizar el rendimiento de sus cultivos. Dise\u00f1ado para proporcionar resultados excepcionales, este fertilizante es esencial para cualquier cultivador que desee alcanzar la m\u00e1xima calidad en sus plantas.<\/p>\n<ul>\n<li>Capacidad: 300 ml<\/li>\n<li>Peso: 0.37 kg<\/li>\n<li>Categor\u00eda: Fertilizantes<\/li>\n<\/ul>\n<p>Este producto ofrece m\u00faltiples beneficios. Final Solution 300 ml de BAC acelera el proceso de limpieza de sales acumuladas en el medio de cultivo, favoreciendo la absorci\u00f3n \u00f3ptima de nutrientes. Esto no solo mejora el sabor y aroma de las cosechas, sino que tambi\u00e9n asegura un producto final libre de residuos qu\u00edmicos.<\/p>\n<p>La composici\u00f3n de este fertilizante incluye una mezcla \u00fanica de enzimas y componentes naturales que act\u00faan eficazmente en el sustrato.<\/p>\n<p>Para utilizar Final Solution 300 ml de BAC, simplemente diluya 1 ml por litro de agua en la \u00faltima semana de floraci\u00f3n para garantizar una limpieza completa. Ag\u00edtese bien antes de usar y apl\u00edquese directamente al sistema de riego para obtener los mejores resultados. Aseg\u00farese de seguir las instrucciones de dosificaci\u00f3n para maximizar la eficiencia y efectividad del producto.<\/p>\n","protected":false},"excerpt":{"rendered":"<p>El B.A.C Final Solution asegura una r\u00e1pida fermentaci\u00f3n de todas las substancias desecho alrededor de las ra\u00edces\/sistemas radiculares. Estimulando grupos espec\u00edficos de microorganismos, estos empezaran a producir enzimas. Estas enzimas van a asegurar que las sustancias desecho presente en el agua corrientes como el cloro (Cl) y sodio (Na) son eliminados. Esto significa que estas (da\u00f1inas) substancias desecho no van a influir mas en el valor de EC en tus sistemas radiculares. Tus plantas ahora pueden absorber libremente todos los nutrientes beneficiosos del B.A.C PK Booster. Este producto es tambi\u00e9n muy aconsejable para reutilizar tu substrato. \u00a1Mantener en sitio fresco y no usar nunca enzimas cuando uses estos productos org\u00e1nicos!<\/p>\n","protected":false},"featured_media":10396,"comment_status":"open","ping_status":"closed","template":"","meta":{"_bst_post_transparent":"","_bst_post_title":"","_bst_post_layout":"","_bst_post_sidebar_id":"","_bst_post_content_style":"","_bst_post_vertical_padding":"","_bst_post_feature":"","_bst_post_feature_position":"","_bst_post_header":false,"_bst_post_footer":false},"pwb-brand":[157],"product_brand":[],"product_cat":[39],"product_tag":[],"class_list":{"0":"post-11860","1":"product","2":"type-product","3":"status-publish","4":"has-post-thumbnail","6":"pwb-brand-bac","7":"product_cat-fertilizantes","9":"first","10":"instock","11":"sale","12":"taxable","13":"shipping-taxable","14":"purchasable","15":"product-type-simple","16":"entry","17":"content-bg","18":"loop-entry"},"brands":[{"id":157,"name":"Bac","slug":"bac"}],"_links":{"self":[{"href":"https:\/\/puregrowshop.com\/fr\/wp-json\/wp\/v2\/product\/11860","targetHints":{"allow":["GET"]}}],"collection":[{"href":"https:\/\/puregrowshop.com\/fr\/wp-json\/wp\/v2\/product"}],"about":[{"href":"https:\/\/puregrowshop.com\/fr\/wp-json\/wp\/v2\/types\/product"}],"replies":[{"embeddable":true,"href":"https:\/\/puregrowshop.com\/fr\/wp-json\/wp\/v2\/comments?post=11860"}],"wp:featuredmedia":[{"embeddable":true,"href":"https:\/\/puregrowshop.com\/fr\/wp-json\/wp\/v2\/media\/10396"}],"wp:attachment":[{"href":"https:\/\/puregrowshop.com\/fr\/wp-json\/wp\/v2\/media?parent=11860"}],"wp:term":[{"taxonomy":"pwb-brand","embeddable":true,"href":"https:\/\/puregrowshop.com\/fr\/wp-json\/wp\/v2\/pwb-brand?post=11860"},{"taxonomy":"product_brand","embeddable":true,"href":"https:\/\/puregrowshop.com\/fr\/wp-json\/wp\/v2\/product_brand?post=11860"},{"taxonomy":"product_cat","embeddable":true,"href":"https:\/\/puregrowshop.com\/fr\/wp-json\/wp\/v2\/product_cat?post=11860"},{"taxonomy":"product_tag","embeddable":true,"href":"https:\/\/puregrowshop.com\/fr\/wp-json\/wp\/v2\/product_tag?post=11860"}],"curies":[{"name":"wp","href":"https:\/\/api.w.org\/{rel}","templated":true}]}}