{"id":11857,"date":"2024-10-28T20:00:23","date_gmt":"2024-10-28T20:00:23","guid":{"rendered":"https:\/\/puregrowshop.com\/bio-clone-100-ml-bac\/"},"modified":"2026-04-07T18:00:31","modified_gmt":"2026-04-07T18:00:31","slug":"bio-clone-100-ml-bac","status":"publish","type":"product","link":"https:\/\/puregrowshop.com\/fr\/bio-clone-100-ml-bac\/","title":{"rendered":"Bio Clone 100 ml. BAC"},"content":{"rendered":"<p>INSTRUCCIONES:<br \/>Sumergir el esqueje en 20-30 mm de gel durante aproximadamente 2 minutos. Inmediatamente despu\u00e9s, plantarlo en el medio de cultivo. Mantener condiciones de humedad hasta que crezcan nuevas hojas en la planta.<\/p>\n<p>PRECAUCIONES:<br \/>Lavarse las manos despu\u00e9s de su uso.<br \/>No es una sustancia peligrosa.<br \/>Cerrar bien el envase despu\u00e9s de usar.<br \/>Mantener entre 5 y 20 \u00baC.<br \/>Producto biodegradable.<\/p>\n","protected":false},"excerpt":{"rendered":"<p>BioClone Gel est\u00e1 dise\u00f1ado para estimular el crecimiento de la ra\u00edz y para la protecci\u00f3n contra enfermedades de esquejes. Es un producto totalmente derivado de plantas, que contiene las proporciones ideales de oligoelementos.<\/p>\n","protected":false},"featured_media":10390,"comment_status":"open","ping_status":"closed","template":"","meta":{"_bst_post_transparent":"","_bst_post_title":"","_bst_post_layout":"","_bst_post_sidebar_id":"","_bst_post_content_style":"","_bst_post_vertical_padding":"","_bst_post_feature":"","_bst_post_feature_position":"","_bst_post_header":false,"_bst_post_footer":false},"pwb-brand":[157],"product_brand":[],"product_cat":[39],"product_tag":[],"class_list":{"0":"post-11857","1":"product","2":"type-product","3":"status-publish","4":"has-post-thumbnail","6":"pwb-brand-bac","7":"product_cat-fertilizantes","9":"first","10":"instock","11":"sale","12":"taxable","13":"shipping-taxable","14":"purchasable","15":"product-type-simple","16":"entry","17":"content-bg","18":"loop-entry"},"brands":[{"id":157,"name":"Bac","slug":"bac"}],"_links":{"self":[{"href":"https:\/\/puregrowshop.com\/fr\/wp-json\/wp\/v2\/product\/11857","targetHints":{"allow":["GET"]}}],"collection":[{"href":"https:\/\/puregrowshop.com\/fr\/wp-json\/wp\/v2\/product"}],"about":[{"href":"https:\/\/puregrowshop.com\/fr\/wp-json\/wp\/v2\/types\/product"}],"replies":[{"embeddable":true,"href":"https:\/\/puregrowshop.com\/fr\/wp-json\/wp\/v2\/comments?post=11857"}],"wp:featuredmedia":[{"embeddable":true,"href":"https:\/\/puregrowshop.com\/fr\/wp-json\/wp\/v2\/media\/10390"}],"wp:attachment":[{"href":"https:\/\/puregrowshop.com\/fr\/wp-json\/wp\/v2\/media?parent=11857"}],"wp:term":[{"taxonomy":"pwb-brand","embeddable":true,"href":"https:\/\/puregrowshop.com\/fr\/wp-json\/wp\/v2\/pwb-brand?post=11857"},{"taxonomy":"product_brand","embeddable":true,"href":"https:\/\/puregrowshop.com\/fr\/wp-json\/wp\/v2\/product_brand?post=11857"},{"taxonomy":"product_cat","embeddable":true,"href":"https:\/\/puregrowshop.com\/fr\/wp-json\/wp\/v2\/product_cat?post=11857"},{"taxonomy":"product_tag","embeddable":true,"href":"https:\/\/puregrowshop.com\/fr\/wp-json\/wp\/v2\/product_tag?post=11857"}],"curies":[{"name":"wp","href":"https:\/\/api.w.org\/{rel}","templated":true}]}}