{"id":11854,"date":"2024-10-28T20:00:22","date_gmt":"2024-10-28T20:00:22","guid":{"rendered":"https:\/\/puregrowshop.com\/fast-food-autoflowering-1-5-lt-bac\/"},"modified":"2025-12-27T20:06:04","modified_gmt":"2025-12-27T20:06:04","slug":"fast-food-autoflowering-1-5-lt-bac","status":"publish","type":"product","link":"https:\/\/puregrowshop.com\/fr\/fast-food-autoflowering-1-5-lt-bac\/","title":{"rendered":"Fast Food Autoflowering 1.5 lt. BAC"},"content":{"rendered":"<p>Descubre el poder del &quot;Fast Food Autofloreciente 1.5 lt. BAC&quot;, un fertilizante innovador dise\u00f1ado para maximizar el potencial de tus plantas autoflorecientes. Ideal para cultivadores que buscan un crecimiento r\u00e1pido y saludable, este producto garantiza resultados \u00f3ptimos con el m\u00ednimo esfuerzo.<\/p>\n<ul>\n<li>Peso: 2.1 kg<\/li>\n<li>Categor\u00eda: Fertilizantes<\/li>\n<li>Capacidad: 1.5 litros<\/li>\n<\/ul>\n<p>Beneficios y Usos: Este fertilizante est\u00e1 formulado para proporcionar todos los nutrientes esenciales que tus plantas necesitan para florecer r\u00e1pidamente. Acelera el crecimiento y mejora la calidad de la cosecha, asegurando plantas m\u00e1s robustas y saludables. Ideal para cultivadores que desean optimizar su tiempo y obtener resultados r\u00e1pidos sin comprometer la calidad.<\/p>\n<p>Composici\u00f3n: Contiene una mezcla equilibrada de macro y micronutrientes, enriquecido con elementos esenciales que promueven el desarrollo saludable de las plantas, asegurando una nutrici\u00f3n completa y balanceada.<\/p>\n<p>Instrucciones de uso y dosificaci\u00f3n: Agitar bien antes de usar. A\u00f1adir 2-4 ml por litro de agua y aplicar durante el riego en la fase de crecimiento y floraci\u00f3n. Ajustar la dosis seg\u00fan las necesidades espec\u00edficas de las plantas y las condiciones de cultivo para obtener los mejores resultados.<\/p>\n","protected":false},"excerpt":{"rendered":"<p>Fertilizante desarrollado espec\u00edficamente para utilizar con plantas autoflorecientes de r\u00e1pido crecimiento, basado en un solo producto para los dos ciclos, combina con gran maestr\u00eda la cantidad id\u00f3nea para las necesidades de este tipo de plantas  que deben desarrollarse en un ciclo muy corto, con B.A.C. Fast Food tendr\u00e1s todo lo que la planta necesita para tener un buen sistema radicular que sea capaz de aportar los nutrientes necesarios a la masa foliar necesaria para conseguir una buena floraci\u00f3n.<\/p>\n<p>B.A.C. Fast Food obtiene los mejores resultados con la combinaci\u00f3n del estimulador B.A.C Auto Stimulator el cual nos regula al fertilizante para que se adapte a los dos ciclos de cultivo sin necesidad de otros productos adicionales como P\/K o estimuladores de floraci\u00f3n o terminadores, en definitiva un fertilizante todo en uno en el cual obtendremos los mejores resultados tanto en crecimiento como en floraci\u00f3n, un fertilizante adaptado a las necesidades de los nuevos cultivadores que desean obtener grandes cogollos en peque\u00f1as plantas en el momento que se desee.<\/p>\n","protected":false},"featured_media":10383,"comment_status":"open","ping_status":"closed","template":"","meta":{"_bst_post_transparent":"","_bst_post_title":"","_bst_post_layout":"","_bst_post_sidebar_id":"","_bst_post_content_style":"","_bst_post_vertical_padding":"","_bst_post_feature":"","_bst_post_feature_position":"","_bst_post_header":false,"_bst_post_footer":false},"pwb-brand":[157],"product_brand":[],"product_cat":[39],"product_tag":[],"class_list":{"0":"post-11854","1":"product","2":"type-product","3":"status-publish","4":"has-post-thumbnail","6":"pwb-brand-bac","7":"product_cat-fertilizantes","8":"product_shipping_class-entre-1-kg-y-5-kg","10":"first","11":"instock","12":"sale","13":"taxable","14":"shipping-taxable","15":"purchasable","16":"product-type-simple","17":"entry","18":"content-bg","19":"loop-entry"},"brands":[{"id":157,"name":"Bac","slug":"bac"}],"_links":{"self":[{"href":"https:\/\/puregrowshop.com\/fr\/wp-json\/wp\/v2\/product\/11854","targetHints":{"allow":["GET"]}}],"collection":[{"href":"https:\/\/puregrowshop.com\/fr\/wp-json\/wp\/v2\/product"}],"about":[{"href":"https:\/\/puregrowshop.com\/fr\/wp-json\/wp\/v2\/types\/product"}],"replies":[{"embeddable":true,"href":"https:\/\/puregrowshop.com\/fr\/wp-json\/wp\/v2\/comments?post=11854"}],"wp:featuredmedia":[{"embeddable":true,"href":"https:\/\/puregrowshop.com\/fr\/wp-json\/wp\/v2\/media\/10383"}],"wp:attachment":[{"href":"https:\/\/puregrowshop.com\/fr\/wp-json\/wp\/v2\/media?parent=11854"}],"wp:term":[{"taxonomy":"pwb-brand","embeddable":true,"href":"https:\/\/puregrowshop.com\/fr\/wp-json\/wp\/v2\/pwb-brand?post=11854"},{"taxonomy":"product_brand","embeddable":true,"href":"https:\/\/puregrowshop.com\/fr\/wp-json\/wp\/v2\/product_brand?post=11854"},{"taxonomy":"product_cat","embeddable":true,"href":"https:\/\/puregrowshop.com\/fr\/wp-json\/wp\/v2\/product_cat?post=11854"},{"taxonomy":"product_tag","embeddable":true,"href":"https:\/\/puregrowshop.com\/fr\/wp-json\/wp\/v2\/product_tag?post=11854"}],"curies":[{"name":"wp","href":"https:\/\/api.w.org\/{rel}","templated":true}]}}