{"id":11853,"date":"2024-10-28T20:00:21","date_gmt":"2024-10-28T20:00:21","guid":{"rendered":"https:\/\/puregrowshop.com\/fast-food-autoflowering-750-ml-bac\/"},"modified":"2025-12-27T20:28:36","modified_gmt":"2025-12-27T20:28:36","slug":"fast-food-autoflowering-750-ml-bac","status":"publish","type":"product","link":"https:\/\/puregrowshop.com\/fr\/fast-food-autoflowering-750-ml-bac\/","title":{"rendered":"Fast Food Autoflowering  750 ml. BAC"},"content":{"rendered":"<p>Presentamos el &quot;Fast Food Autofloreciente 750 ml. BAC&quot;, un fertilizante de alto rendimiento dise\u00f1ado espec\u00edficamente para potenciar el crecimiento y floraci\u00f3n de tus plantas autoflorecientes. Este producto es ideal para cultivadores que buscan maximizar la salud y producci\u00f3n de sus cultivos con un enfoque profesional y eficiente.<\/p>\n<ul>\n<li>Peso: 962 gramos<\/li>\n<li>Categor\u00eda: Fertilizantes<\/li>\n<li>Formato: L\u00edquido<\/li>\n<li>Volumen: 750 ml<\/li>\n<\/ul>\n<h4>Beneficios y Usos<\/h4>\n<p>Este fertilizante est\u00e1 formulado para proporcionar un equilibrio \u00f3ptimo de nutrientes esenciales, asegurando un desarrollo vigoroso y una floraci\u00f3n abundante. Al utilizar Fast Food Autofloreciente, tus plantas disfrutar\u00e1n de una absorci\u00f3n r\u00e1pida de nutrientes, resultando en una mayor resistencia a enfermedades y estr\u00e9s ambiental, adem\u00e1s de una cosecha m\u00e1s rica y prolongada.<\/p>\n<p>Composici\u00f3n:<\/p>\n<p>Contiene una mezcla equilibrada de macro y micronutrientes, enriquecido con amino\u00e1cidos y vitaminas que favorecen un crecimiento robusto y saludable.<\/p>\n<p>Instrucciones de uso y dosificaci\u00f3n:<\/p>\n<p>Agitar bien antes de usar. Mezclar 1-2 ml por litro de agua en cada riego, aumentando la dosis gradualmente seg\u00fan las necesidades de las plantas. Utilizar durante todo el ciclo de crecimiento y floraci\u00f3n para obtener los mejores resultados.<\/p>\n","protected":false},"excerpt":{"rendered":"<p>Fertilizante desarrollado espec\u00edficamente para utilizar con plantas autoflorecientes de r\u00e1pido crecimiento, basado en un solo producto para los dos ciclos, combina con gran maestr\u00eda la cantidad id\u00f3nea para las necesidades de este tipo de plantas  que deben desarrollarse en un ciclo muy corto, con B.A.C. Fast Food tendr\u00e1s todo lo que la planta necesita para tener un buen sistema radicular que sea capaz de aportar los nutrientes necesarios a la masa foliar necesaria para conseguir una buena floraci\u00f3n.<\/p>\n<p>B.A.C. Fast Food obtiene los mejores resultados con la combinaci\u00f3n del estimulador B.A.C Auto Stimulator el cual nos regula al fertilizante para que se adapte a los dos ciclos de cultivo sin necesidad de otros productos adicionales como P\/K o estimuladores de floraci\u00f3n o terminadores, en definitiva un fertilizante todo en uno en el cual obtendremos los mejores resultados tanto en crecimiento como en floraci\u00f3n, un fertilizante adaptado a las necesidades de los nuevos cultivadores que desean obtener grandes cogollos en peque\u00f1as plantas en el momento que se desee.<\/p>\n","protected":false},"featured_media":10381,"comment_status":"open","ping_status":"closed","template":"","meta":{"_bst_post_transparent":"","_bst_post_title":"","_bst_post_layout":"","_bst_post_sidebar_id":"","_bst_post_content_style":"","_bst_post_vertical_padding":"","_bst_post_feature":"","_bst_post_feature_position":"","_bst_post_header":false,"_bst_post_footer":false},"pwb-brand":[157],"product_brand":[],"product_cat":[39],"product_tag":[],"class_list":{"0":"post-11853","1":"product","2":"type-product","3":"status-publish","4":"has-post-thumbnail","6":"pwb-brand-bac","7":"product_cat-fertilizantes","9":"first","10":"instock","11":"sale","12":"taxable","13":"shipping-taxable","14":"purchasable","15":"product-type-simple","16":"entry","17":"content-bg","18":"loop-entry"},"brands":[{"id":157,"name":"Bac","slug":"bac"}],"_links":{"self":[{"href":"https:\/\/puregrowshop.com\/fr\/wp-json\/wp\/v2\/product\/11853","targetHints":{"allow":["GET"]}}],"collection":[{"href":"https:\/\/puregrowshop.com\/fr\/wp-json\/wp\/v2\/product"}],"about":[{"href":"https:\/\/puregrowshop.com\/fr\/wp-json\/wp\/v2\/types\/product"}],"replies":[{"embeddable":true,"href":"https:\/\/puregrowshop.com\/fr\/wp-json\/wp\/v2\/comments?post=11853"}],"wp:featuredmedia":[{"embeddable":true,"href":"https:\/\/puregrowshop.com\/fr\/wp-json\/wp\/v2\/media\/10381"}],"wp:attachment":[{"href":"https:\/\/puregrowshop.com\/fr\/wp-json\/wp\/v2\/media?parent=11853"}],"wp:term":[{"taxonomy":"pwb-brand","embeddable":true,"href":"https:\/\/puregrowshop.com\/fr\/wp-json\/wp\/v2\/pwb-brand?post=11853"},{"taxonomy":"product_brand","embeddable":true,"href":"https:\/\/puregrowshop.com\/fr\/wp-json\/wp\/v2\/product_brand?post=11853"},{"taxonomy":"product_cat","embeddable":true,"href":"https:\/\/puregrowshop.com\/fr\/wp-json\/wp\/v2\/product_cat?post=11853"},{"taxonomy":"product_tag","embeddable":true,"href":"https:\/\/puregrowshop.com\/fr\/wp-json\/wp\/v2\/product_tag?post=11853"}],"curies":[{"name":"wp","href":"https:\/\/api.w.org\/{rel}","templated":true}]}}