{"id":11845,"date":"2024-10-28T20:00:20","date_gmt":"2024-10-28T20:00:20","guid":{"rendered":"https:\/\/puregrowshop.com\/bloomstimulator-120-ml-bac\/"},"modified":"2025-12-27T20:05:56","modified_gmt":"2025-12-27T20:05:56","slug":"bloomstimulator-120-ml-bac","status":"publish","type":"product","link":"https:\/\/puregrowshop.com\/fr\/bloomstimulator-120-ml-bac\/","title":{"rendered":"Bloomstimulator   120 ml. BAC"},"content":{"rendered":"<p>Presentamos &quot;Bloomstimulator 120 ml. BAC&quot;, un potenciador de floraci\u00f3n de alta calidad dise\u00f1ado para maximizar el rendimiento de sus cultivos. Este estimulador es ideal para cultivadores que desean mejorar la producci\u00f3n de flores y frutos, garantizando plantas m\u00e1s robustas y saludables.<\/p>\n<ul>\n<li>Formato: 120 ml<\/li>\n<li>Peso: 0.18 kg<\/li>\n<li>Categor\u00eda: Fertilizantes<\/li>\n<li>Acelerador de floraci\u00f3n para todo tipo de cultivos<\/li>\n<li>Compatible con sistemas de cultivo hidrop\u00f3nicos y de suelo<\/li>\n<\/ul>\n<h4>Beneficios y Usos<\/h4>\n<p>Bloomstimulator de BAC acelera el proceso de floraci\u00f3n, promoviendo una producci\u00f3n m\u00e1s abundante y de mejor calidad. Este estimulador garantiza un crecimiento \u00f3ptimo, aumentando el tama\u00f1o y la densidad de las flores. Ideal para cultivadores que buscan maximizar el rendimiento y la calidad de sus cosechas.<\/p>\n<p>Composici\u00f3n:<\/p>\n<p>Contiene una mezcla exclusiva de nutrientes y compuestos naturales que estimulan el desarrollo de las flores, mejorando su vigor y resistencia.<\/p>\n<p>Instrucciones de uso y dosificaci\u00f3n:<\/p>\n<p>Para obtener resultados \u00f3ptimos, utilice Bloomstimulator desde el comienzo del per\u00edodo de floraci\u00f3n. Agite bien el producto antes de usar. A\u00f1ada 1 ml por litro de agua en cada riego durante toda la fase de floraci\u00f3n. Ajuste la dosis seg\u00fan las necesidades espec\u00edficas de sus plantas para maximizar el efecto deseado.<\/p>\n","protected":false},"excerpt":{"rendered":"<p><P>Estimula el crecimiento de microorganismos en tu medio para asegurar una mayor absorci\u00f3n y transporte de nutrientes a trav\u00e9s de la planta. Tus plantas van a empezar antes a producir flores. Adem\u00e1s, la tierra esta protegida contra varias enfermedades del sustrato. Este estimulador tambi\u00e9n tiene un efecto limpiador de tus goteros y baja el valor del pH del medio de cultivo. Mantener en sitio fresco y no usar nunca enzimas cuando uses estos productos org\u00e1nicos<\/P><br \/><P>Altamente Concentrado<\/P><\/p>\n","protected":false},"featured_media":10365,"comment_status":"open","ping_status":"closed","template":"","meta":{"_bst_post_transparent":"","_bst_post_title":"","_bst_post_layout":"","_bst_post_sidebar_id":"","_bst_post_content_style":"","_bst_post_vertical_padding":"","_bst_post_feature":"","_bst_post_feature_position":"","_bst_post_header":false,"_bst_post_footer":false},"pwb-brand":[157],"product_brand":[],"product_cat":[39],"product_tag":[],"class_list":{"0":"post-11845","1":"product","2":"type-product","3":"status-publish","4":"has-post-thumbnail","6":"pwb-brand-bac","7":"product_cat-fertilizantes","9":"first","10":"instock","11":"sale","12":"taxable","13":"shipping-taxable","14":"purchasable","15":"product-type-simple","16":"entry","17":"content-bg","18":"loop-entry"},"brands":[{"id":157,"name":"Bac","slug":"bac"}],"_links":{"self":[{"href":"https:\/\/puregrowshop.com\/fr\/wp-json\/wp\/v2\/product\/11845","targetHints":{"allow":["GET"]}}],"collection":[{"href":"https:\/\/puregrowshop.com\/fr\/wp-json\/wp\/v2\/product"}],"about":[{"href":"https:\/\/puregrowshop.com\/fr\/wp-json\/wp\/v2\/types\/product"}],"replies":[{"embeddable":true,"href":"https:\/\/puregrowshop.com\/fr\/wp-json\/wp\/v2\/comments?post=11845"}],"wp:featuredmedia":[{"embeddable":true,"href":"https:\/\/puregrowshop.com\/fr\/wp-json\/wp\/v2\/media\/10365"}],"wp:attachment":[{"href":"https:\/\/puregrowshop.com\/fr\/wp-json\/wp\/v2\/media?parent=11845"}],"wp:term":[{"taxonomy":"pwb-brand","embeddable":true,"href":"https:\/\/puregrowshop.com\/fr\/wp-json\/wp\/v2\/pwb-brand?post=11845"},{"taxonomy":"product_brand","embeddable":true,"href":"https:\/\/puregrowshop.com\/fr\/wp-json\/wp\/v2\/product_brand?post=11845"},{"taxonomy":"product_cat","embeddable":true,"href":"https:\/\/puregrowshop.com\/fr\/wp-json\/wp\/v2\/product_cat?post=11845"},{"taxonomy":"product_tag","embeddable":true,"href":"https:\/\/puregrowshop.com\/fr\/wp-json\/wp\/v2\/product_tag?post=11845"}],"curies":[{"name":"wp","href":"https:\/\/api.w.org\/{rel}","templated":true}]}}