{"id":11842,"date":"2024-10-28T20:00:20","date_gmt":"2024-10-28T20:00:20","guid":{"rendered":"https:\/\/puregrowshop.com\/plant-vitality-plus-250-ml-bac\/"},"modified":"2025-12-27T20:05:56","modified_gmt":"2025-12-27T20:05:56","slug":"plant-vitality-plus-250-ml-bac","status":"publish","type":"product","link":"https:\/\/puregrowshop.com\/fr\/plant-vitality-plus-250-ml-bac\/","title":{"rendered":"Plant Vitality Plus 250 ml. BAC"},"content":{"rendered":"<p>Producto concentrado 1:20. Esta botella es v\u00e1lida para disolver en 5L de agua. Agitar Bi\u00e9n antes de usar. Precauci\u00f3n: Almacenar en un lugarfresco y en la oscuridad. En caso de contacto con la piel, lavar con agua y jab\u00f3n. En caso de contacto con los ojos ponerse en contacto con un medico, y enjuagar bien con agua fr\u00eda Consultar con un m\u00e9dico en caso de que se presenten reacciones al\u00e9rgicas. No es un producto destinado al consumo humano. Contiene: Marcrolytic Lactones. Es un producto bioqu\u00edmico totalmente org\u00e1nico<\/p>\n","protected":false},"excerpt":{"rendered":"<p>Plant Vitality Plus se puede usar en cada ciclo de la planta, tanto en crecimiento como en floraci\u00f3n. Se puede utilizar como preventivo as\u00ed como curativo contra el estr\u00e9s y la ara\u00f1a roja. Pulverizar las hojas de abajo a arriba. Tambi\u00e9n es recommendable tratar la capa superior del substrato, para hacer desaparecer los huevos y las larvas de la ara\u00f1a roja. Se puede repetir el proceso despu\u00e9s de 5 d\u00edas en caso de ser necesario. <\/p>\n","protected":false},"featured_media":10359,"comment_status":"open","ping_status":"closed","template":"","meta":{"_bst_post_transparent":"","_bst_post_title":"","_bst_post_layout":"","_bst_post_sidebar_id":"","_bst_post_content_style":"","_bst_post_vertical_padding":"","_bst_post_feature":"","_bst_post_feature_position":"","_bst_post_header":false,"_bst_post_footer":false},"pwb-brand":[157],"product_brand":[],"product_cat":[39],"product_tag":[],"class_list":{"0":"post-11842","1":"product","2":"type-product","3":"status-publish","4":"has-post-thumbnail","6":"pwb-brand-bac","7":"product_cat-fertilizantes","9":"first","10":"instock","11":"sale","12":"taxable","13":"shipping-taxable","14":"purchasable","15":"product-type-simple","16":"entry","17":"content-bg","18":"loop-entry"},"brands":[{"id":157,"name":"Bac","slug":"bac"}],"_links":{"self":[{"href":"https:\/\/puregrowshop.com\/fr\/wp-json\/wp\/v2\/product\/11842","targetHints":{"allow":["GET"]}}],"collection":[{"href":"https:\/\/puregrowshop.com\/fr\/wp-json\/wp\/v2\/product"}],"about":[{"href":"https:\/\/puregrowshop.com\/fr\/wp-json\/wp\/v2\/types\/product"}],"replies":[{"embeddable":true,"href":"https:\/\/puregrowshop.com\/fr\/wp-json\/wp\/v2\/comments?post=11842"}],"wp:featuredmedia":[{"embeddable":true,"href":"https:\/\/puregrowshop.com\/fr\/wp-json\/wp\/v2\/media\/10359"}],"wp:attachment":[{"href":"https:\/\/puregrowshop.com\/fr\/wp-json\/wp\/v2\/media?parent=11842"}],"wp:term":[{"taxonomy":"pwb-brand","embeddable":true,"href":"https:\/\/puregrowshop.com\/fr\/wp-json\/wp\/v2\/pwb-brand?post=11842"},{"taxonomy":"product_brand","embeddable":true,"href":"https:\/\/puregrowshop.com\/fr\/wp-json\/wp\/v2\/product_brand?post=11842"},{"taxonomy":"product_cat","embeddable":true,"href":"https:\/\/puregrowshop.com\/fr\/wp-json\/wp\/v2\/product_cat?post=11842"},{"taxonomy":"product_tag","embeddable":true,"href":"https:\/\/puregrowshop.com\/fr\/wp-json\/wp\/v2\/product_tag?post=11842"}],"curies":[{"name":"wp","href":"https:\/\/api.w.org\/{rel}","templated":true}]}}