{"id":11841,"date":"2024-10-28T20:00:20","date_gmt":"2024-10-28T20:00:20","guid":{"rendered":"https:\/\/puregrowshop.com\/final-solution-120-ml-bac\/"},"modified":"2025-12-27T20:05:45","modified_gmt":"2025-12-27T20:05:45","slug":"final-solution-120-ml-bac","status":"publish","type":"product","link":"https:\/\/puregrowshop.com\/fr\/final-solution-120-ml-bac\/","title":{"rendered":"Final Solution  120 ml. BAC"},"content":{"rendered":"<p>Descubra la excelencia en el cuidado de sus plantas con el &quot;Final Solution 120 ml. BAC&quot;, un fertilizante dise\u00f1ado para optimizar el rendimiento y la salud de sus cultivos. Este producto de alta calidad es esencial para cualquier horticultor que busque obtener resultados profesionales y maximizar el potencial de sus plantas.<\/p>\n<ul>\n<li>Peso: 0.2 kg<\/li>\n<li>Volumen: 120 ml<\/li>\n<li>Categor\u00eda: Fertilizantes<\/li>\n<\/ul>\n<h4>Beneficios y Usos<\/h4>\n<p>Este fertilizante l\u00edquido est\u00e1 formulado para mejorar la absorci\u00f3n de nutrientes, promoviendo un crecimiento vigoroso y una floraci\u00f3n exuberante. Su uso regular ayuda a las plantas a desarrollar un sistema radicular fuerte y a aumentar su resistencia a condiciones adversas, asegurando cosechas abundantes y saludables.<\/p>\n<p>Composici\u00f3n:<\/p>\n<p>El &quot;Final Solution&quot; contiene una mezcla equilibrada de nutrientes esenciales y bioestimulantes que facilitan un entorno \u00f3ptimo para el desarrollo de las plantas.<\/p>\n<p>Instrucciones de uso y dosificaci\u00f3n:<\/p>\n<p>Agite bien antes de usar. Mezcle 1 ml de producto por cada litro de agua. Aplique una vez por semana durante el ciclo de floraci\u00f3n, asegurando una cobertura uniforme. Almacene en un lugar fresco y seco, lejos de la luz directa.<\/p>\n","protected":false},"excerpt":{"rendered":"<p><P>El B.A.C Final Solution asegura una r\u00e1pida fermentaci\u00f3n de todas las substancias desecho alrededor de las ra\u00edces\/sistemas radiculares. Estimulando grupos espec\u00edficos de microorganismos, estos empezaran a producir enzimas. Estas enzimas van a asegurar que las sustancias desecho presente en el agua corrientes como el cloro (Cl) y sodio (Na) son eliminados. Esto significa que estas (da\u00f1inas) substancias desecho no van a influir mas en el valor de EC en tus sistemas radiculares. Tus plantas ahora pueden absorber libremente todos los nutrientes beneficiosos del B.A.C. PK Booster. Este producto es tambi\u00e9n muy aconsejable para reutilizar tu substrato.<BR><BR>Mantener en sitio fresco y no usar nunca enzimas cuando uses estos productos org\u00e1nicos<\/P><br \/><P>Altamente Concentrado<\/P><\/p>\n","protected":false},"featured_media":10357,"comment_status":"open","ping_status":"closed","template":"","meta":{"_bst_post_transparent":"","_bst_post_title":"","_bst_post_layout":"","_bst_post_sidebar_id":"","_bst_post_content_style":"","_bst_post_vertical_padding":"","_bst_post_feature":"","_bst_post_feature_position":"","_bst_post_header":false,"_bst_post_footer":false},"pwb-brand":[157],"product_brand":[],"product_cat":[39],"product_tag":[],"class_list":{"0":"post-11841","1":"product","2":"type-product","3":"status-publish","4":"has-post-thumbnail","6":"pwb-brand-bac","7":"product_cat-fertilizantes","9":"first","10":"instock","11":"sale","12":"taxable","13":"shipping-taxable","14":"purchasable","15":"product-type-simple","16":"entry","17":"content-bg","18":"loop-entry"},"brands":[{"id":157,"name":"Bac","slug":"bac"}],"_links":{"self":[{"href":"https:\/\/puregrowshop.com\/fr\/wp-json\/wp\/v2\/product\/11841","targetHints":{"allow":["GET"]}}],"collection":[{"href":"https:\/\/puregrowshop.com\/fr\/wp-json\/wp\/v2\/product"}],"about":[{"href":"https:\/\/puregrowshop.com\/fr\/wp-json\/wp\/v2\/types\/product"}],"replies":[{"embeddable":true,"href":"https:\/\/puregrowshop.com\/fr\/wp-json\/wp\/v2\/comments?post=11841"}],"wp:featuredmedia":[{"embeddable":true,"href":"https:\/\/puregrowshop.com\/fr\/wp-json\/wp\/v2\/media\/10357"}],"wp:attachment":[{"href":"https:\/\/puregrowshop.com\/fr\/wp-json\/wp\/v2\/media?parent=11841"}],"wp:term":[{"taxonomy":"pwb-brand","embeddable":true,"href":"https:\/\/puregrowshop.com\/fr\/wp-json\/wp\/v2\/pwb-brand?post=11841"},{"taxonomy":"product_brand","embeddable":true,"href":"https:\/\/puregrowshop.com\/fr\/wp-json\/wp\/v2\/product_brand?post=11841"},{"taxonomy":"product_cat","embeddable":true,"href":"https:\/\/puregrowshop.com\/fr\/wp-json\/wp\/v2\/product_cat?post=11841"},{"taxonomy":"product_tag","embeddable":true,"href":"https:\/\/puregrowshop.com\/fr\/wp-json\/wp\/v2\/product_tag?post=11841"}],"curies":[{"name":"wp","href":"https:\/\/api.w.org\/{rel}","templated":true}]}}