{"id":11838,"date":"2024-10-28T20:00:19","date_gmt":"2024-10-28T20:00:19","guid":{"rendered":"https:\/\/puregrowshop.com\/organic-grow-1-lt-bac\/"},"modified":"2025-12-27T20:05:45","modified_gmt":"2025-12-27T20:05:45","slug":"organic-grow-1-lt-bac","status":"publish","type":"product","link":"https:\/\/puregrowshop.com\/fr\/organic-grow-1-lt-bac\/","title":{"rendered":"Organic Grow  1 lt. BAC"},"content":{"rendered":"<p>En la fase de crecimiento la cosecha necesita m\u00e1s nitr\u00f3geno(N), calcio (Ca) y magnesio (Mg). La equilibrada B.A.C organic grow, garantiza que tus plantas consigan todos los nutrientes que necesitan. Esto permitir\u00e1 un mejor y m\u00e1s r\u00e1pido desarrollo durante la fase de crecimiento. Durante esta fase el principal objetivo radica en estimular el crecimiento de las ra\u00edces, nuevos brotes y la base general de la planta, a fin de que pueda convertirse en una planta fuerte y densa. En combinaci\u00f3n con el estimulador de ra\u00edces B.A.C, B.A.C organic grow har\u00e1 tu cosecha m\u00e1s resistente contra toda clase de enfermedades del suelo, (Phytium, Fusarium), insectos y plagas (thrips, ara\u00f1a roja) y cualquier error de clima cometido por el cultivador. El uso de estimulador de ra\u00edces B.A.C y la aplicaci\u00f3n de B.A.C Funky Fungi activan micro-organismos \u00fatiles de tal manera que tus plantas se beneficiar\u00e1n de una \u00f3ptimamente equilibrada vida del suelo. Altamente concentrado.<\/p>\n","protected":false},"excerpt":{"rendered":"<p>Los nutrientes de B.A.C grow han sido especialmente desarrollados para satisfacer todas las necesidades de tu cosecha durante el ciclo de crecimiento. Solo usamos sustancias nutrientes org\u00e1nicas de alta calidad que pueden ser absorbidas f\u00e1cilmente. Usando estimulador de ra\u00edces B.A.C, se activan micro-organismos que aseguran que los necesarios elementos de B.A.C. grow, est\u00e9n inmediatamente disponibles para tus plantas. <\/p>\n","protected":false},"featured_media":10351,"comment_status":"open","ping_status":"closed","template":"","meta":{"_bst_post_transparent":"","_bst_post_title":"","_bst_post_layout":"","_bst_post_sidebar_id":"","_bst_post_content_style":"","_bst_post_vertical_padding":"","_bst_post_feature":"","_bst_post_feature_position":"","_bst_post_header":false,"_bst_post_footer":false},"pwb-brand":[157],"product_brand":[],"product_cat":[39],"product_tag":[],"class_list":{"0":"post-11838","1":"product","2":"type-product","3":"status-publish","4":"has-post-thumbnail","6":"pwb-brand-bac","7":"product_cat-fertilizantes","9":"first","10":"instock","11":"sale","12":"taxable","13":"shipping-taxable","14":"purchasable","15":"product-type-simple","16":"entry","17":"content-bg","18":"loop-entry"},"brands":[{"id":157,"name":"Bac","slug":"bac"}],"_links":{"self":[{"href":"https:\/\/puregrowshop.com\/fr\/wp-json\/wp\/v2\/product\/11838","targetHints":{"allow":["GET"]}}],"collection":[{"href":"https:\/\/puregrowshop.com\/fr\/wp-json\/wp\/v2\/product"}],"about":[{"href":"https:\/\/puregrowshop.com\/fr\/wp-json\/wp\/v2\/types\/product"}],"replies":[{"embeddable":true,"href":"https:\/\/puregrowshop.com\/fr\/wp-json\/wp\/v2\/comments?post=11838"}],"wp:featuredmedia":[{"embeddable":true,"href":"https:\/\/puregrowshop.com\/fr\/wp-json\/wp\/v2\/media\/10351"}],"wp:attachment":[{"href":"https:\/\/puregrowshop.com\/fr\/wp-json\/wp\/v2\/media?parent=11838"}],"wp:term":[{"taxonomy":"pwb-brand","embeddable":true,"href":"https:\/\/puregrowshop.com\/fr\/wp-json\/wp\/v2\/pwb-brand?post=11838"},{"taxonomy":"product_brand","embeddable":true,"href":"https:\/\/puregrowshop.com\/fr\/wp-json\/wp\/v2\/product_brand?post=11838"},{"taxonomy":"product_cat","embeddable":true,"href":"https:\/\/puregrowshop.com\/fr\/wp-json\/wp\/v2\/product_cat?post=11838"},{"taxonomy":"product_tag","embeddable":true,"href":"https:\/\/puregrowshop.com\/fr\/wp-json\/wp\/v2\/product_tag?post=11838"}],"curies":[{"name":"wp","href":"https:\/\/api.w.org\/{rel}","templated":true}]}}