{"id":11828,"date":"2024-10-28T20:00:18","date_gmt":"2024-10-28T20:00:18","guid":{"rendered":"https:\/\/puregrowshop.com\/calcio-magnesio-5-lt-terra-aquatica\/"},"modified":"2026-02-12T09:24:04","modified_gmt":"2026-02-12T09:24:04","slug":"calcio-magnesio-5-lt-terra-aquatica","status":"publish","type":"product","link":"https:\/\/puregrowshop.com\/fr\/calcio-magnesio-5-lt-terra-aquatica\/","title":{"rendered":"Calcio Magnesio 5 lt. Terra Aquatica"},"content":{"rendered":"<p>Presentamos el Calcio Magnesio 5 lt. Terra Aquatica, un fertilizante de calidad profesional dise\u00f1ado para mejorar la salud y el vigor de sus plantas. Este producto es esencial para garantizar un crecimiento \u00f3ptimo y una producci\u00f3n abundante en una amplia variedad de cultivos.<\/p>\n<ul>\n<li>Peso: 6.5 kg<\/li>\n<li>Categor\u00edas: Fertilizantes<\/li>\n<li>Formato: L\u00edquido<\/li>\n<li>Volumen: 5 litros<\/li>\n<\/ul>\n<h4>Beneficios y Usos<\/h4>\n<p>El Calcio Magnesio Terra Aquatica es ideal para prevenir deficiencias de calcio y magnesio, elementos cr\u00edticos para el desarrollo estructural de las plantas. Mejora la resistencia a enfermedades y promueve una fotos\u00edntesis eficiente, lo que resulta en un crecimiento m\u00e1s fuerte y rendimientos superiores.<\/p>\n<p>Composici\u00f3n:<\/p>\n<p>Este fertilizante incluye una mezcla equilibrada de calcio y magnesio, formulada para complementar cualquier programa de nutrici\u00f3n vegetal.<\/p>\n<p>Instrucciones de Uso y Dosificaci\u00f3n:<\/p>\n<p>Para obtener mejores resultados, mezcle 1-2 ml de Calcio Magnesio Terra Aquatica por litro de agua. Aplique durante el riego regular, asegur\u00e1ndose de cubrir bien el sistema radicular. \u00daselo semanalmente o seg\u00fan las necesidades espec\u00edficas de sus cultivos.<\/p>\n","protected":false},"excerpt":{"rendered":"<p>Mezcla de Calcio y Magnesio altamente concentrada y biodisponible<br \/>La correcta disponibilidad de calcio y magnesio es vital a la hora de optimizar la nutrici\u00f3n de las plantas de crecimiento r\u00e1pido. Ayuda a prevenir las deficiencias de nutrientes secundarios, refuerza el crecimiento y la fructificaci\u00f3n, previene la podredumbre apical de los frutos y las quemaduras en la punta de las hojas en muchos cultivos especialmente intensivos como los de tomate o de lechuga.<\/p>\n<p>El GHE Suplemento de Calcio y Magnesio proporciona calcio y magnesio concentrados en una forma altamente biodisponible, limpia y soluble, evitando as\u00ed la formaci\u00f3n de obstrucciones. Es compatible con la mayor\u00eda de los reg\u00edmenes de nutrientes.<\/p>\n<p>El GHE Suplemento de Calcio y Magnesio tambi\u00e9n es \u00fatil a la hora de contrarrestar la retenci\u00f3n de calcio que se produce en los cultivos en fibra de coco con nutrientes ecol\u00f3gicos o al expandirse los cubos de fibra de coco comprimida.<\/p>\n","protected":false},"featured_media":10331,"comment_status":"open","ping_status":"closed","template":"","meta":{"_bst_post_transparent":"","_bst_post_title":"","_bst_post_layout":"","_bst_post_sidebar_id":"","_bst_post_content_style":"","_bst_post_vertical_padding":"","_bst_post_feature":"","_bst_post_feature_position":"","_bst_post_header":false,"_bst_post_footer":false},"pwb-brand":[156],"product_brand":[],"product_cat":[39],"product_tag":[],"class_list":{"0":"post-11828","1":"product","2":"type-product","3":"status-publish","4":"has-post-thumbnail","6":"pwb-brand-terra-aquatica","7":"product_cat-fertilizantes","8":"product_shipping_class-entre-5-kg-y-10-kg","10":"first","11":"instock","12":"sale","13":"taxable","14":"shipping-taxable","15":"purchasable","16":"product-type-simple","17":"entry","18":"content-bg","19":"loop-entry"},"brands":[{"id":156,"name":"Terra Aquatica","slug":"terra-aquatica"}],"_links":{"self":[{"href":"https:\/\/puregrowshop.com\/fr\/wp-json\/wp\/v2\/product\/11828","targetHints":{"allow":["GET"]}}],"collection":[{"href":"https:\/\/puregrowshop.com\/fr\/wp-json\/wp\/v2\/product"}],"about":[{"href":"https:\/\/puregrowshop.com\/fr\/wp-json\/wp\/v2\/types\/product"}],"replies":[{"embeddable":true,"href":"https:\/\/puregrowshop.com\/fr\/wp-json\/wp\/v2\/comments?post=11828"}],"wp:featuredmedia":[{"embeddable":true,"href":"https:\/\/puregrowshop.com\/fr\/wp-json\/wp\/v2\/media\/10331"}],"wp:attachment":[{"href":"https:\/\/puregrowshop.com\/fr\/wp-json\/wp\/v2\/media?parent=11828"}],"wp:term":[{"taxonomy":"pwb-brand","embeddable":true,"href":"https:\/\/puregrowshop.com\/fr\/wp-json\/wp\/v2\/pwb-brand?post=11828"},{"taxonomy":"product_brand","embeddable":true,"href":"https:\/\/puregrowshop.com\/fr\/wp-json\/wp\/v2\/product_brand?post=11828"},{"taxonomy":"product_cat","embeddable":true,"href":"https:\/\/puregrowshop.com\/fr\/wp-json\/wp\/v2\/product_cat?post=11828"},{"taxonomy":"product_tag","embeddable":true,"href":"https:\/\/puregrowshop.com\/fr\/wp-json\/wp\/v2\/product_tag?post=11828"}],"curies":[{"name":"wp","href":"https:\/\/api.w.org\/{rel}","templated":true}]}}