{"id":11827,"date":"2024-10-28T20:00:18","date_gmt":"2024-10-28T20:00:18","guid":{"rendered":"https:\/\/puregrowshop.com\/novamax-grow-5l-terra-aquatica\/"},"modified":"2025-12-27T20:05:36","modified_gmt":"2025-12-27T20:05:36","slug":"novamax-grow-5l-terra-aquatica","status":"publish","type":"product","link":"https:\/\/puregrowshop.com\/fr\/novamax-grow-5l-terra-aquatica\/","title":{"rendered":"NovaMax Grow 5L. Terra Aquatica"},"content":{"rendered":"<p>Descubra el poder de crecimiento con &quot;Nova Max Grow 5 L&quot; de Terra Aquatica, un fertilizante l\u00edquido altamente concentrado dise\u00f1ado para impulsar el desarrollo de sus plantas. Ideal para jardineros que buscan maximizar el potencial de sus cultivos, este producto ofrece resultados excepcionales en cualquier tipo de suelo.<\/p>\n<ul>\n<li>Peso: 5.68 kg<\/li>\n<li>Alta concentraci\u00f3n para resultados efectivos<\/li>\n<li>Categor\u00eda: Fertilizantes<\/li>\n<li>Compatible con todo tipo de suelos y sistemas hidrop\u00f3nicos<\/li>\n<li>Contiene todos los nutrientes esenciales para el crecimiento vegetal<\/li>\n<\/ul>\n<p>Con &quot;Nova Max Grow 5 L&quot;, sus plantas recibir\u00e1n una nutrici\u00f3n completa que estimula un crecimiento vigoroso y una mayor resistencia ante condiciones adversas. Este fertilizante promueve un follaje exuberante y prepara sus cultivos para una floraci\u00f3n exitosa.<\/p>\n<p>Formulado con una combinaci\u00f3n equilibrada de nitr\u00f3geno, f\u00f3sforo y potasio, junto con micronutrientes esenciales, asegura un desarrollo \u00f3ptimo de ra\u00edces y tallos.<\/p>\n<p>Para obtener los mejores resultados, diluya seg\u00fan las instrucciones detalladas en la etiqueta. Generalmente, se recomienda mezclar 5 ml por litro de agua, ajustando seg\u00fan las necesidades espec\u00edficas de sus plantas. Agite bien antes de usar y aplique durante la fase de crecimiento para obtener un rendimiento m\u00e1ximo.<\/p>\n","protected":false},"excerpt":{"rendered":"<p>Para todos m\u00e9todos de cultivo : aero-hidroponia, hidroponia o suelo<br \/>Abono l\u00edquido super-concentrado<br \/>La uni\u00f3n entre los m\u00e9todos de cultivo hidrop\u00f3nicos y org\u00e1nicos<br \/>Alto rendimiento para cualquier tipo de planta<br \/>F\u00f3rmula adaptada a todas las clases de agua; duras y blandas<br \/>Superconcentrado y con pH estabilizado<br \/>Se utiliza en hidropon\u00eda y en cultivos con y sin tierra<\/p>\n<p>FloraNova representa un descubrimiento extraordinario en tecnolog\u00eda de fertilizaci\u00f3n. Ofrece al usuario la fuerza de un concentrado seco y la sencillez de un l\u00edquido. Esta f\u00f3rmula \u00fanica de minerales altamente purificados y de aditivos naturales combina las ventajas del cultivo hidrop\u00f3nico y las del cultivo org\u00e1nico. FloraNova, f\u00f3rmula en una sola parte, es un abono completo y extremadamente concentrado. Una peque\u00f1a parte de FloraNova, mezclada con agua potable, ser\u00e1 suficiente para cubrir las necesidades de sus plantas, ya sea en hidropon\u00eda, con o sin tierra.<\/p>\n<p>FloraNova Grow :<br \/>Utilice FloraNova Grow para la fase vegetativa, durante el crecimiento, para optimizar el desarrollo estructural y la formaci\u00f3n de la masa foli\u00e1cea.<\/p>\n<p>FloraNova Bloom :<br \/>Utilice FloraNova Bloom durante la fase de floraci\u00f3n y de fructificaci\u00f3n de las plantas.<\/p>\n","protected":false},"featured_media":10329,"comment_status":"open","ping_status":"closed","template":"","meta":{"_bst_post_transparent":"","_bst_post_title":"","_bst_post_layout":"","_bst_post_sidebar_id":"","_bst_post_content_style":"","_bst_post_vertical_padding":"","_bst_post_feature":"","_bst_post_feature_position":"","_bst_post_header":false,"_bst_post_footer":false},"pwb-brand":[156],"product_brand":[],"product_cat":[39],"product_tag":[],"class_list":{"0":"post-11827","1":"product","2":"type-product","3":"status-publish","4":"has-post-thumbnail","6":"pwb-brand-terra-aquatica","7":"product_cat-fertilizantes","9":"first","10":"instock","11":"sale","12":"taxable","13":"shipping-taxable","14":"purchasable","15":"product-type-simple","16":"entry","17":"content-bg","18":"loop-entry"},"brands":[{"id":156,"name":"Terra Aquatica","slug":"terra-aquatica"}],"_links":{"self":[{"href":"https:\/\/puregrowshop.com\/fr\/wp-json\/wp\/v2\/product\/11827","targetHints":{"allow":["GET"]}}],"collection":[{"href":"https:\/\/puregrowshop.com\/fr\/wp-json\/wp\/v2\/product"}],"about":[{"href":"https:\/\/puregrowshop.com\/fr\/wp-json\/wp\/v2\/types\/product"}],"replies":[{"embeddable":true,"href":"https:\/\/puregrowshop.com\/fr\/wp-json\/wp\/v2\/comments?post=11827"}],"wp:featuredmedia":[{"embeddable":true,"href":"https:\/\/puregrowshop.com\/fr\/wp-json\/wp\/v2\/media\/10329"}],"wp:attachment":[{"href":"https:\/\/puregrowshop.com\/fr\/wp-json\/wp\/v2\/media?parent=11827"}],"wp:term":[{"taxonomy":"pwb-brand","embeddable":true,"href":"https:\/\/puregrowshop.com\/fr\/wp-json\/wp\/v2\/pwb-brand?post=11827"},{"taxonomy":"product_brand","embeddable":true,"href":"https:\/\/puregrowshop.com\/fr\/wp-json\/wp\/v2\/product_brand?post=11827"},{"taxonomy":"product_cat","embeddable":true,"href":"https:\/\/puregrowshop.com\/fr\/wp-json\/wp\/v2\/product_cat?post=11827"},{"taxonomy":"product_tag","embeddable":true,"href":"https:\/\/puregrowshop.com\/fr\/wp-json\/wp\/v2\/product_tag?post=11827"}],"curies":[{"name":"wp","href":"https:\/\/api.w.org\/{rel}","templated":true}]}}