{"id":11823,"date":"2024-10-28T20:00:17","date_gmt":"2024-10-28T20:00:17","guid":{"rendered":"https:\/\/puregrowshop.com\/oligospectrum-1-lt-terra-aquatica\/"},"modified":"2025-12-27T20:05:27","modified_gmt":"2025-12-27T20:05:27","slug":"oligospectrum-1-lt-terra-aquatica","status":"publish","type":"product","link":"https:\/\/puregrowshop.com\/fr\/oligospectrum-1-lt-terra-aquatica\/","title":{"rendered":"Oligospectrum 1 lt. Terra Aquatica"},"content":{"rendered":"<p>En conjunci\u00f3n con los elementos primarios y secundarios, los oligo y los micro elementos son los nutrientes indispensables para un crecimiento equilibrado y armonioso de las plantas. Algunas de estas part\u00edculas son necesarias en cantidades tan m\u00ednimas que, por lo general, no se incorporan en la mayor\u00eda de las formulas. Sin embargo, todos los tests de laboratorio demostraron una clara mejora de la salud de las plantas y de su capacidad para resistir el ataque de los insectos cuando se a\u00f1aden estos elementos.<\/p>\n","protected":false},"excerpt":{"rendered":"<p>Una concentraci\u00f3n de oligoelementos en forma de quelatos, de micro-elementos esenciales y de tampones org\u00e1nicos.<\/p>\n","protected":false},"featured_media":10321,"comment_status":"open","ping_status":"closed","template":"","meta":{"_bst_post_transparent":"","_bst_post_title":"","_bst_post_layout":"","_bst_post_sidebar_id":"","_bst_post_content_style":"","_bst_post_vertical_padding":"","_bst_post_feature":"","_bst_post_feature_position":"","_bst_post_header":false,"_bst_post_footer":false},"pwb-brand":[156],"product_brand":[],"product_cat":[39],"product_tag":[],"class_list":{"0":"post-11823","1":"product","2":"type-product","3":"status-publish","4":"has-post-thumbnail","6":"pwb-brand-terra-aquatica","7":"product_cat-fertilizantes","9":"first","10":"instock","11":"sale","12":"taxable","13":"shipping-taxable","14":"purchasable","15":"product-type-simple","16":"entry","17":"content-bg","18":"loop-entry"},"brands":[{"id":156,"name":"Terra Aquatica","slug":"terra-aquatica"}],"_links":{"self":[{"href":"https:\/\/puregrowshop.com\/fr\/wp-json\/wp\/v2\/product\/11823","targetHints":{"allow":["GET"]}}],"collection":[{"href":"https:\/\/puregrowshop.com\/fr\/wp-json\/wp\/v2\/product"}],"about":[{"href":"https:\/\/puregrowshop.com\/fr\/wp-json\/wp\/v2\/types\/product"}],"replies":[{"embeddable":true,"href":"https:\/\/puregrowshop.com\/fr\/wp-json\/wp\/v2\/comments?post=11823"}],"wp:featuredmedia":[{"embeddable":true,"href":"https:\/\/puregrowshop.com\/fr\/wp-json\/wp\/v2\/media\/10321"}],"wp:attachment":[{"href":"https:\/\/puregrowshop.com\/fr\/wp-json\/wp\/v2\/media?parent=11823"}],"wp:term":[{"taxonomy":"pwb-brand","embeddable":true,"href":"https:\/\/puregrowshop.com\/fr\/wp-json\/wp\/v2\/pwb-brand?post=11823"},{"taxonomy":"product_brand","embeddable":true,"href":"https:\/\/puregrowshop.com\/fr\/wp-json\/wp\/v2\/product_brand?post=11823"},{"taxonomy":"product_cat","embeddable":true,"href":"https:\/\/puregrowshop.com\/fr\/wp-json\/wp\/v2\/product_cat?post=11823"},{"taxonomy":"product_tag","embeddable":true,"href":"https:\/\/puregrowshop.com\/fr\/wp-json\/wp\/v2\/product_tag?post=11823"}],"curies":[{"name":"wp","href":"https:\/\/api.w.org\/{rel}","templated":true}]}}