{"id":11821,"date":"2024-10-28T20:00:16","date_gmt":"2024-10-28T20:00:16","guid":{"rendered":"https:\/\/puregrowshop.com\/ph-down-powder-25-gr-terra-aquatica\/"},"modified":"2025-12-27T20:05:27","modified_gmt":"2025-12-27T20:05:27","slug":"ph-down-powder-25-gr-terra-aquatica","status":"publish","type":"product","link":"https:\/\/puregrowshop.com\/fr\/ph-down-powder-25-gr-terra-aquatica\/","title":{"rendered":"Ph Down Powder 25 gr. Terra Aquatica"},"content":{"rendered":"<p>El &quot;Ph Down Powder 25 gr. Terra Aquatica&quot; es un regulador de pH en polvo de alta calidad, dise\u00f1ado para optimizar la acidez de las soluciones nutritivas en cultivos hidrop\u00f3nicos y tradicionales. Este producto es esencial para garantizar que tus plantas absorban de manera eficiente los nutrientes, maximizando as\u00ed su crecimiento y rendimiento.<\/p>\n<ul>\n<li>Peso: 25 gramos<\/li>\n<li>Categor\u00eda: Fertilizantes<\/li>\n<li>Forma: Polvo de f\u00e1cil disoluci\u00f3n<\/li>\n<li>Compatibilidad: Apto para todas las soluciones nutritivas<\/li>\n<\/ul>\n<p>Beneficios y Usos: Este regulador de pH es ideal para mantener el pH de tus soluciones nutritivas en el rango \u00f3ptimo, permitiendo que las plantas absorban los nutrientes de manera eficaz. Una soluci\u00f3n de pH balanceado promueve un crecimiento vigoroso y saludable, evitando deficiencias nutricionales.<\/p>\n<p>Composici\u00f3n: Formulado con \u00e1cidos minerales de alta pureza, el &quot;Ph Down Powder&quot; asegura una regulaci\u00f3n precisa y segura del pH.<\/p>\n<p>Instrucciones de uso y dosificaci\u00f3n: Disolver lentamente el polvo en la soluci\u00f3n nutritiva, verificando el pH despu\u00e9s de cada adici\u00f3n. Ajustar hasta alcanzar el nivel deseado. Se recomienda comenzar con peque\u00f1as cantidades para evitar ajustes dr\u00e1sticos.<\/p>\n","protected":false},"excerpt":{"rendered":"<p>El pH Down Seco &#8211; Puro, concentrado e inofensivo La regulaci\u00f3n del pH es una pr\u00e1ctica primordial para el cultivador, ya que favorece la disponibilidad de las sales minerales y la estabilidad de los quelatos, de cara a una absorci\u00f3n perfecta de los elementos nutritivos de la planta. Para alcanzarla, se utilizan generalmente diversos \u00e1cidos presentados en la industria bajo formas m\u00e1s o menos concentradas y m\u00e1s o menos peligrosas, seg\u00fan sea su formulaci\u00f3n. Para responder a su demanda en particular, GHE ha desarrollado un producto que tiene la eficacia de nuestro pH Down l\u00edquido habitual y al mismo tiempo ha eliminado los riesgos controlados por la legislaci\u00f3n. Somos orgullosos presentarles el pH Down Seco, un nuevo concepto y un producto \u00fanico en la industria. Que se puede vender f\u00e1cilemente en la tienda pero tambi\u00e9n cuando se manda por correo postal. pH Down Seco es un producto muy particular: todo el tiempo que permanezca en forma de gr\u00e1nulos secos es inofensivo, se manipula f\u00e1cilmente y presenta la gran ventaja de salir de la clase de productos de gran toxicidad. Pero una vez en contacto con el agua se transforma en un poderoso reductor de pH. Adem\u00e1s aporta a la planta los elementos nutritivos indispensables, tanto en su estado vegetativo como en el de floraci\u00f3n y reproducci\u00f3n: * Nitrato, bajo una forma que es asimilada lentamente por la planta y que no molesta durante la floraci\u00f3n. * F\u00f3sforo para la floraci\u00f3n, pero tambi\u00e9n para ra\u00edces sanas, un follaje exuberante y una cruza armoniosa. * Aporta asimismo un complemento en magnesio, azufre y oligoelementos. pH Down Seco es tambi\u00e9n un producto de gran pureza: se presenta en forma de cristales que se disuelven en agua sin dejar residuos. El primer uso del producto es, sin lugar a dudas, el control del pH. Pero gracias a su fuerte concentraci\u00f3n y a su alto contenido de \u00e1cido fosf\u00f3rico, tambi\u00e9n puede ser utilizado para la desinfecci\u00f3n y limpieza de los sistemas, l\u00edneas de irrigaci\u00f3n o substratos. En dosis homeop\u00e1ticas puede utilizarse en la pulverizaci\u00f3n de las hojas despu\u00e9s de un tratamiento insecticida para limpiarlas, al mismo tiempo que alimenta la planta.<\/p>\n","protected":false},"featured_media":10317,"comment_status":"open","ping_status":"closed","template":"","meta":{"_bst_post_transparent":"","_bst_post_title":"","_bst_post_layout":"","_bst_post_sidebar_id":"","_bst_post_content_style":"","_bst_post_vertical_padding":"","_bst_post_feature":"","_bst_post_feature_position":"","_bst_post_header":false,"_bst_post_footer":false},"pwb-brand":[156],"product_brand":[],"product_cat":[39],"product_tag":[],"class_list":{"0":"post-11821","1":"product","2":"type-product","3":"status-publish","4":"has-post-thumbnail","6":"pwb-brand-terra-aquatica","7":"product_cat-fertilizantes","9":"first","10":"instock","11":"sale","12":"taxable","13":"shipping-taxable","14":"purchasable","15":"product-type-simple","16":"entry","17":"content-bg","18":"loop-entry"},"brands":[{"id":156,"name":"Terra Aquatica","slug":"terra-aquatica"}],"_links":{"self":[{"href":"https:\/\/puregrowshop.com\/fr\/wp-json\/wp\/v2\/product\/11821","targetHints":{"allow":["GET"]}}],"collection":[{"href":"https:\/\/puregrowshop.com\/fr\/wp-json\/wp\/v2\/product"}],"about":[{"href":"https:\/\/puregrowshop.com\/fr\/wp-json\/wp\/v2\/types\/product"}],"replies":[{"embeddable":true,"href":"https:\/\/puregrowshop.com\/fr\/wp-json\/wp\/v2\/comments?post=11821"}],"wp:featuredmedia":[{"embeddable":true,"href":"https:\/\/puregrowshop.com\/fr\/wp-json\/wp\/v2\/media\/10317"}],"wp:attachment":[{"href":"https:\/\/puregrowshop.com\/fr\/wp-json\/wp\/v2\/media?parent=11821"}],"wp:term":[{"taxonomy":"pwb-brand","embeddable":true,"href":"https:\/\/puregrowshop.com\/fr\/wp-json\/wp\/v2\/pwb-brand?post=11821"},{"taxonomy":"product_brand","embeddable":true,"href":"https:\/\/puregrowshop.com\/fr\/wp-json\/wp\/v2\/product_brand?post=11821"},{"taxonomy":"product_cat","embeddable":true,"href":"https:\/\/puregrowshop.com\/fr\/wp-json\/wp\/v2\/product_cat?post=11821"},{"taxonomy":"product_tag","embeddable":true,"href":"https:\/\/puregrowshop.com\/fr\/wp-json\/wp\/v2\/product_tag?post=11821"}],"curies":[{"name":"wp","href":"https:\/\/api.w.org\/{rel}","templated":true}]}}