{"id":11819,"date":"2024-10-28T20:00:16","date_gmt":"2024-10-28T20:00:16","guid":{"rendered":"https:\/\/puregrowshop.com\/ph-test-kit-60-ml-terra-aquatica\/"},"modified":"2025-12-27T20:05:27","modified_gmt":"2025-12-27T20:05:27","slug":"ph-test-kit-60-ml-terra-aquatica","status":"publish","type":"product","link":"https:\/\/puregrowshop.com\/fr\/ph-test-kit-60-ml-terra-aquatica\/","title":{"rendered":"PH Test Kit 60 ml. Terra Aquatica"},"content":{"rendered":"<p>Modo de Empleo:<\/p>\n<p>Sencillamente llene la probeta hasta la mitad con la soluci\u00f3n nutritiva, a\u00f1ada dos gotas de pH Test Indicador, ag\u00edtelo y compare el color resultante con los de la tabla suministrada para determinar el nivel de pH.<\/p>\n","protected":false},"excerpt":{"rendered":"<p>Medidor l\u00edquido del pH es perfecto para un chequeo f\u00e1cil y como apoyo para su medidor digital. Este producto de medici\u00f3n cubre un amplio rango de pH, desde 4.0 hasta 8.5, y permite realizar hasta 500 chequeos con 30ml.<\/p>\n","protected":false},"featured_media":10312,"comment_status":"open","ping_status":"closed","template":"","meta":{"_bst_post_transparent":"","_bst_post_title":"","_bst_post_layout":"","_bst_post_sidebar_id":"","_bst_post_content_style":"","_bst_post_vertical_padding":"","_bst_post_feature":"","_bst_post_feature_position":"","_bst_post_header":false,"_bst_post_footer":false},"pwb-brand":[156],"product_brand":[],"product_cat":[39],"product_tag":[],"class_list":{"0":"post-11819","1":"product","2":"type-product","3":"status-publish","4":"has-post-thumbnail","6":"pwb-brand-terra-aquatica","7":"product_cat-fertilizantes","9":"first","10":"instock","11":"sale","12":"taxable","13":"shipping-taxable","14":"purchasable","15":"product-type-simple","16":"entry","17":"content-bg","18":"loop-entry"},"brands":[{"id":156,"name":"Terra Aquatica","slug":"terra-aquatica"}],"_links":{"self":[{"href":"https:\/\/puregrowshop.com\/fr\/wp-json\/wp\/v2\/product\/11819","targetHints":{"allow":["GET"]}}],"collection":[{"href":"https:\/\/puregrowshop.com\/fr\/wp-json\/wp\/v2\/product"}],"about":[{"href":"https:\/\/puregrowshop.com\/fr\/wp-json\/wp\/v2\/types\/product"}],"replies":[{"embeddable":true,"href":"https:\/\/puregrowshop.com\/fr\/wp-json\/wp\/v2\/comments?post=11819"}],"wp:featuredmedia":[{"embeddable":true,"href":"https:\/\/puregrowshop.com\/fr\/wp-json\/wp\/v2\/media\/10312"}],"wp:attachment":[{"href":"https:\/\/puregrowshop.com\/fr\/wp-json\/wp\/v2\/media?parent=11819"}],"wp:term":[{"taxonomy":"pwb-brand","embeddable":true,"href":"https:\/\/puregrowshop.com\/fr\/wp-json\/wp\/v2\/pwb-brand?post=11819"},{"taxonomy":"product_brand","embeddable":true,"href":"https:\/\/puregrowshop.com\/fr\/wp-json\/wp\/v2\/product_brand?post=11819"},{"taxonomy":"product_cat","embeddable":true,"href":"https:\/\/puregrowshop.com\/fr\/wp-json\/wp\/v2\/product_cat?post=11819"},{"taxonomy":"product_tag","embeddable":true,"href":"https:\/\/puregrowshop.com\/fr\/wp-json\/wp\/v2\/product_tag?post=11819"}],"curies":[{"name":"wp","href":"https:\/\/api.w.org\/{rel}","templated":true}]}}