{"id":11817,"date":"2024-10-28T20:00:16","date_gmt":"2024-10-28T20:00:16","guid":{"rendered":"https:\/\/puregrowshop.com\/dualpart-bloom-1lt-terra-aquatica\/"},"modified":"2025-12-27T20:05:27","modified_gmt":"2025-12-27T20:05:27","slug":"dualpart-bloom-1lt-terra-aquatica","status":"publish","type":"product","link":"https:\/\/puregrowshop.com\/fr\/dualpart-bloom-1lt-terra-aquatica\/","title":{"rendered":"DualPart Bloom 1lt. Terra Aquatica"},"content":{"rendered":"<p>Presentamos el &quot;Dual Part Bloom 1 lt. Terra Aquatica&quot;, un fertilizante de alta calidad dise\u00f1ado para maximizar el potencial de floraci\u00f3n de tus plantas. Ideal para jardineros profesionales y entusiastas de la horticultura, este producto asegura un crecimiento vigoroso y una floraci\u00f3n abundante.<\/p>\n<ul>\n<li>Peso: 1.23 kg<\/li>\n<li>Categor\u00edas: Fertilizantes<\/li>\n<li>Formato: L\u00edquido en botella de 1 litro<\/li>\n<li>Adecuado para todo tipo de plantas en fase de floraci\u00f3n<\/li>\n<\/ul>\n<h4>Beneficios y Usos<\/h4>\n<p>El &quot;Dual Part Bloom&quot; proporciona todos los nutrientes esenciales que tus plantas necesitan para una floraci\u00f3n \u00f3ptima. Mejora la absorci\u00f3n de nutrientes y promueve flores m\u00e1s grandes y vibrantes. Es perfecto para su uso en jardines, invernaderos y cultivos hidrop\u00f3nicos.<\/p>\n<p>Composici\u00f3n:<\/p>\n<p>Este fertilizante est\u00e1 compuesto de una mezcla equilibrada de macro y micronutrientes, incluyendo f\u00f3sforo y potasio, esenciales para el desarrollo de flores robustas.<\/p>\n<p>Instrucciones de uso y dosificaci\u00f3n:<\/p>\n<p>Agitar bien antes de usar. Mezclar 5 ml de producto por litro de agua y aplicar en cada riego durante el periodo de floraci\u00f3n. Ajustar la dosis seg\u00fan las necesidades espec\u00edficas de tus plantas y condiciones de cultivo. Mantener fuera del alcance de los ni\u00f1os y almacenar en un lugar fresco y seco.<\/p>\n","protected":false},"excerpt":{"rendered":"<p>&#8211; DualPart\u00ae utiliza diversos tipos de minerales para que sus plantas tengan siempre acceso a los elementos que necesitan en la forma adecuada durante el crecimiento y la floraci\u00f3n.<\/p>\n<p>&#8211; La f\u00f3rmula incluye activadores ecol\u00f3gicos que mejoran la salud general de la planta, su resistencia a los agentes pat\u00f3genos y la absorci\u00f3n de nutrientes.<\/p>\n<p>&#8211; DualPart\u00ae act\u00faa para reducir la longitud de los entrenudos \u2013 \u00a1sin PGRs (reguladores del crecimiento vegetal)! En GHE utilizamos exclusivamente ingredientes de la mayor pureza; esta pr\u00e1ctica, en combinaci\u00f3n con los m\u00e9todos de composici\u00f3n de nutrientes que hemos desarrollado a lo largo de una extensa investigaci\u00f3n, nos permite lograr un crecimiento espectacular y una reducci\u00f3n del estiramiento de los entrenudos sin utilizar aditivos potencialmente nocivos como los reguladores sint\u00e9ticos del crecimiento vegetal.<\/p>\n","protected":false},"featured_media":10308,"comment_status":"open","ping_status":"closed","template":"","meta":{"_bst_post_transparent":"","_bst_post_title":"","_bst_post_layout":"","_bst_post_sidebar_id":"","_bst_post_content_style":"","_bst_post_vertical_padding":"","_bst_post_feature":"","_bst_post_feature_position":"","_bst_post_header":false,"_bst_post_footer":false},"pwb-brand":[156],"product_brand":[],"product_cat":[39],"product_tag":[],"class_list":{"0":"post-11817","1":"product","2":"type-product","3":"status-publish","4":"has-post-thumbnail","6":"pwb-brand-terra-aquatica","7":"product_cat-fertilizantes","9":"first","10":"instock","11":"sale","12":"taxable","13":"shipping-taxable","14":"purchasable","15":"product-type-simple","16":"entry","17":"content-bg","18":"loop-entry"},"brands":[{"id":156,"name":"Terra Aquatica","slug":"terra-aquatica"}],"_links":{"self":[{"href":"https:\/\/puregrowshop.com\/fr\/wp-json\/wp\/v2\/product\/11817","targetHints":{"allow":["GET"]}}],"collection":[{"href":"https:\/\/puregrowshop.com\/fr\/wp-json\/wp\/v2\/product"}],"about":[{"href":"https:\/\/puregrowshop.com\/fr\/wp-json\/wp\/v2\/types\/product"}],"replies":[{"embeddable":true,"href":"https:\/\/puregrowshop.com\/fr\/wp-json\/wp\/v2\/comments?post=11817"}],"wp:featuredmedia":[{"embeddable":true,"href":"https:\/\/puregrowshop.com\/fr\/wp-json\/wp\/v2\/media\/10308"}],"wp:attachment":[{"href":"https:\/\/puregrowshop.com\/fr\/wp-json\/wp\/v2\/media?parent=11817"}],"wp:term":[{"taxonomy":"pwb-brand","embeddable":true,"href":"https:\/\/puregrowshop.com\/fr\/wp-json\/wp\/v2\/pwb-brand?post=11817"},{"taxonomy":"product_brand","embeddable":true,"href":"https:\/\/puregrowshop.com\/fr\/wp-json\/wp\/v2\/product_brand?post=11817"},{"taxonomy":"product_cat","embeddable":true,"href":"https:\/\/puregrowshop.com\/fr\/wp-json\/wp\/v2\/product_cat?post=11817"},{"taxonomy":"product_tag","embeddable":true,"href":"https:\/\/puregrowshop.com\/fr\/wp-json\/wp\/v2\/product_tag?post=11817"}],"curies":[{"name":"wp","href":"https:\/\/api.w.org\/{rel}","templated":true}]}}