{"id":11811,"date":"2024-10-28T20:00:15","date_gmt":"2024-10-28T20:00:15","guid":{"rendered":"https:\/\/puregrowshop.com\/dualpart-grow-agua-blanda-1-lt-terra-aquatica\/"},"modified":"2025-12-27T20:05:19","modified_gmt":"2025-12-27T20:05:19","slug":"dualpart-grow-agua-blanda-1-lt-terra-aquatica","status":"publish","type":"product","link":"https:\/\/puregrowshop.com\/fr\/dualpart-grow-agua-blanda-1-lt-terra-aquatica\/","title":{"rendered":"DualPart Grow Agua Blanda 1 lt. Terra Aquatica"},"content":{"rendered":"<p>Presentamos el &quot;Dual Part Grow Agua Blanda 1 lt. Terra Aquatica&quot;, un fertilizante de \u00faltima generaci\u00f3n dise\u00f1ado para maximizar el crecimiento de tus plantas en entornos de agua blanda. Ideal para agricultores y jardineros que buscan resultados \u00f3ptimos, este producto garantiza un aporte nutricional completo para un desarrollo vegetal vigoroso.<\/p>\n<ul>\n<li>Peso: 1.22 kg<\/li>\n<li>Categor\u00eda: Fertilizantes<\/li>\n<li>Formulado espec\u00edficamente para condiciones de agua blanda<\/li>\n<li>Volumen: 1 litro<\/li>\n<li>Alta concentraci\u00f3n de nutrientes esenciales<\/li>\n<\/ul>\n<p>Beneficios y Usos: Este fertilizante promueve un crecimiento r\u00e1pido y saludable de las plantas, asegurando que reciban todos los macro y micro nutrientes necesarios. Es ideal para su uso en sistemas hidrop\u00f3nicos y cultivos en suelo, optimizando el rendimiento y la calidad de tus cosechas.<\/p>\n<p>Composici\u00f3n: Contiene una mezcla equilibrada de nitr\u00f3geno, f\u00f3sforo y potasio, junto con una gama de micronutrientes esenciales que favorecen el desarrollo integral de las plantas.<\/p>\n<p>Instrucciones de uso y dosificaci\u00f3n: Agite bien antes de usar. Mezcle 5 ml de producto por cada litro de agua. Aplique la soluci\u00f3n en el sistema de riego o directamente en el sustrato. Ajuste la dosificaci\u00f3n seg\u00fan las necesidades espec\u00edficas de sus plantas y las condiciones de cultivo.<\/p>\n","protected":false},"excerpt":{"rendered":"<p>&#8211; DualPart\u00ae utiliza diversos tipos de minerales para que sus plantas tengan siempre acceso a los elementos que necesitan en la forma adecuada durante el crecimiento y la floraci\u00f3n.<\/p>\n<p>&#8211; La f\u00f3rmula incluye activadores ecol\u00f3gicos que mejoran la salud general de la planta, su resistencia a los agentes pat\u00f3genos y la absorci\u00f3n de nutrientes.<\/p>\n<p>&#8211; DualPart\u00ae act\u00faa para reducir la longitud de los entrenudos \u2013 \u00a1sin PGRs (reguladores del crecimiento vegetal)! En GHE utilizamos exclusivamente ingredientes de la mayor pureza; esta pr\u00e1ctica, en combinaci\u00f3n con los m\u00e9todos de composici\u00f3n de nutrientes que hemos desarrollado a lo largo de una extensa investigaci\u00f3n, nos permite lograr un crecimiento espectacular y una reducci\u00f3n del estiramiento de los entrenudos sin utilizar aditivos potencialmente nocivos como los reguladores sint\u00e9ticos del crecimiento vegetal.<\/p>\n","protected":false},"featured_media":10296,"comment_status":"open","ping_status":"closed","template":"","meta":{"_bst_post_transparent":"","_bst_post_title":"","_bst_post_layout":"","_bst_post_sidebar_id":"","_bst_post_content_style":"","_bst_post_vertical_padding":"","_bst_post_feature":"","_bst_post_feature_position":"","_bst_post_header":false,"_bst_post_footer":false},"pwb-brand":[156],"product_brand":[],"product_cat":[39],"product_tag":[],"class_list":{"0":"post-11811","1":"product","2":"type-product","3":"status-publish","4":"has-post-thumbnail","6":"pwb-brand-terra-aquatica","7":"product_cat-fertilizantes","9":"first","10":"instock","11":"sale","12":"taxable","13":"shipping-taxable","14":"purchasable","15":"product-type-simple","16":"entry","17":"content-bg","18":"loop-entry"},"brands":[{"id":156,"name":"Terra Aquatica","slug":"terra-aquatica"}],"_links":{"self":[{"href":"https:\/\/puregrowshop.com\/fr\/wp-json\/wp\/v2\/product\/11811","targetHints":{"allow":["GET"]}}],"collection":[{"href":"https:\/\/puregrowshop.com\/fr\/wp-json\/wp\/v2\/product"}],"about":[{"href":"https:\/\/puregrowshop.com\/fr\/wp-json\/wp\/v2\/types\/product"}],"replies":[{"embeddable":true,"href":"https:\/\/puregrowshop.com\/fr\/wp-json\/wp\/v2\/comments?post=11811"}],"wp:featuredmedia":[{"embeddable":true,"href":"https:\/\/puregrowshop.com\/fr\/wp-json\/wp\/v2\/media\/10296"}],"wp:attachment":[{"href":"https:\/\/puregrowshop.com\/fr\/wp-json\/wp\/v2\/media?parent=11811"}],"wp:term":[{"taxonomy":"pwb-brand","embeddable":true,"href":"https:\/\/puregrowshop.com\/fr\/wp-json\/wp\/v2\/pwb-brand?post=11811"},{"taxonomy":"product_brand","embeddable":true,"href":"https:\/\/puregrowshop.com\/fr\/wp-json\/wp\/v2\/product_brand?post=11811"},{"taxonomy":"product_cat","embeddable":true,"href":"https:\/\/puregrowshop.com\/fr\/wp-json\/wp\/v2\/product_cat?post=11811"},{"taxonomy":"product_tag","embeddable":true,"href":"https:\/\/puregrowshop.com\/fr\/wp-json\/wp\/v2\/product_tag?post=11811"}],"curies":[{"name":"wp","href":"https:\/\/api.w.org\/{rel}","templated":true}]}}