{"id":11810,"date":"2024-10-28T20:00:15","date_gmt":"2024-10-28T20:00:15","guid":{"rendered":"https:\/\/puregrowshop.com\/dualpart-grow-agua-blanda-500-ml-terra-aquatica\/"},"modified":"2025-12-27T20:05:19","modified_gmt":"2025-12-27T20:05:19","slug":"dualpart-grow-agua-blanda-500-ml-terra-aquatica","status":"publish","type":"product","link":"https:\/\/puregrowshop.com\/fr\/dualpart-grow-agua-blanda-500-ml-terra-aquatica\/","title":{"rendered":"DualPart Grow Agua Blanda 500 ml. Terra Aquatica"},"content":{"rendered":"<p>Descubre el poder del crecimiento saludable de tus plantas con el &quot;Dual Part Grow Agua Blanda 500 ml. Terra Aquatica&quot;. Dise\u00f1ado espec\u00edficamente para maximizar el potencial de tus cultivos en ambientes de agua blanda, este fertilizante es la soluci\u00f3n perfecta para quienes desean obtener resultados excepcionales.<\/p>\n<ul>\n<li>Peso: 0.62 kg<\/li>\n<li>Categor\u00eda: Fertilizantes<\/li>\n<li>Volumen: 500 ml<\/li>\n<li>Ideal para sistemas hidrop\u00f3nicos y cultivos en suelo<\/li>\n<li>Formulaci\u00f3n especial para agua blanda<\/li>\n<\/ul>\n<h4>Beneficios y Usos<\/h4>\n<p>Este fertilizante altamente eficaz promueve un crecimiento vigoroso y sano, asegurando que tus plantas reciban los nutrientes esenciales necesarios para un desarrollo \u00f3ptimo. Su f\u00f3rmula equilibrada permite una absorci\u00f3n r\u00e1pida y eficiente, aumentando la resistencia y vitalidad de las plantas.<\/p>\n<p>Composici\u00f3n:<\/p>\n<p>Contiene una mezcla precisa de macro y micronutrientes que son esenciales para el crecimiento y desarrollo de las plantas en condiciones de agua blanda.<\/p>\n<p>Instrucciones de uso y dosificaci\u00f3n:<\/p>\n<p>Agite bien antes de usar. Mezcle 5 ml de Dual Part Grow por cada litro de agua. Aplique durante la fase de crecimiento de sus plantas. Ajuste la dosificaci\u00f3n seg\u00fan las necesidades espec\u00edficas de su cultivo para obtener los mejores resultados.<\/p>\n","protected":false},"excerpt":{"rendered":"<p>&#8211; DualPart\u00ae utiliza diversos tipos de minerales para que sus plantas tengan siempre acceso a los elementos que necesitan en la forma adecuada durante el crecimiento y la floraci\u00f3n.<\/p>\n<p>&#8211; La f\u00f3rmula incluye activadores ecol\u00f3gicos que mejoran la salud general de la planta, su resistencia a los agentes pat\u00f3genos y la absorci\u00f3n de nutrientes.<\/p>\n<p>&#8211; DualPart\u00ae act\u00faa para reducir la longitud de los entrenudos \u2013 \u00a1sin PGRs (reguladores del crecimiento vegetal)! En GHE utilizamos exclusivamente ingredientes de la mayor pureza; esta pr\u00e1ctica, en combinaci\u00f3n con los m\u00e9todos de composici\u00f3n de nutrientes que hemos desarrollado a lo largo de una extensa investigaci\u00f3n, nos permite lograr un crecimiento espectacular y una reducci\u00f3n del estiramiento de los entrenudos sin utilizar aditivos potencialmente nocivos como los reguladores sint\u00e9ticos del crecimiento vegetal.<\/p>\n","protected":false},"featured_media":10294,"comment_status":"open","ping_status":"closed","template":"","meta":{"_bst_post_transparent":"","_bst_post_title":"","_bst_post_layout":"","_bst_post_sidebar_id":"","_bst_post_content_style":"","_bst_post_vertical_padding":"","_bst_post_feature":"","_bst_post_feature_position":"","_bst_post_header":false,"_bst_post_footer":false},"pwb-brand":[156],"product_brand":[],"product_cat":[39],"product_tag":[],"class_list":{"0":"post-11810","1":"product","2":"type-product","3":"status-publish","4":"has-post-thumbnail","6":"pwb-brand-terra-aquatica","7":"product_cat-fertilizantes","9":"first","10":"instock","11":"sale","12":"taxable","13":"shipping-taxable","14":"purchasable","15":"product-type-simple","16":"entry","17":"content-bg","18":"loop-entry"},"brands":[{"id":156,"name":"Terra Aquatica","slug":"terra-aquatica"}],"_links":{"self":[{"href":"https:\/\/puregrowshop.com\/fr\/wp-json\/wp\/v2\/product\/11810","targetHints":{"allow":["GET"]}}],"collection":[{"href":"https:\/\/puregrowshop.com\/fr\/wp-json\/wp\/v2\/product"}],"about":[{"href":"https:\/\/puregrowshop.com\/fr\/wp-json\/wp\/v2\/types\/product"}],"replies":[{"embeddable":true,"href":"https:\/\/puregrowshop.com\/fr\/wp-json\/wp\/v2\/comments?post=11810"}],"wp:featuredmedia":[{"embeddable":true,"href":"https:\/\/puregrowshop.com\/fr\/wp-json\/wp\/v2\/media\/10294"}],"wp:attachment":[{"href":"https:\/\/puregrowshop.com\/fr\/wp-json\/wp\/v2\/media?parent=11810"}],"wp:term":[{"taxonomy":"pwb-brand","embeddable":true,"href":"https:\/\/puregrowshop.com\/fr\/wp-json\/wp\/v2\/pwb-brand?post=11810"},{"taxonomy":"product_brand","embeddable":true,"href":"https:\/\/puregrowshop.com\/fr\/wp-json\/wp\/v2\/product_brand?post=11810"},{"taxonomy":"product_cat","embeddable":true,"href":"https:\/\/puregrowshop.com\/fr\/wp-json\/wp\/v2\/product_cat?post=11810"},{"taxonomy":"product_tag","embeddable":true,"href":"https:\/\/puregrowshop.com\/fr\/wp-json\/wp\/v2\/product_tag?post=11810"}],"curies":[{"name":"wp","href":"https:\/\/api.w.org\/{rel}","templated":true}]}}