{"id":11797,"date":"2024-10-28T20:00:14","date_gmt":"2024-10-28T20:00:14","guid":{"rendered":"https:\/\/puregrowshop.com\/novamax-bloom-5l-terra-aquatica\/"},"modified":"2026-01-27T09:23:48","modified_gmt":"2026-01-27T09:23:48","slug":"novamax-bloom-5l-terra-aquatica","status":"publish","type":"product","link":"https:\/\/puregrowshop.com\/fr\/novamax-bloom-5l-terra-aquatica\/","title":{"rendered":"NovaMax Bloom 5L. Terra Aquatica"},"content":{"rendered":"<p>Nova Max Bloom 5 L de Terra Aquatica es un fertilizante de alta calidad dise\u00f1ado para maximizar el rendimiento de tus plantas durante la fase de floraci\u00f3n. Ideal para cultivadores serios que buscan un producto confiable y efectivo, Nova Max Bloom es la elecci\u00f3n perfecta para obtener flores exuberantes y saludables.<\/p>\n<ul>\n<li>Peso: 5.68 kg<\/li>\n<li>Categor\u00eda: Fertilizantes<\/li>\n<li>Formato: L\u00edquido concentrado<\/li>\n<li>Aplicaci\u00f3n: Fase de floraci\u00f3n<\/li>\n<\/ul>\n<p>Este fertilizante avanzado proporciona a tus plantas los nutrientes esenciales necesarios para potenciar su crecimiento durante la floraci\u00f3n, asegurando cosechas abundantes y de alta calidad. Al utilizar Nova Max Bloom, tus plantas recibir\u00e1n un equilibrio \u00f3ptimo de macro y micronutrientes, promoviendo un desarrollo floral vigoroso.<\/p>\n<p>La f\u00f3rmula de Nova Max Bloom incluye una combinaci\u00f3n precisa de nitr\u00f3geno, f\u00f3sforo y potasio, junto con elementos traza esenciales, lo que garantiza una nutrici\u00f3n completa.<\/p>\n<p>Para obtener los mejores resultados, diluye 2-3 ml de Nova Max Bloom por cada litro de agua. Aplicar con cada riego durante la fase de floraci\u00f3n para asegurar un suministro constante de nutrientes. Este producto es adecuado para cultivos hidrop\u00f3nicos y en tierra.<\/p>\n","protected":false},"excerpt":{"rendered":"<p>Para todos m\u00e9todos de cultivo : aero-hidroponia, hidroponia o suelo<br \/>Abono l\u00edquido super-concentrado<br \/>La uni\u00f3n entre los m\u00e9todos de cultivo hidrop\u00f3nicos y org\u00e1nicos<br \/>Alto rendimiento para cualquier tipo de planta<br \/>F\u00f3rmula adaptada a todas las clases de agua; duras y blandas<br \/>Superconcentrado y con pH estabilizado<br \/>Se utiliza en hidropon\u00eda y en cultivos con y sin tierra<\/p>\n<p>FloraNova representa un descubrimiento extraordinario en tecnolog\u00eda de fertilizaci\u00f3n. Ofrece al usuario la fuerza de un concentrado seco y la sencillez de un l\u00edquido. Esta f\u00f3rmula \u00fanica de minerales altamente purificados y de aditivos naturales combina las ventajas del cultivo hidrop\u00f3nico y las del cultivo org\u00e1nico. FloraNova, f\u00f3rmula en una sola parte, es un abono completo y extremadamente concentrado. Una peque\u00f1a parte de FloraNova, mezclada con agua potable, ser\u00e1 suficiente para cubrir las necesidades de sus plantas, ya sea en hidropon\u00eda, con o sin tierra.<\/p>\n<p>FloraNova Grow :<br \/>Utilice FloraNova Grow para la fase vegetativa, durante el crecimiento, para optimizar el desarrollo estructural y la formaci\u00f3n de la masa foli\u00e1cea.<\/p>\n<p>FloraNova Bloom :<br \/>Utilice FloraNova Bloom durante la fase de floraci\u00f3n y de fructificaci\u00f3n de las plantas.<\/p>\n","protected":false},"featured_media":10268,"comment_status":"open","ping_status":"closed","template":"","meta":{"_bst_post_transparent":"","_bst_post_title":"","_bst_post_layout":"","_bst_post_sidebar_id":"","_bst_post_content_style":"","_bst_post_vertical_padding":"","_bst_post_feature":"","_bst_post_feature_position":"","_bst_post_header":false,"_bst_post_footer":false},"pwb-brand":[156],"product_brand":[],"product_cat":[39],"product_tag":[],"class_list":{"0":"post-11797","1":"product","2":"type-product","3":"status-publish","4":"has-post-thumbnail","6":"pwb-brand-terra-aquatica","7":"product_cat-fertilizantes","9":"first","10":"instock","11":"sale","12":"taxable","13":"shipping-taxable","14":"purchasable","15":"product-type-simple","16":"entry","17":"content-bg","18":"loop-entry"},"brands":[{"id":156,"name":"Terra Aquatica","slug":"terra-aquatica"}],"_links":{"self":[{"href":"https:\/\/puregrowshop.com\/fr\/wp-json\/wp\/v2\/product\/11797","targetHints":{"allow":["GET"]}}],"collection":[{"href":"https:\/\/puregrowshop.com\/fr\/wp-json\/wp\/v2\/product"}],"about":[{"href":"https:\/\/puregrowshop.com\/fr\/wp-json\/wp\/v2\/types\/product"}],"replies":[{"embeddable":true,"href":"https:\/\/puregrowshop.com\/fr\/wp-json\/wp\/v2\/comments?post=11797"}],"wp:featuredmedia":[{"embeddable":true,"href":"https:\/\/puregrowshop.com\/fr\/wp-json\/wp\/v2\/media\/10268"}],"wp:attachment":[{"href":"https:\/\/puregrowshop.com\/fr\/wp-json\/wp\/v2\/media?parent=11797"}],"wp:term":[{"taxonomy":"pwb-brand","embeddable":true,"href":"https:\/\/puregrowshop.com\/fr\/wp-json\/wp\/v2\/pwb-brand?post=11797"},{"taxonomy":"product_brand","embeddable":true,"href":"https:\/\/puregrowshop.com\/fr\/wp-json\/wp\/v2\/product_brand?post=11797"},{"taxonomy":"product_cat","embeddable":true,"href":"https:\/\/puregrowshop.com\/fr\/wp-json\/wp\/v2\/product_cat?post=11797"},{"taxonomy":"product_tag","embeddable":true,"href":"https:\/\/puregrowshop.com\/fr\/wp-json\/wp\/v2\/product_tag?post=11797"}],"curies":[{"name":"wp","href":"https:\/\/api.w.org\/{rel}","templated":true}]}}