{"id":11796,"date":"2024-10-28T20:00:14","date_gmt":"2024-10-28T20:00:14","guid":{"rendered":"https:\/\/puregrowshop.com\/novamax-bloom-1-lt-terra-aquatica\/"},"modified":"2025-12-27T20:05:09","modified_gmt":"2025-12-27T20:05:09","slug":"novamax-bloom-1-lt-terra-aquatica","status":"publish","type":"product","link":"https:\/\/puregrowshop.com\/fr\/novamax-bloom-1-lt-terra-aquatica\/","title":{"rendered":"NovaMax Bloom 1 lt. Terra Aquatica"},"content":{"rendered":"<p>Presentamos el &quot;Nova Max Bloom 1 lt. Terra Aquatica&quot;, un fertilizante l\u00edquido de alta calidad dise\u00f1ado para maximizar el potencial de floraci\u00f3n de sus plantas. Ideal para cultivadores que buscan resultados excepcionales, este producto asegura una nutrici\u00f3n completa y equilibrada durante las etapas de floraci\u00f3n.<\/p>\n<ul>\n<li>Peso: 1.42 kg<\/li>\n<li>Categor\u00eda: Fertilizantes<\/li>\n<li>Formato: L\u00edquido concentrado<\/li>\n<li>Volumen: 1 litro<\/li>\n<\/ul>\n<h4>Beneficios y Usos<\/h4>\n<p>El &quot;Nova Max Bloom&quot; est\u00e1 formulado para promover el crecimiento explosivo de flores y aumentar el rendimiento de sus cultivos. Adecuado tanto para sistemas hidrop\u00f3nicos como para cultivos en tierra, garantiza una absorci\u00f3n \u00f3ptima de nutrientes esenciales, lo que resulta en flores m\u00e1s grandes y saludables. Ideal para jardineros y profesionales que buscan maximizar su producci\u00f3n.<\/p>\n<p>Composici\u00f3n:<\/p>\n<p>Este fertilizante contiene una mezcla precisa de macro y micronutrientes, incluyendo nitr\u00f3geno, f\u00f3sforo, potasio, y elementos traza, todos esenciales para el desarrollo completo de las plantas.<\/p>\n<p>Instrucciones de uso y dosificaci\u00f3n:<\/p>\n<p>Agite bien antes de usar. Para cultivos hidrop\u00f3nicos, mezcle 2 ml por litro de agua. En suelos, aplique 3 ml por litro de agua de riego. Ajuste la dosis seg\u00fan las necesidades espec\u00edficas de sus plantas y las condiciones de crecimiento. Utilizar durante toda la fase de floraci\u00f3n para obtener los mejores resultados.<\/p>\n","protected":false},"excerpt":{"rendered":"<p>Para todos m\u00e9todos de cultivo : aero-hidroponia, hidroponia o suelo<br \/>Abono l\u00edquido super-concentrado<br \/>La uni\u00f3n entre los m\u00e9todos de cultivo hidrop\u00f3nicos y org\u00e1nicos<br \/>Alto rendimiento para cualquier tipo de planta<br \/>F\u00f3rmula adaptada a todas las clases de agua; duras y blandas<br \/>Superconcentrado y con pH estabilizado<br \/>Se utiliza en hidropon\u00eda y en cultivos con y sin tierra<\/p>\n<p>FloraNova representa un descubrimiento extraordinario en tecnolog\u00eda de fertilizaci\u00f3n. Ofrece al usuario la fuerza de un concentrado seco y la sencillez de un l\u00edquido. Esta f\u00f3rmula \u00fanica de minerales altamente purificados y de aditivos naturales combina las ventajas del cultivo hidrop\u00f3nico y las del cultivo org\u00e1nico. FloraNova, f\u00f3rmula en una sola parte, es un abono completo y extremadamente concentrado. Una peque\u00f1a parte de FloraNova, mezclada con agua potable, ser\u00e1 suficiente para cubrir las necesidades de sus plantas, ya sea en hidropon\u00eda, con o sin tierra.<\/p>\n<p>FloraNova Grow :<br \/>Utilice FloraNova Grow para la fase vegetativa, durante el crecimiento, para optimizar el desarrollo estructural y la formaci\u00f3n de la masa foli\u00e1cea.<\/p>\n<p>FloraNova Bloom :<br \/>Utilice FloraNova Bloom durante la fase de floraci\u00f3n y de fructificaci\u00f3n de las plantas.<\/p>\n","protected":false},"featured_media":10266,"comment_status":"open","ping_status":"closed","template":"","meta":{"_bst_post_transparent":"","_bst_post_title":"","_bst_post_layout":"","_bst_post_sidebar_id":"","_bst_post_content_style":"","_bst_post_vertical_padding":"","_bst_post_feature":"","_bst_post_feature_position":"","_bst_post_header":false,"_bst_post_footer":false},"pwb-brand":[156],"product_brand":[],"product_cat":[39],"product_tag":[],"class_list":{"0":"post-11796","1":"product","2":"type-product","3":"status-publish","4":"has-post-thumbnail","6":"pwb-brand-terra-aquatica","7":"product_cat-fertilizantes","9":"first","10":"instock","11":"sale","12":"taxable","13":"shipping-taxable","14":"purchasable","15":"product-type-simple","16":"entry","17":"content-bg","18":"loop-entry"},"brands":[{"id":156,"name":"Terra Aquatica","slug":"terra-aquatica"}],"_links":{"self":[{"href":"https:\/\/puregrowshop.com\/fr\/wp-json\/wp\/v2\/product\/11796","targetHints":{"allow":["GET"]}}],"collection":[{"href":"https:\/\/puregrowshop.com\/fr\/wp-json\/wp\/v2\/product"}],"about":[{"href":"https:\/\/puregrowshop.com\/fr\/wp-json\/wp\/v2\/types\/product"}],"replies":[{"embeddable":true,"href":"https:\/\/puregrowshop.com\/fr\/wp-json\/wp\/v2\/comments?post=11796"}],"wp:featuredmedia":[{"embeddable":true,"href":"https:\/\/puregrowshop.com\/fr\/wp-json\/wp\/v2\/media\/10266"}],"wp:attachment":[{"href":"https:\/\/puregrowshop.com\/fr\/wp-json\/wp\/v2\/media?parent=11796"}],"wp:term":[{"taxonomy":"pwb-brand","embeddable":true,"href":"https:\/\/puregrowshop.com\/fr\/wp-json\/wp\/v2\/pwb-brand?post=11796"},{"taxonomy":"product_brand","embeddable":true,"href":"https:\/\/puregrowshop.com\/fr\/wp-json\/wp\/v2\/product_brand?post=11796"},{"taxonomy":"product_cat","embeddable":true,"href":"https:\/\/puregrowshop.com\/fr\/wp-json\/wp\/v2\/product_cat?post=11796"},{"taxonomy":"product_tag","embeddable":true,"href":"https:\/\/puregrowshop.com\/fr\/wp-json\/wp\/v2\/product_tag?post=11796"}],"curies":[{"name":"wp","href":"https:\/\/api.w.org\/{rel}","templated":true}]}}