{"id":11795,"date":"2024-10-28T20:00:13","date_gmt":"2024-10-28T20:00:13","guid":{"rendered":"https:\/\/puregrowshop.com\/novamax-bloom-500-ml-terra-aquatica\/"},"modified":"2025-12-27T20:05:00","modified_gmt":"2025-12-27T20:05:00","slug":"novamax-bloom-500-ml-terra-aquatica","status":"publish","type":"product","link":"https:\/\/puregrowshop.com\/fr\/novamax-bloom-500-ml-terra-aquatica\/","title":{"rendered":"NovaMax  Bloom 500 ml. Terra Aquatica"},"content":{"rendered":"<p>El Nova Max Bloom 500 ml de Terra Aquatica es el aliado perfecto para aquellos que buscan maximizar el potencial de floraci\u00f3n en sus cultivos. Dise\u00f1ado para proporcionar todos los nutrientes esenciales, este fertilizante asegura un crecimiento vigoroso y una floraci\u00f3n abundante, ideal para jardineros y cultivadores profesionales que desean resultados \u00f3ptimos.<\/p>\n<ul>\n<li>Peso: 705 gramos<\/li>\n<li>Categor\u00eda: Fertilizantes<\/li>\n<li>Volumen: 500 ml<\/li>\n<li>Marca: Terra Aquatica<\/li>\n<\/ul>\n<p>Este fertilizante est\u00e1 espec\u00edficamente formulado para estimular el desarrollo de flores vibrantes y saludables. Proporciona un equilibrio perfecto de nutrientes esenciales que promueven la floraci\u00f3n robusta y prolongada, mejorando el rendimiento y la calidad de las cosechas.<\/p>\n<p>Composici\u00f3n: Nova Max Bloom combina macro y micronutrientes que son cr\u00edticos para el proceso de floraci\u00f3n, incluyendo nitr\u00f3geno, f\u00f3sforo y potasio, adem\u00e1s de microelementos quelatados para una absorci\u00f3n eficiente.<\/p>\n<p>Instrucciones de uso y dosificaci\u00f3n: Agite bien antes de usar. Mezcle 2-3 ml por litro de agua y aplique durante la fase de floraci\u00f3n. Use semanalmente para obtener los mejores resultados y ajuste seg\u00fan las recomendaciones espec\u00edficas de cultivo.<\/p>\n","protected":false},"excerpt":{"rendered":"<p>Para todos m\u00e9todos de cultivo : aero-hidroponia, hidroponia o suelo<br \/>Abono l\u00edquido super-concentrado<br \/>La uni\u00f3n entre los m\u00e9todos de cultivo hidrop\u00f3nicos y org\u00e1nicos<br \/>Alto rendimiento para cualquier tipo de planta<br \/>F\u00f3rmula adaptada a todas las clases de agua; duras y blandas<br \/>Superconcentrado y con pH estabilizado<br \/>Se utiliza en hidropon\u00eda y en cultivos con y sin tierra<\/p>\n<p>FloraNova representa un descubrimiento extraordinario en tecnolog\u00eda de fertilizaci\u00f3n. Ofrece al usuario la fuerza de un concentrado seco y la sencillez de un l\u00edquido. Esta f\u00f3rmula \u00fanica de minerales altamente purificados y de aditivos naturales combina las ventajas del cultivo hidrop\u00f3nico y las del cultivo org\u00e1nico. FloraNova, f\u00f3rmula en una sola parte, es un abono completo y extremadamente concentrado. Una peque\u00f1a parte de FloraNova, mezclada con agua potable, ser\u00e1 suficiente para cubrir las necesidades de sus plantas, ya sea en hidropon\u00eda, con o sin tierra.<\/p>\n<p>FloraNova Grow :<br \/>Utilice FloraNova Grow para la fase vegetativa, durante el crecimiento, para optimizar el desarrollo estructural y la formaci\u00f3n de la masa foli\u00e1cea.<\/p>\n<p>FloraNova Bloom :<br \/>Utilice FloraNova Bloom durante la fase de floraci\u00f3n y de fructificaci\u00f3n de las plantas.<\/p>\n","protected":false},"featured_media":10264,"comment_status":"open","ping_status":"closed","template":"","meta":{"_bst_post_transparent":"","_bst_post_title":"","_bst_post_layout":"","_bst_post_sidebar_id":"","_bst_post_content_style":"","_bst_post_vertical_padding":"","_bst_post_feature":"","_bst_post_feature_position":"","_bst_post_header":false,"_bst_post_footer":false},"pwb-brand":[156],"product_brand":[],"product_cat":[39],"product_tag":[],"class_list":{"0":"post-11795","1":"product","2":"type-product","3":"status-publish","4":"has-post-thumbnail","6":"pwb-brand-terra-aquatica","7":"product_cat-fertilizantes","9":"first","10":"instock","11":"sale","12":"taxable","13":"shipping-taxable","14":"purchasable","15":"product-type-simple","16":"entry","17":"content-bg","18":"loop-entry"},"brands":[{"id":156,"name":"Terra Aquatica","slug":"terra-aquatica"}],"_links":{"self":[{"href":"https:\/\/puregrowshop.com\/fr\/wp-json\/wp\/v2\/product\/11795","targetHints":{"allow":["GET"]}}],"collection":[{"href":"https:\/\/puregrowshop.com\/fr\/wp-json\/wp\/v2\/product"}],"about":[{"href":"https:\/\/puregrowshop.com\/fr\/wp-json\/wp\/v2\/types\/product"}],"replies":[{"embeddable":true,"href":"https:\/\/puregrowshop.com\/fr\/wp-json\/wp\/v2\/comments?post=11795"}],"wp:featuredmedia":[{"embeddable":true,"href":"https:\/\/puregrowshop.com\/fr\/wp-json\/wp\/v2\/media\/10264"}],"wp:attachment":[{"href":"https:\/\/puregrowshop.com\/fr\/wp-json\/wp\/v2\/media?parent=11795"}],"wp:term":[{"taxonomy":"pwb-brand","embeddable":true,"href":"https:\/\/puregrowshop.com\/fr\/wp-json\/wp\/v2\/pwb-brand?post=11795"},{"taxonomy":"product_brand","embeddable":true,"href":"https:\/\/puregrowshop.com\/fr\/wp-json\/wp\/v2\/product_brand?post=11795"},{"taxonomy":"product_cat","embeddable":true,"href":"https:\/\/puregrowshop.com\/fr\/wp-json\/wp\/v2\/product_cat?post=11795"},{"taxonomy":"product_tag","embeddable":true,"href":"https:\/\/puregrowshop.com\/fr\/wp-json\/wp\/v2\/product_tag?post=11795"}],"curies":[{"name":"wp","href":"https:\/\/api.w.org\/{rel}","templated":true}]}}