{"id":11793,"date":"2024-10-28T20:00:12","date_gmt":"2024-10-28T20:00:12","guid":{"rendered":"https:\/\/puregrowshop.com\/flashclean-5-lt-terra-aquatica\/"},"modified":"2025-12-27T20:05:00","modified_gmt":"2025-12-27T20:05:00","slug":"flashclean-5-lt-terra-aquatica","status":"publish","type":"product","link":"https:\/\/puregrowshop.com\/fr\/flashclean-5-lt-terra-aquatica\/","title":{"rendered":"FlashClean  5 lt.  Terra Aquatica"},"content":{"rendered":"<p>Presentamos el &quot;Flash Clean 5 lt. Terra Aquatica&quot;, un producto innovador dise\u00f1ado para revitalizar tus plantas y optimizar el rendimiento de tus cultivos. Este limpiador de nutrientes es esencial para cualquier jardinero que desee mantener un entorno de cultivo limpio y saludable.<\/p>\n<ul>\n<li>Peso: 5.4 kg<\/li>\n<li>Categor\u00edas: Fertilizantes<\/li>\n<li>Capacidad: 5 litros<\/li>\n<li>Marca: Terra Aquatica<\/li>\n<\/ul>\n<h4>Beneficios y Usos<\/h4>\n<p>El &quot;Flash Clean&quot; act\u00faa eficientemente para eliminar residuos de nutrientes, sales acumuladas y minerales no deseados, asegurando as\u00ed la mejor absorci\u00f3n de nutrientes por parte de tus plantas. Perfecto para su uso en sistemas hidrop\u00f3nicos, cultivos en tierra y en cualquier etapa del ciclo de crecimiento. Mejora la salud general de las ra\u00edces y potencia el vigor de las plantas.<\/p>\n<p>Composici\u00f3n:<\/p>\n<p>Formulado con una mezcla especial de ingredientes que limpian y acondicionan sin da\u00f1ar las ra\u00edces o el medio de cultivo.<\/p>\n<p>Instrucciones de Uso y Dosificaci\u00f3n:<\/p>\n<p>Agitar bien antes de usar. Para sistemas hidrop\u00f3nicos, a\u00f1adir 1-2 ml por litro de agua durante la \u00faltima semana de cultivo. Para cultivos en tierra, utilizar 1 ml por litro de agua. Aseg\u00farese de drenar adecuadamente el exceso de soluci\u00f3n para maximizar los beneficios. Utilizar cada dos semanas para mantener un entorno saludable y libre de residuos.<\/p>\n","protected":false},"excerpt":{"rendered":"<p>Es un producto l\u00edquido muy concentrado destinado a eliminar los residuos de sales y abonos que puedan acumularse en cultivos con sistemas hidrop\u00f3nicos, tierra y cualquier tipo de sustrato.<\/p>\n<p>Asimismo, adem\u00e1s de disolver las sales acumuladas, reduce el posible estr\u00e9s sufrido por la planta, mejora la absorci\u00f3n de nutrientes y sirve de nutriente a la vida macrobiana beneficiosa del medio de cultivo.<\/p>\n<p>Puede tambi\u00e9n utilizarse para realizar el lavado final de ra\u00edces.<\/p>\n<p>Puede usarse durante todo el ciclo de la planta, todo el crecimiento vegetativo y hasta final de floraci\u00f3n.<\/p>\n","protected":false},"featured_media":10260,"comment_status":"open","ping_status":"closed","template":"","meta":{"_bst_post_transparent":"","_bst_post_title":"","_bst_post_layout":"","_bst_post_sidebar_id":"","_bst_post_content_style":"","_bst_post_vertical_padding":"","_bst_post_feature":"","_bst_post_feature_position":"","_bst_post_header":false,"_bst_post_footer":false},"pwb-brand":[156],"product_brand":[],"product_cat":[39],"product_tag":[],"class_list":{"0":"post-11793","1":"product","2":"type-product","3":"status-publish","4":"has-post-thumbnail","6":"pwb-brand-terra-aquatica","7":"product_cat-fertilizantes","9":"first","10":"instock","11":"sale","12":"taxable","13":"shipping-taxable","14":"purchasable","15":"product-type-simple","16":"entry","17":"content-bg","18":"loop-entry"},"brands":[{"id":156,"name":"Terra Aquatica","slug":"terra-aquatica"}],"_links":{"self":[{"href":"https:\/\/puregrowshop.com\/fr\/wp-json\/wp\/v2\/product\/11793","targetHints":{"allow":["GET"]}}],"collection":[{"href":"https:\/\/puregrowshop.com\/fr\/wp-json\/wp\/v2\/product"}],"about":[{"href":"https:\/\/puregrowshop.com\/fr\/wp-json\/wp\/v2\/types\/product"}],"replies":[{"embeddable":true,"href":"https:\/\/puregrowshop.com\/fr\/wp-json\/wp\/v2\/comments?post=11793"}],"wp:featuredmedia":[{"embeddable":true,"href":"https:\/\/puregrowshop.com\/fr\/wp-json\/wp\/v2\/media\/10260"}],"wp:attachment":[{"href":"https:\/\/puregrowshop.com\/fr\/wp-json\/wp\/v2\/media?parent=11793"}],"wp:term":[{"taxonomy":"pwb-brand","embeddable":true,"href":"https:\/\/puregrowshop.com\/fr\/wp-json\/wp\/v2\/pwb-brand?post=11793"},{"taxonomy":"product_brand","embeddable":true,"href":"https:\/\/puregrowshop.com\/fr\/wp-json\/wp\/v2\/product_brand?post=11793"},{"taxonomy":"product_cat","embeddable":true,"href":"https:\/\/puregrowshop.com\/fr\/wp-json\/wp\/v2\/product_cat?post=11793"},{"taxonomy":"product_tag","embeddable":true,"href":"https:\/\/puregrowshop.com\/fr\/wp-json\/wp\/v2\/product_tag?post=11793"}],"curies":[{"name":"wp","href":"https:\/\/api.w.org\/{rel}","templated":true}]}}